{"id":989,"date":"2025-10-15T18:46:31","date_gmt":"2025-10-15T18:46:31","guid":{"rendered":"https:\/\/vetaustral.com.ar\/?post_type=product&#038;p=989"},"modified":"2026-01-27T22:27:37","modified_gmt":"2026-01-27T22:27:37","slug":"nexgard-combo-hasta-25-kg-boehringer-ingelheim","status":"publish","type":"product","link":"https:\/\/vetaustral.com.ar\/?product=nexgard-combo-hasta-25-kg-boehringer-ingelheim","title":{"rendered":"Nexgard combo hasta 2,5 kg &#8211; Boehringer Ingelheim"},"content":{"rendered":"<p>Contiene 1 pipeta spot-on de 0,3 ml.<\/p>\n<p>Esofoxolaner\/eprinomectina\/praziquantel.<\/p>\n<p><strong>NexGard<sup>\u00ae<\/sup>\u00a0COMBO es el antiparasitario de m\u00e1s amplio espectro desarrollado espec\u00edficamente para gatos.<\/strong><\/p>\n<div class=\"text-with-supporting-bullet__left col-md-12 col-lg-6\">\n<ul class=\"field field--name-field-bullet-text-area-1 field--type-entity-reference-revisions field--label-hidden field__items\">\n<li class=\"field__item\">Protecci\u00f3n de hasta un mes para tu mascota.<\/li>\n<li class=\"field__item\">Aplicador t\u00f3pico c\u00f3modo y preciso en presentaci\u00f3n de pipeta.<\/li>\n<li class=\"field__item\">Controla las tenias, un factor muy importante en gatos.<\/li>\n<\/ul>\n<\/div>\n<div class=\"text-with-supporting-bullet__right col-md-12 col-lg-6\">\n<ul class=\"field field--name-field-bullet-text-area-2 field--type-entity-reference-revisions field--label-hidden field__items\">\n<li class=\"field__item\">Mata, trata y controla pulgas, \u00a0garrapatas, \u00e1caros \u00a0y par\u00e1sitos internos de los gatos.<\/li>\n<li class=\"field__item\">Protege a los gatos desde 8 semanas de edad \u00a0y 0,8 KG.<\/li>\n<li class=\"field__item\">Es apto para madres pre\u00f1adas y lactantes.<\/li>\n<\/ul>\n<p>Boehringer Ingelheim<\/p>\n<\/div>\n","protected":false},"excerpt":{"rendered":"<p>Contiene 1 pipeta spot-on de 0,3 ml. Esofoxolaner\/eprinomectina\/praziquantel. NexGard\u00ae\u00a0COMBO es el antiparasitario de m\u00e1s amplio espectro desarrollado espec\u00edficamente para gatos. Protecci\u00f3n de hasta un mes para tu mascota. Aplicador t\u00f3pico c\u00f3modo y preciso en presentaci\u00f3n de pipeta. Controla las tenias, un factor muy importante en gatos. Mata, trata y controla pulgas, \u00a0garrapatas, \u00e1caros \u00a0y par\u00e1sitos &#8230; <a title=\"Nexgard combo hasta 2,5 kg &#8211; Boehringer Ingelheim\" class=\"read-more\" href=\"https:\/\/vetaustral.com.ar\/?product=nexgard-combo-hasta-25-kg-boehringer-ingelheim\" aria-label=\"Leer m\u00e1s sobre Nexgard combo hasta 2,5 kg &#8211; Boehringer Ingelheim\">Leer m\u00e1s<\/a><\/p>\n","protected":false},"featured_media":990,"comment_status":"open","ping_status":"closed","template":"","meta":[],"product_brand":[64],"product_cat":[36,32],"product_tag":[65,71,66,70,69],"class_list":{"0":"post-989","1":"product","2":"type-product","3":"status-publish","4":"has-post-thumbnail","6":"product_brand-boehringer-ingelheim","7":"product_cat-animales-de-compania","8":"product_cat-farmacia","9":"product_tag-antiparasitario-externo","10":"product_tag-antiparasitario-interno","11":"product_tag-antisarnico","12":"product_tag-garrapaticida","13":"product_tag-pulguicida","14":"sales-flash-overlay","15":"woocommerce-text-align-center","16":"woocommerce-image-align-center","17":"do-quantity-buttons","19":"first","20":"instock","21":"taxable","22":"shipping-taxable","23":"purchasable","24":"product-type-simple"},"jetpack_sharing_enabled":true,"_links":{"self":[{"href":"https:\/\/vetaustral.com.ar\/index.php?rest_route=\/wp\/v2\/product\/989","targetHints":{"allow":["GET"]}}],"collection":[{"href":"https:\/\/vetaustral.com.ar\/index.php?rest_route=\/wp\/v2\/product"}],"about":[{"href":"https:\/\/vetaustral.com.ar\/index.php?rest_route=\/wp\/v2\/types\/product"}],"replies":[{"embeddable":true,"href":"https:\/\/vetaustral.com.ar\/index.php?rest_route=%2Fwp%2Fv2%2Fcomments&post=989"}],"wp:featuredmedia":[{"embeddable":true,"href":"https:\/\/vetaustral.com.ar\/index.php?rest_route=\/wp\/v2\/media\/990"}],"wp:attachment":[{"href":"https:\/\/vetaustral.com.ar\/index.php?rest_route=%2Fwp%2Fv2%2Fmedia&parent=989"}],"wp:term":[{"taxonomy":"product_brand","embeddable":true,"href":"https:\/\/vetaustral.com.ar\/index.php?rest_route=%2Fwp%2Fv2%2Fproduct_brand&post=989"},{"taxonomy":"product_cat","embeddable":true,"href":"https:\/\/vetaustral.com.ar\/index.php?rest_route=%2Fwp%2Fv2%2Fproduct_cat&post=989"},{"taxonomy":"product_tag","embeddable":true,"href":"https:\/\/vetaustral.com.ar\/index.php?rest_route=%2Fwp%2Fv2%2Fproduct_tag&post=989"}],"curies":[{"name":"wp","href":"https:\/\/api.w.org\/{rel}","templated":true}]}}