{"id":983,"date":"2025-10-15T18:37:46","date_gmt":"2025-10-15T18:37:46","guid":{"rendered":"https:\/\/vetaustral.com.ar\/?post_type=product&#038;p=983"},"modified":"2026-03-02T13:34:10","modified_gmt":"2026-03-02T13:34:10","slug":"dermomax-brouwer","status":"publish","type":"product","link":"https:\/\/vetaustral.com.ar\/?product=dermomax-brouwer","title":{"rendered":"Dermomax x 15 gr &#8211; Brouwer"},"content":{"rendered":"<p>Contiene 1 pomo en crema x 15 gr.<\/p>\n<p><span class=\"justificado\">Tratamiento de lesiones dermatol\u00f3gicas de etiolog\u00eda diversa, incluyendo infecciones bacterianas y mic\u00f3ticas, traum\u00e1ticas y de origen al\u00e9rgico.<\/span><\/p>\n<ul>\n<li>Antibacteriano, antimic\u00f3tico, antiinflamatorio, antipruriginoso, antial\u00e9rgico, anest\u00e9sico, cicatrizante, epitelizante.<\/li>\n<li>Para caninos y felinos.<\/li>\n<li>En crema.<\/li>\n<\/ul>\n<p>Cada 100 g contiene:<br \/>\nGentamicina \u2026\u2026\u2026\u2026\u2026\u2026\u2026. 0,12 g<br \/>\nClotrimazol \u2026\u2026\u2026\u2026\u2026\u2026\u2026\u2026\u2026 1 g<br \/>\nBetametasona \u2026\u2026\u2026\u2026\u2026\u2026. 0,12 g<br \/>\nLidoca\u00edna \u2026\u2026\u2026\u2026\u2026\u2026\u2026\u2026.. 0,50 g<br \/>\nVitamina A \u2026\u2026\u2026\u2026\u2026\u2026\u2026\u2026 0,06 g<br \/>\nExcipientes \u00a0c.s.p. \u2026\u2026\u2026\u2026\u2026. 100 g<\/p>\n<p><span class=\"justificado\">Aplicado sobre la piel presenta:<br \/>\n<\/span><span class=\"justificado\"><br \/>\n\u2022 Fuerte actividad antimicrobiana, cubriendo el espectro bacteriano y mic\u00f3tico com\u00fan en dermatolog\u00eda de <strong>caninos y felinos.<\/strong><br \/>\n\u2022 Acci\u00f3n antiinflamatoria local, que permite resolver los procesos en los cuales la inflamaci\u00f3n juega un rol de importancia.<br \/>\n\u2022 Acci\u00f3n anest\u00e9sica local, por lo cual calma de inmediato el prurito y el dolor caracter\u00edsticos de estas patolog\u00edas.<br \/>\n\u2022 Efecto protector cut\u00e1neo y estimulante de la regeneraci\u00f3n de la epidermis y la cicatrizaci\u00f3n.<\/span><\/p>\n","protected":false},"excerpt":{"rendered":"<p>Contiene 1 pomo en crema x 15 gr. Tratamiento de lesiones dermatol\u00f3gicas de etiolog\u00eda diversa, incluyendo infecciones bacterianas y mic\u00f3ticas, traum\u00e1ticas y de origen al\u00e9rgico. Antibacteriano, antimic\u00f3tico, antiinflamatorio, antipruriginoso, antial\u00e9rgico, anest\u00e9sico, cicatrizante, epitelizante. Para caninos y felinos. En crema. Cada 100 g contiene: Gentamicina \u2026\u2026\u2026\u2026\u2026\u2026\u2026. 0,12 g Clotrimazol \u2026\u2026\u2026\u2026\u2026\u2026\u2026\u2026\u2026 1 g Betametasona \u2026\u2026\u2026\u2026\u2026\u2026. 0,12 g &#8230; <a title=\"Dermomax x 15 gr &#8211; Brouwer\" class=\"read-more\" href=\"https:\/\/vetaustral.com.ar\/?product=dermomax-brouwer\" aria-label=\"Leer m\u00e1s sobre Dermomax x 15 gr &#8211; Brouwer\">Leer m\u00e1s<\/a><\/p>\n","protected":false},"featured_media":991,"comment_status":"open","ping_status":"closed","template":"","meta":[],"product_brand":[72],"product_cat":[36,32],"product_tag":[49,76,75,39,53,44,73,74,77,48],"class_list":{"0":"post-983","1":"product","2":"type-product","3":"status-publish","4":"has-post-thumbnail","6":"product_brand-brouwer","7":"product_cat-animales-de-compania","8":"product_cat-farmacia","9":"product_tag-analgesico","10":"product_tag-anestesico","11":"product_tag-antialergico","12":"product_tag-antibacteriano","13":"product_tag-antibiotico","14":"product_tag-antiinflamatorio","15":"product_tag-antimicotico","16":"product_tag-antipruriginoso","17":"product_tag-cicatrizante","18":"product_tag-esteroide","19":"sales-flash-overlay","20":"woocommerce-text-align-center","21":"woocommerce-image-align-center","22":"do-quantity-buttons","24":"first","25":"instock","26":"taxable","27":"shipping-taxable","28":"purchasable","29":"product-type-simple"},"jetpack_sharing_enabled":true,"_links":{"self":[{"href":"https:\/\/vetaustral.com.ar\/index.php?rest_route=\/wp\/v2\/product\/983","targetHints":{"allow":["GET"]}}],"collection":[{"href":"https:\/\/vetaustral.com.ar\/index.php?rest_route=\/wp\/v2\/product"}],"about":[{"href":"https:\/\/vetaustral.com.ar\/index.php?rest_route=\/wp\/v2\/types\/product"}],"replies":[{"embeddable":true,"href":"https:\/\/vetaustral.com.ar\/index.php?rest_route=%2Fwp%2Fv2%2Fcomments&post=983"}],"wp:featuredmedia":[{"embeddable":true,"href":"https:\/\/vetaustral.com.ar\/index.php?rest_route=\/wp\/v2\/media\/991"}],"wp:attachment":[{"href":"https:\/\/vetaustral.com.ar\/index.php?rest_route=%2Fwp%2Fv2%2Fmedia&parent=983"}],"wp:term":[{"taxonomy":"product_brand","embeddable":true,"href":"https:\/\/vetaustral.com.ar\/index.php?rest_route=%2Fwp%2Fv2%2Fproduct_brand&post=983"},{"taxonomy":"product_cat","embeddable":true,"href":"https:\/\/vetaustral.com.ar\/index.php?rest_route=%2Fwp%2Fv2%2Fproduct_cat&post=983"},{"taxonomy":"product_tag","embeddable":true,"href":"https:\/\/vetaustral.com.ar\/index.php?rest_route=%2Fwp%2Fv2%2Fproduct_tag&post=983"}],"curies":[{"name":"wp","href":"https:\/\/api.w.org\/{rel}","templated":true}]}}