{"id":981,"date":"2025-10-15T18:33:13","date_gmt":"2025-10-15T18:33:13","guid":{"rendered":"https:\/\/vetaustral.com.ar\/?post_type=product&#038;p=981"},"modified":"2026-03-02T13:34:37","modified_gmt":"2026-03-02T13:34:37","slug":"artrin-plus-brouwer","status":"publish","type":"product","link":"https:\/\/vetaustral.com.ar\/?product=artrin-plus-brouwer","title":{"rendered":"Artrin Plus x 18 comp &#8211; Brouwer"},"content":{"rendered":"<p>Contiene 3 bl\u00edster de 6 comprimidos.<\/p>\n<ul>\n<li>Analg\u00e9sico, antinflamatorio, condroprotector y regenerador del cartilago articular. Disminuye la inflamaci\u00f3n y el dolor.<\/li>\n<li>Para caninos.<\/li>\n<li>En comprimidos palatables.<\/li>\n<\/ul>\n<p class=\"style6\" align=\"justify\">Cada comprimido contiene:<\/p>\n<p class=\"style6\" align=\"justify\">Carprofeno \u2026\u2026\u2026\u2026\u2026\u2026\u2026 110 mg<br \/>\nGlucosamina sulfato \u2026\u2026\u2026 500 mg<br \/>\nCondroit\u00edn sulfato \u2026\u2026\u2026.. 100 mg<br \/>\nManganeso \u2026\u2026\u2026\u2026\u2026\u2026\u2026. 10 mg<br \/>\nExcipientes c.s.p \u2026\u2026\u2026\u2026.. 2000 mg<\/p>\n<p><strong>Artrin Plus<\/strong> esta indicado para el tratamiento de las enfermedades articulares degenerativas graves tanto en su fase inicial como en los momentos que haya una agudizaci\u00f3n del dolor: artrosis (primaria y secundaria), artritis, osteocondroartrosis, espondilosis, espondiloartrosis anquilosante y procesos degenerativos articulares y tendinosos.<\/p>\n<p>Para situaciones de inmovilizaci\u00f3n de articulaciones por vendajes, cirug\u00eda u otros motivos.<\/p>\n<p>Tratamiento inicial en la calcificaci\u00f3n de los discos intervertebrales.<\/p>\n<p>Para casos de animales con desgaste articular debido a ejercicio elevado, sobrepeso y edad avanzada.<\/p>\n<p>Puede sugerirse el siguiente esquema de dosificaci\u00f3n de acuerdo a rangos de pesos<br \/>\nCaninos:<\/p>\n<p>Entre 3 y 7,5 kg 1\/4 comp cada 24 hs \/ Entre 8 y 15 kg 1\/2 comp cada 24 hs<br \/>\nEntre 15 y 25 kg 3\/4 comp cada 24 hs \/ Mayores a 25 kg 1 comp cada 24 hs<\/p>\n<p><strong>No administrar en gatos.<\/strong><\/p>\n<p>Brouwer<\/p>\n<p>&nbsp;<\/p>\n","protected":false},"excerpt":{"rendered":"<p>Contiene 3 bl\u00edster de 6 comprimidos. Analg\u00e9sico, antinflamatorio, condroprotector y regenerador del cartilago articular. Disminuye la inflamaci\u00f3n y el dolor. Para caninos. En comprimidos palatables. Cada comprimido contiene: Carprofeno \u2026\u2026\u2026\u2026\u2026\u2026\u2026 110 mg Glucosamina sulfato \u2026\u2026\u2026 500 mg Condroit\u00edn sulfato \u2026\u2026\u2026.. 100 mg Manganeso \u2026\u2026\u2026\u2026\u2026\u2026\u2026. 10 mg Excipientes c.s.p \u2026\u2026\u2026\u2026.. 2000 mg Artrin Plus esta indicado &#8230; <a title=\"Artrin Plus x 18 comp &#8211; Brouwer\" class=\"read-more\" href=\"https:\/\/vetaustral.com.ar\/?product=artrin-plus-brouwer\" aria-label=\"Leer m\u00e1s sobre Artrin Plus x 18 comp &#8211; Brouwer\">Leer m\u00e1s<\/a><\/p>\n","protected":false},"featured_media":986,"comment_status":"open","ping_status":"closed","template":"","meta":[],"product_brand":[72],"product_cat":[36,32],"product_tag":[49,44,78,51,67,79],"class_list":{"0":"post-981","1":"product","2":"type-product","3":"status-publish","4":"has-post-thumbnail","6":"product_brand-brouwer","7":"product_cat-animales-de-compania","8":"product_cat-farmacia","9":"product_tag-analgesico","10":"product_tag-antiinflamatorio","11":"product_tag-condroprotector","12":"product_tag-no-esteroide","13":"product_tag-palatable","14":"product_tag-regenerador-del-cartilago-articular","15":"sales-flash-overlay","16":"woocommerce-text-align-center","17":"woocommerce-image-align-center","18":"do-quantity-buttons","20":"first","21":"instock","22":"taxable","23":"shipping-taxable","24":"purchasable","25":"product-type-simple"},"jetpack_sharing_enabled":true,"_links":{"self":[{"href":"https:\/\/vetaustral.com.ar\/index.php?rest_route=\/wp\/v2\/product\/981","targetHints":{"allow":["GET"]}}],"collection":[{"href":"https:\/\/vetaustral.com.ar\/index.php?rest_route=\/wp\/v2\/product"}],"about":[{"href":"https:\/\/vetaustral.com.ar\/index.php?rest_route=\/wp\/v2\/types\/product"}],"replies":[{"embeddable":true,"href":"https:\/\/vetaustral.com.ar\/index.php?rest_route=%2Fwp%2Fv2%2Fcomments&post=981"}],"wp:featuredmedia":[{"embeddable":true,"href":"https:\/\/vetaustral.com.ar\/index.php?rest_route=\/wp\/v2\/media\/986"}],"wp:attachment":[{"href":"https:\/\/vetaustral.com.ar\/index.php?rest_route=%2Fwp%2Fv2%2Fmedia&parent=981"}],"wp:term":[{"taxonomy":"product_brand","embeddable":true,"href":"https:\/\/vetaustral.com.ar\/index.php?rest_route=%2Fwp%2Fv2%2Fproduct_brand&post=981"},{"taxonomy":"product_cat","embeddable":true,"href":"https:\/\/vetaustral.com.ar\/index.php?rest_route=%2Fwp%2Fv2%2Fproduct_cat&post=981"},{"taxonomy":"product_tag","embeddable":true,"href":"https:\/\/vetaustral.com.ar\/index.php?rest_route=%2Fwp%2Fv2%2Fproduct_tag&post=981"}],"curies":[{"name":"wp","href":"https:\/\/api.w.org\/{rel}","templated":true}]}}