{"id":943,"date":"2025-10-09T21:18:01","date_gmt":"2025-10-09T21:18:01","guid":{"rendered":"https:\/\/vetaustral.com.ar\/?post_type=product&#038;p=943"},"modified":"2026-01-27T22:05:59","modified_gmt":"2026-01-27T22:05:59","slug":"formula-antiartrosica-x-1-litro-aton","status":"publish","type":"product","link":"https:\/\/vetaustral.com.ar\/?product=formula-antiartrosica-x-1-litro-aton","title":{"rendered":"F\u00f3rmula antiartr\u00f3sica x 1 litro &#8211; Aton"},"content":{"rendered":"<p><b>Presentaci\u00f3n:\u00a0<\/b>Frasco x 1 lt.<\/p>\n<p><b>F\u00f3rmula:<\/b>\u00a0Cada 100 ml. de suspensi\u00f3n contiene: Glucosamina sulfato como sal s\u00f3dica 25 grs., Condroitrin sulfato como sal s\u00f3dica 10 grs., Metilsulfonilmetano (MSM) 5 grs., \u00c1cido Asc\u00f3rbico 4 grs., Polvo deshidratado de Perna canal\u00edculus 4 grs., Excipientes y saborizantes csp 100 ml.<\/p>\n<p><b>Administraci\u00f3n:\u00a0<\/b>La duraci\u00f3n del tratamiento queda a criterio cl\u00ednico y de acuerdo a la evoluci\u00f3n del cuadro. La dosis recomendada por v\u00eda oral es la siguiente: Equinos: 10 a 30 cc.de suspensi\u00f3n oral cada 24 hs.<\/p>\n<p><strong>Indicaci\u00f3n:<\/strong> La F\u00f3rmula Antiartr\u00f3sica Aton es un antiartr\u00f3sico y protector del cart\u00edlago articular de origen natural. Tiene propiedades antiinflamatorias y se indica para el tratamiento del dolor y la inflamaci\u00f3n asociada a la osteoartritis canina y felina A.<\/p>\n<h1 class=\"profession\"><\/h1>\n","protected":false},"excerpt":{"rendered":"<p>Presentaci\u00f3n:\u00a0Frasco x 1 lt. F\u00f3rmula:\u00a0Cada 100 ml. de suspensi\u00f3n contiene: Glucosamina sulfato como sal s\u00f3dica 25 grs., Condroitrin sulfato como sal s\u00f3dica 10 grs., Metilsulfonilmetano (MSM) 5 grs., \u00c1cido Asc\u00f3rbico 4 grs., Polvo deshidratado de Perna canal\u00edculus 4 grs., Excipientes y saborizantes csp 100 ml. Administraci\u00f3n:\u00a0La duraci\u00f3n del tratamiento queda a criterio cl\u00ednico y de &#8230; <a title=\"F\u00f3rmula antiartr\u00f3sica x 1 litro &#8211; Aton\" class=\"read-more\" href=\"https:\/\/vetaustral.com.ar\/?product=formula-antiartrosica-x-1-litro-aton\" aria-label=\"Leer m\u00e1s sobre F\u00f3rmula antiartr\u00f3sica x 1 litro &#8211; Aton\">Leer m\u00e1s<\/a><\/p>\n","protected":false},"featured_media":944,"comment_status":"open","ping_status":"closed","template":"","meta":[],"product_brand":[55],"product_cat":[33,32],"product_tag":[63,47,58],"class_list":{"0":"post-943","1":"product","2":"type-product","3":"status-publish","4":"has-post-thumbnail","6":"product_brand-aton","7":"product_cat-equinos","8":"product_cat-farmacia","9":"product_tag-anti-artrosico","10":"product_tag-aton","11":"product_tag-equinos","12":"sales-flash-overlay","13":"woocommerce-text-align-center","14":"woocommerce-image-align-center","15":"do-quantity-buttons","17":"first","18":"instock","19":"taxable","20":"shipping-taxable","21":"purchasable","22":"product-type-simple"},"jetpack_sharing_enabled":true,"_links":{"self":[{"href":"https:\/\/vetaustral.com.ar\/index.php?rest_route=\/wp\/v2\/product\/943","targetHints":{"allow":["GET"]}}],"collection":[{"href":"https:\/\/vetaustral.com.ar\/index.php?rest_route=\/wp\/v2\/product"}],"about":[{"href":"https:\/\/vetaustral.com.ar\/index.php?rest_route=\/wp\/v2\/types\/product"}],"replies":[{"embeddable":true,"href":"https:\/\/vetaustral.com.ar\/index.php?rest_route=%2Fwp%2Fv2%2Fcomments&post=943"}],"wp:featuredmedia":[{"embeddable":true,"href":"https:\/\/vetaustral.com.ar\/index.php?rest_route=\/wp\/v2\/media\/944"}],"wp:attachment":[{"href":"https:\/\/vetaustral.com.ar\/index.php?rest_route=%2Fwp%2Fv2%2Fmedia&parent=943"}],"wp:term":[{"taxonomy":"product_brand","embeddable":true,"href":"https:\/\/vetaustral.com.ar\/index.php?rest_route=%2Fwp%2Fv2%2Fproduct_brand&post=943"},{"taxonomy":"product_cat","embeddable":true,"href":"https:\/\/vetaustral.com.ar\/index.php?rest_route=%2Fwp%2Fv2%2Fproduct_cat&post=943"},{"taxonomy":"product_tag","embeddable":true,"href":"https:\/\/vetaustral.com.ar\/index.php?rest_route=%2Fwp%2Fv2%2Fproduct_tag&post=943"}],"curies":[{"name":"wp","href":"https:\/\/api.w.org\/{rel}","templated":true}]}}