{"id":941,"date":"2025-10-09T20:08:28","date_gmt":"2025-10-09T20:08:28","guid":{"rendered":"https:\/\/vetaustral.com.ar\/?post_type=product&#038;p=941"},"modified":"2026-01-27T22:02:37","modified_gmt":"2026-01-27T22:02:37","slug":"mioforte-x-100-ml-aton","status":"publish","type":"product","link":"https:\/\/vetaustral.com.ar\/?product=mioforte-x-100-ml-aton","title":{"rendered":"Mioforte x 100 ml &#8211; Aton"},"content":{"rendered":"<p><b>Presentaci\u00f3n:\u00a0<\/b>Frasco de 100 ml.<\/p>\n<p><b>F\u00f3rmula:<\/b>\u00a0Cada 100 ml de la suspensi\u00f3n poseen: Aspartato de Potasio 1 grs, Aspartato de magnesio 1,5 grs, Glicocola 10 grs, Selenito de Sodio (equivalente a 45% Selenio) 10 grs, Metil parabeno 0.070 g, Propil parabeno 0.030 g, \u00c1cido Adenosin Trifosf\u00f3rico 0,100 g, Alcohol Benc\u00edlico 10.00ml, Agua destilada c.s.p. 100 ml.<\/p>\n<p><b>Propiedades Farmacol\u00f3gicas:\u00a0<\/b>T\u00f3nico Fosf\u00f3rico Reconstituyente indicado para equinos en estados de agotamiento f\u00edsico, carencias fosf\u00f3ricas en equinos deportivos, esfuerzos musculares y preparaci\u00f3n para la competencia.<\/p>\n<p><b>Administraci\u00f3n y dosificaci\u00f3n:\u00a0<\/b>: La dosis recomendada por v\u00eda endovenosa es la siguiente: Preventiva y\/o curativa: 2 a 4 ml\/100kg. P.V. diarios equivalente a (0.02 ml\/kg.).<\/p>\n<p><strong>Equinos deportivos.<\/strong><\/p>\n","protected":false},"excerpt":{"rendered":"<p>Presentaci\u00f3n:\u00a0Frasco de 100 ml. F\u00f3rmula:\u00a0Cada 100 ml de la suspensi\u00f3n poseen: Aspartato de Potasio 1 grs, Aspartato de magnesio 1,5 grs, Glicocola 10 grs, Selenito de Sodio (equivalente a 45% Selenio) 10 grs, Metil parabeno 0.070 g, Propil parabeno 0.030 g, \u00c1cido Adenosin Trifosf\u00f3rico 0,100 g, Alcohol Benc\u00edlico 10.00ml, Agua destilada c.s.p. 100 ml. Propiedades &#8230; <a title=\"Mioforte x 100 ml &#8211; Aton\" class=\"read-more\" href=\"https:\/\/vetaustral.com.ar\/?product=mioforte-x-100-ml-aton\" aria-label=\"Leer m\u00e1s sobre Mioforte x 100 ml &#8211; Aton\">Leer m\u00e1s<\/a><\/p>\n","protected":false},"featured_media":942,"comment_status":"open","ping_status":"closed","template":"","meta":[],"product_brand":[55],"product_cat":[33,32],"product_tag":[47,61,62],"class_list":{"0":"post-941","1":"product","2":"type-product","3":"status-publish","4":"has-post-thumbnail","6":"product_brand-aton","7":"product_cat-equinos","8":"product_cat-farmacia","9":"product_tag-aton","10":"product_tag-equinos-deportivos","11":"product_tag-tonico-muscular","12":"sales-flash-overlay","13":"woocommerce-text-align-center","14":"woocommerce-image-align-center","15":"do-quantity-buttons","17":"first","18":"instock","19":"taxable","20":"shipping-taxable","21":"purchasable","22":"product-type-simple"},"jetpack_sharing_enabled":true,"_links":{"self":[{"href":"https:\/\/vetaustral.com.ar\/index.php?rest_route=\/wp\/v2\/product\/941","targetHints":{"allow":["GET"]}}],"collection":[{"href":"https:\/\/vetaustral.com.ar\/index.php?rest_route=\/wp\/v2\/product"}],"about":[{"href":"https:\/\/vetaustral.com.ar\/index.php?rest_route=\/wp\/v2\/types\/product"}],"replies":[{"embeddable":true,"href":"https:\/\/vetaustral.com.ar\/index.php?rest_route=%2Fwp%2Fv2%2Fcomments&post=941"}],"wp:featuredmedia":[{"embeddable":true,"href":"https:\/\/vetaustral.com.ar\/index.php?rest_route=\/wp\/v2\/media\/942"}],"wp:attachment":[{"href":"https:\/\/vetaustral.com.ar\/index.php?rest_route=%2Fwp%2Fv2%2Fmedia&parent=941"}],"wp:term":[{"taxonomy":"product_brand","embeddable":true,"href":"https:\/\/vetaustral.com.ar\/index.php?rest_route=%2Fwp%2Fv2%2Fproduct_brand&post=941"},{"taxonomy":"product_cat","embeddable":true,"href":"https:\/\/vetaustral.com.ar\/index.php?rest_route=%2Fwp%2Fv2%2Fproduct_cat&post=941"},{"taxonomy":"product_tag","embeddable":true,"href":"https:\/\/vetaustral.com.ar\/index.php?rest_route=%2Fwp%2Fv2%2Fproduct_tag&post=941"}],"curies":[{"name":"wp","href":"https:\/\/api.w.org\/{rel}","templated":true}]}}