{"id":937,"date":"2025-10-09T19:42:02","date_gmt":"2025-10-09T19:42:02","guid":{"rendered":"https:\/\/vetaustral.com.ar\/?post_type=product&#038;p=937"},"modified":"2026-01-27T21:47:52","modified_gmt":"2026-01-27T21:47:52","slug":"atonil-x-250-ml-aton","status":"publish","type":"product","link":"https:\/\/vetaustral.com.ar\/?product=atonil-x-250-ml-aton","title":{"rendered":"Atonil x 250 ml &#8211; Aton"},"content":{"rendered":"<p><b>Presentaci\u00f3n:\u00a0<\/b>Frasco por 250 ml.<\/p>\n<p><b>F\u00f3rmula:<\/b>\u00a0Cada 100 ml. contiene: Sorbitol 21 g., D. L. Metionina 1,5 g., Acetil Metionina 4,5 g., Ester fosf\u00f3rico del Fosfato de tiamina equivalente a Vit B1 0,3 g., Agua Bidestilada c.s.p. 100 ml.<\/p>\n<p><b>Recomendaciones:\u00a0<\/b>El producto se presenta listo para usar. Se recomienda agitar bien el frasco antes de aplicar su contenido.<\/p>\n<p><b>Propiedades Farmacol\u00f3gicas:\u00a0<\/b>Su indicaci\u00f3n precisa est\u00e1 dada en todo aquel tratamiento en que se quiera favorecer el funcionamiento hep\u00e1tico. Por tal causa, se lo indica durante el curso de enfermedades infecciosas (bacterianas, v\u00edricas o etiolog\u00edas inciertas), parasitarias (distomatosis piroplasmosis, anaplasmosis, etc.), intoxicaciones medicamentosas, alimenticias por acci\u00f3n de estimulantes, etc.<\/p>\n<p><b>Posolog\u00eda y Administracion:\u00a0<\/b>V\u00eda parenteral por inyecci\u00f3n intramuscular o endovenosa.<br \/>\nEquinos 50-100 ml.; caninos y felinos, 1 ml. cada 10 kg. de peso.<\/p>\n","protected":false},"excerpt":{"rendered":"<p>Presentaci\u00f3n:\u00a0Frasco por 250 ml. F\u00f3rmula:\u00a0Cada 100 ml. contiene: Sorbitol 21 g., D. L. Metionina 1,5 g., Acetil Metionina 4,5 g., Ester fosf\u00f3rico del Fosfato de tiamina equivalente a Vit B1 0,3 g., Agua Bidestilada c.s.p. 100 ml. Recomendaciones:\u00a0El producto se presenta listo para usar. Se recomienda agitar bien el frasco antes de aplicar su contenido. &#8230; <a title=\"Atonil x 250 ml &#8211; Aton\" class=\"read-more\" href=\"https:\/\/vetaustral.com.ar\/?product=atonil-x-250-ml-aton\" aria-label=\"Leer m\u00e1s sobre Atonil x 250 ml &#8211; Aton\">Leer m\u00e1s<\/a><\/p>\n","protected":false},"featured_media":938,"comment_status":"open","ping_status":"closed","template":"","meta":[],"product_brand":[55],"product_cat":[36,33,32],"product_tag":[47,58,57],"class_list":{"0":"post-937","1":"product","2":"type-product","3":"status-publish","4":"has-post-thumbnail","6":"product_brand-aton","7":"product_cat-animales-de-compania","8":"product_cat-equinos","9":"product_cat-farmacia","10":"product_tag-aton","11":"product_tag-equinos","12":"product_tag-protector-hepatico","13":"sales-flash-overlay","14":"woocommerce-text-align-center","15":"woocommerce-image-align-center","16":"do-quantity-buttons","18":"first","19":"instock","20":"taxable","21":"shipping-taxable","22":"purchasable","23":"product-type-simple"},"jetpack_sharing_enabled":true,"_links":{"self":[{"href":"https:\/\/vetaustral.com.ar\/index.php?rest_route=\/wp\/v2\/product\/937","targetHints":{"allow":["GET"]}}],"collection":[{"href":"https:\/\/vetaustral.com.ar\/index.php?rest_route=\/wp\/v2\/product"}],"about":[{"href":"https:\/\/vetaustral.com.ar\/index.php?rest_route=\/wp\/v2\/types\/product"}],"replies":[{"embeddable":true,"href":"https:\/\/vetaustral.com.ar\/index.php?rest_route=%2Fwp%2Fv2%2Fcomments&post=937"}],"wp:featuredmedia":[{"embeddable":true,"href":"https:\/\/vetaustral.com.ar\/index.php?rest_route=\/wp\/v2\/media\/938"}],"wp:attachment":[{"href":"https:\/\/vetaustral.com.ar\/index.php?rest_route=%2Fwp%2Fv2%2Fmedia&parent=937"}],"wp:term":[{"taxonomy":"product_brand","embeddable":true,"href":"https:\/\/vetaustral.com.ar\/index.php?rest_route=%2Fwp%2Fv2%2Fproduct_brand&post=937"},{"taxonomy":"product_cat","embeddable":true,"href":"https:\/\/vetaustral.com.ar\/index.php?rest_route=%2Fwp%2Fv2%2Fproduct_cat&post=937"},{"taxonomy":"product_tag","embeddable":true,"href":"https:\/\/vetaustral.com.ar\/index.php?rest_route=%2Fwp%2Fv2%2Fproduct_tag&post=937"}],"curies":[{"name":"wp","href":"https:\/\/api.w.org\/{rel}","templated":true}]}}