{"id":925,"date":"2025-10-08T19:24:15","date_gmt":"2025-10-08T19:24:15","guid":{"rendered":"https:\/\/vetaustral.com.ar\/?post_type=product&#038;p=925"},"modified":"2026-01-27T21:34:06","modified_gmt":"2026-01-27T21:34:06","slug":"atoncilina-l-v-x-100-ml-aton","status":"publish","type":"product","link":"https:\/\/vetaustral.com.ar\/?product=atoncilina-l-v-x-100-ml-aton","title":{"rendered":"Atoncilina L.V x 100 ml &#8211; Aton"},"content":{"rendered":"<p><strong>F\u00f3rmula:<\/strong> Cada ampolla contiene viriones bacteri\u00f3fagos espec\u00edficos contra: Escherichia coli, paracoli, proteus, pioci\u00e1nico, enterococo, disenteri shiga y flexner, salmonella paratyphi A, salmonella paratyphi B, salmonella paratyphi C, en partes iguales 10-9, cloruro de sodio 26,25 mg., hidr\u00f3xido de potasio 3 mg., \u00e1cido fosf\u00f3rico 3 mg., agua bidestilada\u00a0c.s.p.\u00a03\u00a0ml.<\/p>\n<p><strong>Presentaci\u00f3n:<\/strong> frasco ampolla por (1) 25 ml. (2) 100 ml. (3) 6 frascos de 20 ml.<\/p>\n<p><strong>F\u00f3rmula:<\/strong> Penicilina G proca\u00edna 150.000 UI, Penicilina G benzatinica, 150.000 UI, Dihidroestreptomicina base (como sulfato) 200 mg. Agentes de formulaci\u00f3n\u00a0c.s.p\u00a01\u00a0ml.<\/p>\n<p><strong>Recomendaciones:<\/strong> El producto se presenta listo para usar. Se recomienda agitar bien el frasco antes de aplicar su contenido.<\/p>\n<p><strong>Propiedades Farmacol\u00f3gicas:<\/strong> ATONCILINA L-V est\u00e1 indicado para el tratamiento de infecciones producidas por bacterias Gram positivas y Gram negativas sensibles a la penicilina tales como Streptococcus sp, staphylococcus sp, Listeria sp, Corynebacterium sp, Clostridium sp, Pateurella sp, Proteus sp, Bordetella sp, Klebsiella sp, Shigella sp, Campylobacter sp, Salmonella sp, Enterobacter sp, Mycobacterium sp, Pseudomonas sp, Leptospira interrogans, algunas Rickettsias y espiroquetas.<\/p>\n<p><strong>Administracion:<\/strong> Caninos y felinos: Se aplica por inyecci\u00f3n intramuscular o subcut\u00e1nea. No emplear por v\u00eda endovenosa. En gatos es de preferencia la v\u00eda subcut\u00e1nea. Dosis recomendada: 0.5 a un 1 ml. cada 10 Kg. de peso vivo, igual a 10 a 20 mg.\/ kpv. Puede repetirse a las 48 horas. Bovinos, ovinos, porcinos y equinos: Via intramuscular exclusivamente. Dosis recomendada: 3 a 6 ml por cada 100 kg de peso vivo hasta la remisi\u00f3n de los s\u00edntomas. En los casos mas graves la dosis puede ser aumentada seg\u00fan criterio profesional. En general la acci\u00f3n combinada de esta asociaci\u00f3n antibi\u00f3tica se traduce en una notable reducci\u00f3n de los s\u00edntomas luego de la primera aplicaci\u00f3n y se consolida luego de la segunda. La recomendaci\u00f3n de los expertos es que si la mejor\u00eda no se produce, en ese momento debe cambiarse el tratamiento y aplicar el antibi\u00f3tico que sugiere como efectivo del antibiograma que el profesional requiere al momento de atender\u00a0al\u00a0paciente<\/p>\n","protected":false},"excerpt":{"rendered":"<p>F\u00f3rmula: Cada ampolla contiene viriones bacteri\u00f3fagos espec\u00edficos contra: Escherichia coli, paracoli, proteus, pioci\u00e1nico, enterococo, disenteri shiga y flexner, salmonella paratyphi A, salmonella paratyphi B, salmonella paratyphi C, en partes iguales 10-9, cloruro de sodio 26,25 mg., hidr\u00f3xido de potasio 3 mg., \u00e1cido fosf\u00f3rico 3 mg., agua bidestilada\u00a0c.s.p.\u00a03\u00a0ml. Presentaci\u00f3n: frasco ampolla por (1) 25 ml. (2) &#8230; <a title=\"Atoncilina L.V x 100 ml &#8211; Aton\" class=\"read-more\" href=\"https:\/\/vetaustral.com.ar\/?product=atoncilina-l-v-x-100-ml-aton\" aria-label=\"Leer m\u00e1s sobre Atoncilina L.V x 100 ml &#8211; Aton\">Leer m\u00e1s<\/a><\/p>\n","protected":false},"featured_media":926,"comment_status":"open","ping_status":"closed","template":"","meta":[],"product_brand":[55],"product_cat":[36,33,32,52],"product_tag":[53,47,54],"class_list":{"0":"post-925","1":"product","2":"type-product","3":"status-publish","4":"has-post-thumbnail","6":"product_brand-aton","7":"product_cat-animales-de-compania","8":"product_cat-equinos","9":"product_cat-farmacia","10":"product_cat-grandes-animales","11":"product_tag-antibiotico","12":"product_tag-aton","13":"product_tag-penicilina","14":"sales-flash-overlay","15":"woocommerce-text-align-center","16":"woocommerce-image-align-center","17":"do-quantity-buttons","19":"first","20":"instock","21":"taxable","22":"shipping-taxable","23":"purchasable","24":"product-type-simple"},"jetpack_sharing_enabled":true,"_links":{"self":[{"href":"https:\/\/vetaustral.com.ar\/index.php?rest_route=\/wp\/v2\/product\/925","targetHints":{"allow":["GET"]}}],"collection":[{"href":"https:\/\/vetaustral.com.ar\/index.php?rest_route=\/wp\/v2\/product"}],"about":[{"href":"https:\/\/vetaustral.com.ar\/index.php?rest_route=\/wp\/v2\/types\/product"}],"replies":[{"embeddable":true,"href":"https:\/\/vetaustral.com.ar\/index.php?rest_route=%2Fwp%2Fv2%2Fcomments&post=925"}],"wp:featuredmedia":[{"embeddable":true,"href":"https:\/\/vetaustral.com.ar\/index.php?rest_route=\/wp\/v2\/media\/926"}],"wp:attachment":[{"href":"https:\/\/vetaustral.com.ar\/index.php?rest_route=%2Fwp%2Fv2%2Fmedia&parent=925"}],"wp:term":[{"taxonomy":"product_brand","embeddable":true,"href":"https:\/\/vetaustral.com.ar\/index.php?rest_route=%2Fwp%2Fv2%2Fproduct_brand&post=925"},{"taxonomy":"product_cat","embeddable":true,"href":"https:\/\/vetaustral.com.ar\/index.php?rest_route=%2Fwp%2Fv2%2Fproduct_cat&post=925"},{"taxonomy":"product_tag","embeddable":true,"href":"https:\/\/vetaustral.com.ar\/index.php?rest_route=%2Fwp%2Fv2%2Fproduct_tag&post=925"}],"curies":[{"name":"wp","href":"https:\/\/api.w.org\/{rel}","templated":true}]}}