{"id":921,"date":"2025-10-08T19:10:43","date_gmt":"2025-10-08T19:10:43","guid":{"rendered":"https:\/\/vetaustral.com.ar\/?post_type=product&#038;p=921"},"modified":"2026-01-27T21:29:46","modified_gmt":"2026-01-27T21:29:46","slug":"profedyl-x60-comprimidos-aton","status":"publish","type":"product","link":"https:\/\/vetaustral.com.ar\/?product=profedyl-x60-comprimidos-aton","title":{"rendered":"Profedyl x 60 comprimidos &#8211; Aton"},"content":{"rendered":"<p><strong>Presentaci\u00f3n:<\/strong> Frasco por 60 comprimidos ranurados de 100 mg.<\/p>\n<p><strong>F\u00f3rmula:<\/strong> Cada comprimido de 200 mg contiene: Carprofeno 100 mg.<\/p>\n<p><strong>Dosificaci\u00f3n:<\/strong> La dosis de Carprofeno recomendada en caninos es de 2,2 mg por kg de peso, 2 veces por d\u00eda o 4,4 mg por kg de peso en una \u00fanica dosis diaria por v\u00eda oral. Para el control del dolor asociado con la cirug\u00eda, administrar 2 hs antes de la intervenci\u00f3n. El M\u00e9dico Veterinario que prescribe el producto indicar\u00e1 la duraci\u00f3n del\u00a0tratamiento.<\/p>\n","protected":false},"excerpt":{"rendered":"<p>Presentaci\u00f3n: Frasco por 60 comprimidos ranurados de 100 mg. F\u00f3rmula: Cada comprimido de 200 mg contiene: Carprofeno 100 mg. Dosificaci\u00f3n: La dosis de Carprofeno recomendada en caninos es de 2,2 mg por kg de peso, 2 veces por d\u00eda o 4,4 mg por kg de peso en una \u00fanica dosis diaria por v\u00eda oral. Para &#8230; <a title=\"Profedyl x 60 comprimidos &#8211; Aton\" class=\"read-more\" href=\"https:\/\/vetaustral.com.ar\/?product=profedyl-x60-comprimidos-aton\" aria-label=\"Leer m\u00e1s sobre Profedyl x 60 comprimidos &#8211; Aton\">Leer m\u00e1s<\/a><\/p>\n","protected":false},"featured_media":922,"comment_status":"open","ping_status":"closed","template":"","meta":[],"product_brand":[55],"product_cat":[36,32],"product_tag":[49,44,50,47,51],"class_list":{"0":"post-921","1":"product","2":"type-product","3":"status-publish","4":"has-post-thumbnail","6":"product_brand-aton","7":"product_cat-animales-de-compania","8":"product_cat-farmacia","9":"product_tag-analgesico","10":"product_tag-antiinflamatorio","11":"product_tag-antipiretico","12":"product_tag-aton","13":"product_tag-no-esteroide","14":"sales-flash-overlay","15":"woocommerce-text-align-center","16":"woocommerce-image-align-center","17":"do-quantity-buttons","19":"first","20":"instock","21":"taxable","22":"shipping-taxable","23":"purchasable","24":"product-type-simple"},"jetpack_sharing_enabled":true,"_links":{"self":[{"href":"https:\/\/vetaustral.com.ar\/index.php?rest_route=\/wp\/v2\/product\/921","targetHints":{"allow":["GET"]}}],"collection":[{"href":"https:\/\/vetaustral.com.ar\/index.php?rest_route=\/wp\/v2\/product"}],"about":[{"href":"https:\/\/vetaustral.com.ar\/index.php?rest_route=\/wp\/v2\/types\/product"}],"replies":[{"embeddable":true,"href":"https:\/\/vetaustral.com.ar\/index.php?rest_route=%2Fwp%2Fv2%2Fcomments&post=921"}],"wp:featuredmedia":[{"embeddable":true,"href":"https:\/\/vetaustral.com.ar\/index.php?rest_route=\/wp\/v2\/media\/922"}],"wp:attachment":[{"href":"https:\/\/vetaustral.com.ar\/index.php?rest_route=%2Fwp%2Fv2%2Fmedia&parent=921"}],"wp:term":[{"taxonomy":"product_brand","embeddable":true,"href":"https:\/\/vetaustral.com.ar\/index.php?rest_route=%2Fwp%2Fv2%2Fproduct_brand&post=921"},{"taxonomy":"product_cat","embeddable":true,"href":"https:\/\/vetaustral.com.ar\/index.php?rest_route=%2Fwp%2Fv2%2Fproduct_cat&post=921"},{"taxonomy":"product_tag","embeddable":true,"href":"https:\/\/vetaustral.com.ar\/index.php?rest_route=%2Fwp%2Fv2%2Fproduct_tag&post=921"}],"curies":[{"name":"wp","href":"https:\/\/api.w.org\/{rel}","templated":true}]}}