{"id":917,"date":"2025-10-08T18:59:01","date_gmt":"2025-10-08T18:59:01","guid":{"rendered":"https:\/\/vetaustral.com.ar\/?post_type=product&#038;p=917"},"modified":"2026-01-27T21:22:23","modified_gmt":"2026-01-27T21:22:23","slug":"dexametasona-v-x10-comprimidos-aton","status":"publish","type":"product","link":"https:\/\/vetaustral.com.ar\/?product=dexametasona-v-x10-comprimidos-aton","title":{"rendered":"Dexametasona-V x 10 comprimidos &#8211; Aton"},"content":{"rendered":"<p><strong>F\u00f3rmula:<\/strong> Cada comprimido contiene: Dexametasona 0,5 mg.<\/p>\n<p><strong>Presentaci\u00f3n:<\/strong> Envase de 10 comprimidos por 0,5 mg.<\/p>\n<p><strong>Posolog\u00eda: <\/strong>Dosis inicial, un comprimido conteniendo 0,5 mg. de droga cada 10 de peso vivo, dividido en dos\u00a0tomas\u00a0diarias.<\/p>\n<p>Est\u00e1 indicada en los casos de artritis, miositis, prurito, dermatitis, alergias y anafilaxias, shock traum\u00e1tico y quir\u00fargico,\u00a0stress.<\/p>\n","protected":false},"excerpt":{"rendered":"<p>F\u00f3rmula: Cada comprimido contiene: Dexametasona 0,5 mg. Presentaci\u00f3n: Envase de 10 comprimidos por 0,5 mg. Posolog\u00eda: Dosis inicial, un comprimido conteniendo 0,5 mg. de droga cada 10 de peso vivo, dividido en dos\u00a0tomas\u00a0diarias. Est\u00e1 indicada en los casos de artritis, miositis, prurito, dermatitis, alergias y anafilaxias, shock traum\u00e1tico y quir\u00fargico,\u00a0stress.<\/p>\n","protected":false},"featured_media":918,"comment_status":"open","ping_status":"closed","template":"","meta":[],"product_brand":[55],"product_cat":[36,32],"product_tag":[44,47,48],"class_list":{"0":"post-917","1":"product","2":"type-product","3":"status-publish","4":"has-post-thumbnail","6":"product_brand-aton","7":"product_cat-animales-de-compania","8":"product_cat-farmacia","9":"product_tag-antiinflamatorio","10":"product_tag-aton","11":"product_tag-esteroide","12":"sales-flash-overlay","13":"woocommerce-text-align-center","14":"woocommerce-image-align-center","15":"do-quantity-buttons","17":"first","18":"instock","19":"taxable","20":"shipping-taxable","21":"purchasable","22":"product-type-simple"},"jetpack_sharing_enabled":true,"_links":{"self":[{"href":"https:\/\/vetaustral.com.ar\/index.php?rest_route=\/wp\/v2\/product\/917","targetHints":{"allow":["GET"]}}],"collection":[{"href":"https:\/\/vetaustral.com.ar\/index.php?rest_route=\/wp\/v2\/product"}],"about":[{"href":"https:\/\/vetaustral.com.ar\/index.php?rest_route=\/wp\/v2\/types\/product"}],"replies":[{"embeddable":true,"href":"https:\/\/vetaustral.com.ar\/index.php?rest_route=%2Fwp%2Fv2%2Fcomments&post=917"}],"wp:featuredmedia":[{"embeddable":true,"href":"https:\/\/vetaustral.com.ar\/index.php?rest_route=\/wp\/v2\/media\/918"}],"wp:attachment":[{"href":"https:\/\/vetaustral.com.ar\/index.php?rest_route=%2Fwp%2Fv2%2Fmedia&parent=917"}],"wp:term":[{"taxonomy":"product_brand","embeddable":true,"href":"https:\/\/vetaustral.com.ar\/index.php?rest_route=%2Fwp%2Fv2%2Fproduct_brand&post=917"},{"taxonomy":"product_cat","embeddable":true,"href":"https:\/\/vetaustral.com.ar\/index.php?rest_route=%2Fwp%2Fv2%2Fproduct_cat&post=917"},{"taxonomy":"product_tag","embeddable":true,"href":"https:\/\/vetaustral.com.ar\/index.php?rest_route=%2Fwp%2Fv2%2Fproduct_tag&post=917"}],"curies":[{"name":"wp","href":"https:\/\/api.w.org\/{rel}","templated":true}]}}