{"id":913,"date":"2025-10-08T18:45:48","date_gmt":"2025-10-08T18:45:48","guid":{"rendered":"https:\/\/vetaustral.com.ar\/?post_type=product&#038;p=913"},"modified":"2026-01-27T18:55:36","modified_gmt":"2026-01-27T18:55:36","slug":"dermil-x10-comprimidos-afford","status":"publish","type":"product","link":"https:\/\/vetaustral.com.ar\/?product=dermil-x10-comprimidos-afford","title":{"rendered":"Dermil x 10 comprimidos &#8211; Afford"},"content":{"rendered":"<p><strong>PRESENTACI\u00d3N:<\/strong> Tableta x 10 Comprimidos.<\/p>\n<p><strong>F\u00d3RMULA:<\/strong> Triamcinolona: 1,25 mg. Clorfeniramina maleato: 2,1 mg. Vitamina \u201cA\u201d: 5000 U.I., Excipientes c.s.p. 1 comprimido.<\/p>\n<p><strong>INDICACIONES:<\/strong> Alergia, urticaria, dermatitis de origen al\u00e9rgico, prurito gral. o localizado, eczema h\u00famedo o seco. Como antiinflamatorio y reconstituyente de la piel.<\/p>\n<p><strong>SUMINISTRO Y DOSIS:<\/strong> V\u00eda oral 1 comprimido cada 20 Kg.\u00a0de\u00a0peso\u00a0vivo<\/p>\n<p>Para caninos y felinos.<\/p>\n","protected":false},"excerpt":{"rendered":"<p>PRESENTACI\u00d3N: Tableta x 10 Comprimidos. F\u00d3RMULA: Triamcinolona: 1,25 mg. Clorfeniramina maleato: 2,1 mg. Vitamina \u201cA\u201d: 5000 U.I., Excipientes c.s.p. 1 comprimido. INDICACIONES: Alergia, urticaria, dermatitis de origen al\u00e9rgico, prurito gral. o localizado, eczema h\u00famedo o seco. Como antiinflamatorio y reconstituyente de la piel. SUMINISTRO Y DOSIS: V\u00eda oral 1 comprimido cada 20 Kg.\u00a0de\u00a0peso\u00a0vivo Para caninos &#8230; <a title=\"Dermil x 10 comprimidos &#8211; Afford\" class=\"read-more\" href=\"https:\/\/vetaustral.com.ar\/?product=dermil-x10-comprimidos-afford\" aria-label=\"Leer m\u00e1s sobre Dermil x 10 comprimidos &#8211; Afford\">Leer m\u00e1s<\/a><\/p>\n","protected":false},"featured_media":914,"comment_status":"open","ping_status":"closed","template":"","meta":[],"product_brand":[56],"product_cat":[36,32],"product_tag":[42,45,43,44],"class_list":{"0":"post-913","1":"product","2":"type-product","3":"status-publish","4":"has-post-thumbnail","6":"product_brand-afford","7":"product_cat-animales-de-compania","8":"product_cat-farmacia","9":"product_tag-afford","10":"product_tag-alergias","11":"product_tag-antihistaminico","12":"product_tag-antiinflamatorio","13":"sales-flash-overlay","14":"woocommerce-text-align-center","15":"woocommerce-image-align-center","16":"do-quantity-buttons","18":"first","19":"instock","20":"taxable","21":"shipping-taxable","22":"purchasable","23":"product-type-simple"},"jetpack_sharing_enabled":true,"_links":{"self":[{"href":"https:\/\/vetaustral.com.ar\/index.php?rest_route=\/wp\/v2\/product\/913","targetHints":{"allow":["GET"]}}],"collection":[{"href":"https:\/\/vetaustral.com.ar\/index.php?rest_route=\/wp\/v2\/product"}],"about":[{"href":"https:\/\/vetaustral.com.ar\/index.php?rest_route=\/wp\/v2\/types\/product"}],"replies":[{"embeddable":true,"href":"https:\/\/vetaustral.com.ar\/index.php?rest_route=%2Fwp%2Fv2%2Fcomments&post=913"}],"wp:featuredmedia":[{"embeddable":true,"href":"https:\/\/vetaustral.com.ar\/index.php?rest_route=\/wp\/v2\/media\/914"}],"wp:attachment":[{"href":"https:\/\/vetaustral.com.ar\/index.php?rest_route=%2Fwp%2Fv2%2Fmedia&parent=913"}],"wp:term":[{"taxonomy":"product_brand","embeddable":true,"href":"https:\/\/vetaustral.com.ar\/index.php?rest_route=%2Fwp%2Fv2%2Fproduct_brand&post=913"},{"taxonomy":"product_cat","embeddable":true,"href":"https:\/\/vetaustral.com.ar\/index.php?rest_route=%2Fwp%2Fv2%2Fproduct_cat&post=913"},{"taxonomy":"product_tag","embeddable":true,"href":"https:\/\/vetaustral.com.ar\/index.php?rest_route=%2Fwp%2Fv2%2Fproduct_tag&post=913"}],"curies":[{"name":"wp","href":"https:\/\/api.w.org\/{rel}","templated":true}]}}