{"id":2147,"date":"2026-03-09T20:25:49","date_gmt":"2026-03-09T20:25:49","guid":{"rendered":"https:\/\/vetaustral.com.ar\/?post_type=product&#038;p=2147"},"modified":"2026-03-09T20:26:56","modified_gmt":"2026-03-09T20:26:56","slug":"2147","status":"publish","type":"product","link":"https:\/\/vetaustral.com.ar\/?product=2147","title":{"rendered":"Top race x 530 ml &#8211; Richmond Vet Pharma"},"content":{"rendered":"<p>Contiene 1 frasco ampolla de 530 ml.<\/p>\n<ul>\n<li>Soluci\u00f3n i\u00f3nica balanceada de alto valor energ\u00e9tico indicado en la prevenci\u00f3n y tratamiento de la disfunci\u00f3n neuromuscular en equinos de alta performance.<\/li>\n<\/ul>\n<p>&nbsp;<\/p>\n<h5><strong>Composici\u00f3n:<\/strong><\/h5>\n<p>Selenito de Sodio Anhidro 0,0026 g;<br \/>\nMagnesio, Borogluconato 28,6893 g;<br \/>\nCalcio, Borogluconato 2,4080 g;<br \/>\nPotasio, Cloruro 0,0700 g;<br \/>\nEDTA Dis\u00f3dico 0,0500 g;<br \/>\nAgua Purificada Eteril csp 100,0000 mL.<\/p>\n<p>&nbsp;<\/p>\n<h5><strong>Indicaciones:<\/strong><\/h5>\n<p><strong>Top Race<\/strong>\u00a0esta indicado b\u00e1sicamente:<br \/>\n-Como terap\u00e9utica de apoyo en el s\u00edndrome de sobre entrenamiento y fatiga del equino deportivo.<br \/>\n-Distrofia o disfunci\u00f3n muscular post operatorios con dec\u00fabitos prolongados o largas anestesias.<br \/>\n-Preventivo antes y despu\u00e9s del ejercicio intenso.<br \/>\n-S\u00edndrome de mala performance.<br \/>\n-Fatiga del ejercicio.<br \/>\n-Disturbios del medio interno (electrol\u00edtico y \u00e1cido base).<br \/>\n-S\u00edndrome del equino exhausto, afluttera o asincronismo o aleteo diafragm\u00e1tico, rabdomiolisis, enfermedad de los lunes, enfermedad del m\u00fasculo blanco y como energizante o complemento del balanceo diet\u00e9tico del equino deportivo.<br \/>\n-Problemas osteoarticulares o de desarrollo en animales j\u00f3venes y antes y\/o despu\u00e9s del parto en yeguas.<br \/>\n-En intoxicaciones o sobremedicaci\u00f3n con da\u00f1o hep\u00e1tico.<\/p>\n<p>&nbsp;<\/p>\n<p>Richmond Vet Pharma<\/p>\n","protected":false},"excerpt":{"rendered":"<p>Contiene 1 frasco ampolla de 530 ml. Soluci\u00f3n i\u00f3nica balanceada de alto valor energ\u00e9tico indicado en la prevenci\u00f3n y tratamiento de la disfunci\u00f3n neuromuscular en equinos de alta performance. &nbsp; Composici\u00f3n: Selenito de Sodio Anhidro 0,0026 g; Magnesio, Borogluconato 28,6893 g; Calcio, Borogluconato 2,4080 g; Potasio, Cloruro 0,0700 g; EDTA Dis\u00f3dico 0,0500 g; Agua Purificada &#8230; <a title=\"Top race x 530 ml &#8211; Richmond Vet Pharma\" class=\"read-more\" href=\"https:\/\/vetaustral.com.ar\/?product=2147\" aria-label=\"Leer m\u00e1s sobre Top race x 530 ml &#8211; Richmond Vet Pharma\">Leer m\u00e1s<\/a><\/p>\n","protected":false},"featured_media":2148,"comment_status":"open","ping_status":"closed","template":"","meta":[],"product_brand":[303],"product_cat":[33,32],"product_tag":[84,319],"class_list":{"0":"post-2147","1":"product","2":"type-product","3":"status-publish","4":"has-post-thumbnail","6":"product_brand-richmond-vet-pharma","7":"product_cat-equinos","8":"product_cat-farmacia","9":"product_tag-minerales","10":"product_tag-suero-vitamina","11":"sales-flash-overlay","12":"woocommerce-text-align-center","13":"woocommerce-image-align-center","14":"do-quantity-buttons","16":"first","17":"instock","18":"taxable","19":"shipping-taxable","20":"purchasable","21":"product-type-simple"},"jetpack_sharing_enabled":true,"_links":{"self":[{"href":"https:\/\/vetaustral.com.ar\/index.php?rest_route=\/wp\/v2\/product\/2147","targetHints":{"allow":["GET"]}}],"collection":[{"href":"https:\/\/vetaustral.com.ar\/index.php?rest_route=\/wp\/v2\/product"}],"about":[{"href":"https:\/\/vetaustral.com.ar\/index.php?rest_route=\/wp\/v2\/types\/product"}],"replies":[{"embeddable":true,"href":"https:\/\/vetaustral.com.ar\/index.php?rest_route=%2Fwp%2Fv2%2Fcomments&post=2147"}],"wp:featuredmedia":[{"embeddable":true,"href":"https:\/\/vetaustral.com.ar\/index.php?rest_route=\/wp\/v2\/media\/2148"}],"wp:attachment":[{"href":"https:\/\/vetaustral.com.ar\/index.php?rest_route=%2Fwp%2Fv2%2Fmedia&parent=2147"}],"wp:term":[{"taxonomy":"product_brand","embeddable":true,"href":"https:\/\/vetaustral.com.ar\/index.php?rest_route=%2Fwp%2Fv2%2Fproduct_brand&post=2147"},{"taxonomy":"product_cat","embeddable":true,"href":"https:\/\/vetaustral.com.ar\/index.php?rest_route=%2Fwp%2Fv2%2Fproduct_cat&post=2147"},{"taxonomy":"product_tag","embeddable":true,"href":"https:\/\/vetaustral.com.ar\/index.php?rest_route=%2Fwp%2Fv2%2Fproduct_tag&post=2147"}],"curies":[{"name":"wp","href":"https:\/\/api.w.org\/{rel}","templated":true}]}}