{"id":2145,"date":"2026-03-09T20:15:11","date_gmt":"2026-03-09T20:15:11","guid":{"rendered":"https:\/\/vetaustral.com.ar\/?post_type=product&#038;p=2145"},"modified":"2026-03-09T20:27:44","modified_gmt":"2026-03-09T20:27:44","slug":"hepatone-x-100-ml-richmond-vet-pharma","status":"publish","type":"product","link":"https:\/\/vetaustral.com.ar\/?product=hepatone-x-100-ml-richmond-vet-pharma","title":{"rendered":"Hepatone x 100 ml &#8211; Richmond Vet Pharma"},"content":{"rendered":"<p>Contiene 1 frasco ampolla de 100 ml.<\/p>\n<ul>\n<li>Protector y estimulante de la funci\u00f3n hep\u00e1tica.<\/li>\n<\/ul>\n<p>&nbsp;<\/p>\n<h5><strong>Composici\u00f3n:<\/strong><\/h5>\n<p>Sorbitol: 21 g;<\/p>\n<p>D-L Metionina: 1,5 g;<\/p>\n<p>Tiamina HCl: 0,30 g;<\/p>\n<p>\u00c1cido Ti\u00f3ctico: 0,20 g;<\/p>\n<p>Excipientes c.s.p. 100 mL.<\/p>\n<p>&nbsp;<\/p>\n<h5><strong>Indicaciones:<\/strong><\/h5>\n<p>Protege y estimula la actividad hep\u00e1tica. Disfunciones hep\u00e1ticas como hepatitis, insuficiencia hep\u00e1tica, intoxicaciones por plomo, mercurio, ars\u00e9nico. Intoxicaciones alimentarias. Cetosis. Para perros, gatos, caballos, bovinos, porcinos y ovinos.<\/p>\n<p>&nbsp;<\/p>\n<p>Richmond Vet Pharma<\/p>\n<p>&nbsp;<\/p>\n","protected":false},"excerpt":{"rendered":"<p>Contiene 1 frasco ampolla de 100 ml. Protector y estimulante de la funci\u00f3n hep\u00e1tica. &nbsp; Composici\u00f3n: Sorbitol: 21 g; D-L Metionina: 1,5 g; Tiamina HCl: 0,30 g; \u00c1cido Ti\u00f3ctico: 0,20 g; Excipientes c.s.p. 100 mL. &nbsp; Indicaciones: Protege y estimula la actividad hep\u00e1tica. Disfunciones hep\u00e1ticas como hepatitis, insuficiencia hep\u00e1tica, intoxicaciones por plomo, mercurio, ars\u00e9nico. Intoxicaciones &#8230; <a title=\"Hepatone x 100 ml &#8211; Richmond Vet Pharma\" class=\"read-more\" href=\"https:\/\/vetaustral.com.ar\/?product=hepatone-x-100-ml-richmond-vet-pharma\" aria-label=\"Leer m\u00e1s sobre Hepatone x 100 ml &#8211; Richmond Vet Pharma\">Leer m\u00e1s<\/a><\/p>\n","protected":false},"featured_media":2146,"comment_status":"open","ping_status":"closed","template":"","meta":[],"product_brand":[303],"product_cat":[36,33,32,52],"product_tag":[113],"class_list":{"0":"post-2145","1":"product","2":"type-product","3":"status-publish","4":"has-post-thumbnail","6":"product_brand-richmond-vet-pharma","7":"product_cat-animales-de-compania","8":"product_cat-equinos","9":"product_cat-farmacia","10":"product_cat-grandes-animales","11":"product_tag-hepatoprotector","12":"sales-flash-overlay","13":"woocommerce-text-align-center","14":"woocommerce-image-align-center","15":"do-quantity-buttons","17":"first","18":"outofstock","19":"taxable","20":"shipping-taxable","21":"purchasable","22":"product-type-simple"},"jetpack_sharing_enabled":true,"_links":{"self":[{"href":"https:\/\/vetaustral.com.ar\/index.php?rest_route=\/wp\/v2\/product\/2145","targetHints":{"allow":["GET"]}}],"collection":[{"href":"https:\/\/vetaustral.com.ar\/index.php?rest_route=\/wp\/v2\/product"}],"about":[{"href":"https:\/\/vetaustral.com.ar\/index.php?rest_route=\/wp\/v2\/types\/product"}],"replies":[{"embeddable":true,"href":"https:\/\/vetaustral.com.ar\/index.php?rest_route=%2Fwp%2Fv2%2Fcomments&post=2145"}],"wp:featuredmedia":[{"embeddable":true,"href":"https:\/\/vetaustral.com.ar\/index.php?rest_route=\/wp\/v2\/media\/2146"}],"wp:attachment":[{"href":"https:\/\/vetaustral.com.ar\/index.php?rest_route=%2Fwp%2Fv2%2Fmedia&parent=2145"}],"wp:term":[{"taxonomy":"product_brand","embeddable":true,"href":"https:\/\/vetaustral.com.ar\/index.php?rest_route=%2Fwp%2Fv2%2Fproduct_brand&post=2145"},{"taxonomy":"product_cat","embeddable":true,"href":"https:\/\/vetaustral.com.ar\/index.php?rest_route=%2Fwp%2Fv2%2Fproduct_cat&post=2145"},{"taxonomy":"product_tag","embeddable":true,"href":"https:\/\/vetaustral.com.ar\/index.php?rest_route=%2Fwp%2Fv2%2Fproduct_tag&post=2145"}],"curies":[{"name":"wp","href":"https:\/\/api.w.org\/{rel}","templated":true}]}}