{"id":2143,"date":"2026-03-09T20:07:07","date_gmt":"2026-03-09T20:07:07","guid":{"rendered":"https:\/\/vetaustral.com.ar\/?post_type=product&#038;p=2143"},"modified":"2026-03-09T20:07:07","modified_gmt":"2026-03-09T20:07:07","slug":"butaflex-x-100-ml-richmond-vet-pharma","status":"publish","type":"product","link":"https:\/\/vetaustral.com.ar\/?product=butaflex-x-100-ml-richmond-vet-pharma","title":{"rendered":"Butaflex x 100 ml &#8211; Richmond Vet Pharma"},"content":{"rendered":"<p>Contiene 1 frasco ampolla de 100 ml.<\/p>\n<ul>\n<li>Antiinflamatorio no esteroide.<\/li>\n<\/ul>\n<p>&nbsp;<\/p>\n<h5><strong>Composici\u00f3n:<\/strong><\/h5>\n<p>Fenilbutazona 20,00 g;<\/p>\n<p>Excipientes c.s.p. 100 mL.<\/p>\n<p>&nbsp;<\/p>\n<h5><strong>Indicaciones:<\/strong><\/h5>\n<p>BUTAFLEX inyectable, es un antiinflamatorio no esteroide, de acci\u00f3n analg\u00e9sica antipir\u00e9tica y antiinflamatoria; indicado para el tratamiento de diversas alteraciones asociadas con el sistema m\u00fasculo esquel\u00e9tico; Uno de los mayores usos terap\u00e9uticos es en la laminitis aguda; artiritis, espondilitis,\u00a0 osteoartritis, tendinitis, tenosinovitis aguda, capsulitis, bursitis y reumatismo disminuyendo el dolor y la inflamaci\u00f3n de los tejidos, as\u00ed como la fiebre en infecciones virales; BUTAFLEX se utiliza para aumentar la vida reproductiva de los sementales de edad que sufren osteoartritis y otros procesos dolorosos en las patas. En perros tambi\u00e9n est\u00e1 indicado en uve\u00edtis aguda, coriorretinitis, endoftalmitis, injurias en c\u00f3rnea y globo ocular. Para equinos.<\/p>\n<p>&nbsp;<\/p>\n<p>Richmond Vet Pharma<\/p>\n<p>&nbsp;<\/p>\n","protected":false},"excerpt":{"rendered":"<p>Contiene 1 frasco ampolla de 100 ml. Antiinflamatorio no esteroide. &nbsp; Composici\u00f3n: Fenilbutazona 20,00 g; Excipientes c.s.p. 100 mL. &nbsp; Indicaciones: BUTAFLEX inyectable, es un antiinflamatorio no esteroide, de acci\u00f3n analg\u00e9sica antipir\u00e9tica y antiinflamatoria; indicado para el tratamiento de diversas alteraciones asociadas con el sistema m\u00fasculo esquel\u00e9tico; Uno de los mayores usos terap\u00e9uticos es en &#8230; <a title=\"Butaflex x 100 ml &#8211; Richmond Vet Pharma\" class=\"read-more\" href=\"https:\/\/vetaustral.com.ar\/?product=butaflex-x-100-ml-richmond-vet-pharma\" aria-label=\"Leer m\u00e1s sobre Butaflex x 100 ml &#8211; Richmond Vet Pharma\">Leer m\u00e1s<\/a><\/p>\n","protected":false},"featured_media":2144,"comment_status":"open","ping_status":"closed","template":"","meta":[],"product_brand":[303],"product_cat":[33,32],"product_tag":[44,51],"class_list":{"0":"post-2143","1":"product","2":"type-product","3":"status-publish","4":"has-post-thumbnail","6":"product_brand-richmond-vet-pharma","7":"product_cat-equinos","8":"product_cat-farmacia","9":"product_tag-antiinflamatorio","10":"product_tag-no-esteroide","11":"sales-flash-overlay","12":"woocommerce-text-align-center","13":"woocommerce-image-align-center","14":"do-quantity-buttons","16":"first","17":"instock","18":"taxable","19":"shipping-taxable","20":"purchasable","21":"product-type-simple"},"jetpack_sharing_enabled":true,"_links":{"self":[{"href":"https:\/\/vetaustral.com.ar\/index.php?rest_route=\/wp\/v2\/product\/2143","targetHints":{"allow":["GET"]}}],"collection":[{"href":"https:\/\/vetaustral.com.ar\/index.php?rest_route=\/wp\/v2\/product"}],"about":[{"href":"https:\/\/vetaustral.com.ar\/index.php?rest_route=\/wp\/v2\/types\/product"}],"replies":[{"embeddable":true,"href":"https:\/\/vetaustral.com.ar\/index.php?rest_route=%2Fwp%2Fv2%2Fcomments&post=2143"}],"wp:featuredmedia":[{"embeddable":true,"href":"https:\/\/vetaustral.com.ar\/index.php?rest_route=\/wp\/v2\/media\/2144"}],"wp:attachment":[{"href":"https:\/\/vetaustral.com.ar\/index.php?rest_route=%2Fwp%2Fv2%2Fmedia&parent=2143"}],"wp:term":[{"taxonomy":"product_brand","embeddable":true,"href":"https:\/\/vetaustral.com.ar\/index.php?rest_route=%2Fwp%2Fv2%2Fproduct_brand&post=2143"},{"taxonomy":"product_cat","embeddable":true,"href":"https:\/\/vetaustral.com.ar\/index.php?rest_route=%2Fwp%2Fv2%2Fproduct_cat&post=2143"},{"taxonomy":"product_tag","embeddable":true,"href":"https:\/\/vetaustral.com.ar\/index.php?rest_route=%2Fwp%2Fv2%2Fproduct_tag&post=2143"}],"curies":[{"name":"wp","href":"https:\/\/api.w.org\/{rel}","templated":true}]}}