{"id":2141,"date":"2026-03-09T19:49:06","date_gmt":"2026-03-09T19:49:06","guid":{"rendered":"https:\/\/vetaustral.com.ar\/?post_type=product&#038;p=2141"},"modified":"2026-03-09T19:49:07","modified_gmt":"2026-03-09T19:49:07","slug":"algen-60-x-10-comp-richmond-vet-pharma","status":"publish","type":"product","link":"https:\/\/vetaustral.com.ar\/?product=algen-60-x-10-comp-richmond-vet-pharma","title":{"rendered":"Algen 60 x 10 comp &#8211; Richmond Vet Pharma"},"content":{"rendered":"<p>Contiene 1 bl\u00edster de 10 comprimidos.<\/p>\n<ul>\n<li>Analg\u00e9sico som\u00e1tico y visceral de administraci\u00f3n oral.<\/li>\n<li>Comprimidos ranurados.<\/li>\n<\/ul>\n<p>&nbsp;<\/p>\n<h5><strong>Composici\u00f3n:<\/strong><\/h5>\n<p>Tramadol clorhidrato 60 mg.<\/p>\n<p>Excipientes c.s.p. 450 mg.<\/p>\n<p>&nbsp;<\/p>\n<h5><strong>Indicaciones:<\/strong><\/h5>\n<p><strong>Algen comprimidos<\/strong> est\u00e1 indicado para el control del dolor som\u00e1tico y\/o visceral de grado moderado a severo y de origen agudo o cr\u00f3nico (Fracturas, luxaciones, contusiones, osteoartritis, neuropat\u00edas, DTVG). <strong>Algen comprimidos<\/strong> es utilizado en el tratamiento del dolor postquir\u00fargico o de pacientes ambulatorios, present\u00e1ndose como una alternativa eficaz en las mayor\u00eda de las cirug\u00edas de abdomen, mastectom\u00edas, traumatolog\u00edas y de columna. Para perros y gatos.<\/p>\n<p>&nbsp;<\/p>\n<p>Richmond Vet Pharma<\/p>\n<p>&nbsp;<\/p>\n<p>&nbsp;<\/p>\n","protected":false},"excerpt":{"rendered":"<p>Contiene 1 bl\u00edster de 10 comprimidos. Analg\u00e9sico som\u00e1tico y visceral de administraci\u00f3n oral. Comprimidos ranurados. &nbsp; Composici\u00f3n: Tramadol clorhidrato 60 mg. Excipientes c.s.p. 450 mg. &nbsp; Indicaciones: Algen comprimidos est\u00e1 indicado para el control del dolor som\u00e1tico y\/o visceral de grado moderado a severo y de origen agudo o cr\u00f3nico (Fracturas, luxaciones, contusiones, osteoartritis, neuropat\u00edas, &#8230; <a title=\"Algen 60 x 10 comp &#8211; Richmond Vet Pharma\" class=\"read-more\" href=\"https:\/\/vetaustral.com.ar\/?product=algen-60-x-10-comp-richmond-vet-pharma\" aria-label=\"Leer m\u00e1s sobre Algen 60 x 10 comp &#8211; Richmond Vet Pharma\">Leer m\u00e1s<\/a><\/p>\n","protected":false},"featured_media":2142,"comment_status":"open","ping_status":"closed","template":"","meta":[],"product_brand":[303],"product_cat":[36,32],"product_tag":[49,237],"class_list":{"0":"post-2141","1":"product","2":"type-product","3":"status-publish","4":"has-post-thumbnail","6":"product_brand-richmond-vet-pharma","7":"product_cat-animales-de-compania","8":"product_cat-farmacia","9":"product_tag-analgesico","10":"product_tag-para-perros-y-gatos","11":"sales-flash-overlay","12":"woocommerce-text-align-center","13":"woocommerce-image-align-center","14":"do-quantity-buttons","16":"first","17":"instock","18":"taxable","19":"shipping-taxable","20":"purchasable","21":"product-type-simple"},"jetpack_sharing_enabled":true,"_links":{"self":[{"href":"https:\/\/vetaustral.com.ar\/index.php?rest_route=\/wp\/v2\/product\/2141","targetHints":{"allow":["GET"]}}],"collection":[{"href":"https:\/\/vetaustral.com.ar\/index.php?rest_route=\/wp\/v2\/product"}],"about":[{"href":"https:\/\/vetaustral.com.ar\/index.php?rest_route=\/wp\/v2\/types\/product"}],"replies":[{"embeddable":true,"href":"https:\/\/vetaustral.com.ar\/index.php?rest_route=%2Fwp%2Fv2%2Fcomments&post=2141"}],"wp:featuredmedia":[{"embeddable":true,"href":"https:\/\/vetaustral.com.ar\/index.php?rest_route=\/wp\/v2\/media\/2142"}],"wp:attachment":[{"href":"https:\/\/vetaustral.com.ar\/index.php?rest_route=%2Fwp%2Fv2%2Fmedia&parent=2141"}],"wp:term":[{"taxonomy":"product_brand","embeddable":true,"href":"https:\/\/vetaustral.com.ar\/index.php?rest_route=%2Fwp%2Fv2%2Fproduct_brand&post=2141"},{"taxonomy":"product_cat","embeddable":true,"href":"https:\/\/vetaustral.com.ar\/index.php?rest_route=%2Fwp%2Fv2%2Fproduct_cat&post=2141"},{"taxonomy":"product_tag","embeddable":true,"href":"https:\/\/vetaustral.com.ar\/index.php?rest_route=%2Fwp%2Fv2%2Fproduct_tag&post=2141"}],"curies":[{"name":"wp","href":"https:\/\/api.w.org\/{rel}","templated":true}]}}