{"id":2138,"date":"2026-03-06T22:53:59","date_gmt":"2026-03-06T22:53:59","guid":{"rendered":"https:\/\/vetaustral.com.ar\/?post_type=product&#038;p=2138"},"modified":"2026-03-06T22:53:59","modified_gmt":"2026-03-06T22:53:59","slug":"cardiotonico-r-x-50-ml-ripoll","status":"publish","type":"product","link":"https:\/\/vetaustral.com.ar\/?product=cardiotonico-r-x-50-ml-ripoll","title":{"rendered":"Cardiotonico R x 50 ml &#8211; Ripoll"},"content":{"rendered":"<p>Contiene 1 frasco ampolla de 50 ml.<\/p>\n<ul>\n<li>Estimulante cardiorrespiratorio.<\/li>\n<\/ul>\n<p>&nbsp;<\/p>\n<table width=\"211\">\n<tbody>\n<tr>\n<td width=\"135\"><strong>COMPOSICI\u00d3N<\/strong><\/td>\n<td width=\"76\"><\/td>\n<\/tr>\n<tr>\n<td width=\"135\">Cafe\u00edna<\/td>\n<td width=\"76\">10 g<\/td>\n<\/tr>\n<tr>\n<td>Benzoato de sodio<\/td>\n<td>10 g<\/td>\n<\/tr>\n<tr>\n<td>Efedrina sulfato<\/td>\n<td>2 g<\/td>\n<\/tr>\n<tr>\n<td>Atropina sulfato<\/td>\n<td>20 mg<\/td>\n<\/tr>\n<tr>\n<td>Veh\u00edculo c.s.p.<\/td>\n<td>100 mL<\/td>\n<\/tr>\n<\/tbody>\n<\/table>\n<p>&nbsp;<\/p>\n<p><strong>PROPIEDADES<br \/>\n<\/strong>La asociaci\u00f3n de dos alcaloides (Cafe\u00edna y Atropina) con una amina (Efedrina) se justifica en el entendido que el est\u00edmulo que cada uno de ellos realiza sobre las distintas esctructuras org\u00e1nicas son complementarios y abarcan todo el espectro de receptores implicados en el estado de alerta y correcta revitalizaci\u00f3n de los \u00f3rganos y sistemas que presenten pobre funcionamiento.<br \/>\nLa cafe\u00edna es un alcaloide proveniente de plantas de amplia distribuci\u00f3n geogr\u00e1fica. Es estimulante del Sistema Nevioso Central, act\u00faa sobre el ri\u00f1\u00f3n aumentanto la diuresis, estimula el m\u00fasculo card\u00edaco y relaja el m\u00fasculo liso, especialmente el bronquial.<br \/>\nLa Efedrina es una amina simpaticomim\u00e9tica aislada de las plantas del g\u00e9nero Ephedra. Estimulante directo de los receptores beta 2 adren\u00e9rgicos e indirecto (por liberaci\u00f3n de noradrenalina) de los receptores alfa y beta 1. Tiene efecto cardioestimulante, vasoconstrictor y broncodilatador. Pasa la barrera hematoencef\u00e1lica y act\u00faa sobre el Sistema Nervioso Central. Sufre escaso metabolismo y es eliminada por la orina. Posee una vida media de 3 a 6 horas.<br \/>\nLa Atropina es un alcaloide natural de las plantas de atropa belladona.\u00a0Vagol\u00edtico, parasimpaticol\u00edtico, antimusacar\u00ednico. A nivel card\u00edaco por bloqueo de la influencia vagal sobre los receptores M2 aumenta el automatismo en el nodo sinoauricular y la velocidad de conducci\u00f3n en el nodo aur\u00edculo ventricular por lo que aumenta la frecuencia card\u00edaca. Sobre los vasos sangu\u00edneos su efecto es escaso debido a la pobre inervaci\u00f3n parasimp\u00e1tica de los mismos.<\/p>\n<p><strong>INDICACIONES<br \/>\n<\/strong>Estimulante cardiorrespiratorio. Anal\u00e9ptico. En todas aquellas situaciones que el animal presente signos y s\u00edntomas de agotamiento, depresi\u00f3n, falta de apetito, p\u00e9rdida de peso. Como coadyuvante del tratamiento etiol\u00f3gico de otras enfermedades.<\/p>\n<p>&nbsp;<\/p>\n<p>Ripoll<\/p>\n","protected":false},"excerpt":{"rendered":"<p>Contiene 1 frasco ampolla de 50 ml. Estimulante cardiorrespiratorio. &nbsp; COMPOSICI\u00d3N Cafe\u00edna 10 g Benzoato de sodio 10 g Efedrina sulfato 2 g Atropina sulfato 20 mg Veh\u00edculo c.s.p. 100 mL &nbsp; PROPIEDADES La asociaci\u00f3n de dos alcaloides (Cafe\u00edna y Atropina) con una amina (Efedrina) se justifica en el entendido que el est\u00edmulo que cada &#8230; <a title=\"Cardiotonico R x 50 ml &#8211; Ripoll\" class=\"read-more\" href=\"https:\/\/vetaustral.com.ar\/?product=cardiotonico-r-x-50-ml-ripoll\" aria-label=\"Leer m\u00e1s sobre Cardiotonico R x 50 ml &#8211; Ripoll\">Leer m\u00e1s<\/a><\/p>\n","protected":false},"featured_media":2139,"comment_status":"open","ping_status":"closed","template":"","meta":[],"product_brand":[316],"product_cat":[36,33,32,52],"product_tag":[318,135,127],"class_list":{"0":"post-2138","1":"product","2":"type-product","3":"status-publish","4":"has-post-thumbnail","6":"product_brand-ripoll","7":"product_cat-animales-de-compania","8":"product_cat-equinos","9":"product_cat-farmacia","10":"product_cat-grandes-animales","11":"product_tag-cardiotonico","12":"product_tag-estimulante-cardiaco","13":"product_tag-estimulante-respiratorio","14":"sales-flash-overlay","15":"woocommerce-text-align-center","16":"woocommerce-image-align-center","17":"do-quantity-buttons","19":"first","20":"instock","21":"taxable","22":"shipping-taxable","23":"purchasable","24":"product-type-simple"},"jetpack_sharing_enabled":true,"_links":{"self":[{"href":"https:\/\/vetaustral.com.ar\/index.php?rest_route=\/wp\/v2\/product\/2138","targetHints":{"allow":["GET"]}}],"collection":[{"href":"https:\/\/vetaustral.com.ar\/index.php?rest_route=\/wp\/v2\/product"}],"about":[{"href":"https:\/\/vetaustral.com.ar\/index.php?rest_route=\/wp\/v2\/types\/product"}],"replies":[{"embeddable":true,"href":"https:\/\/vetaustral.com.ar\/index.php?rest_route=%2Fwp%2Fv2%2Fcomments&post=2138"}],"wp:featuredmedia":[{"embeddable":true,"href":"https:\/\/vetaustral.com.ar\/index.php?rest_route=\/wp\/v2\/media\/2139"}],"wp:attachment":[{"href":"https:\/\/vetaustral.com.ar\/index.php?rest_route=%2Fwp%2Fv2%2Fmedia&parent=2138"}],"wp:term":[{"taxonomy":"product_brand","embeddable":true,"href":"https:\/\/vetaustral.com.ar\/index.php?rest_route=%2Fwp%2Fv2%2Fproduct_brand&post=2138"},{"taxonomy":"product_cat","embeddable":true,"href":"https:\/\/vetaustral.com.ar\/index.php?rest_route=%2Fwp%2Fv2%2Fproduct_cat&post=2138"},{"taxonomy":"product_tag","embeddable":true,"href":"https:\/\/vetaustral.com.ar\/index.php?rest_route=%2Fwp%2Fv2%2Fproduct_tag&post=2138"}],"curies":[{"name":"wp","href":"https:\/\/api.w.org\/{rel}","templated":true}]}}