{"id":2134,"date":"2026-03-06T22:25:12","date_gmt":"2026-03-06T22:25:12","guid":{"rendered":"https:\/\/vetaustral.com.ar\/?post_type=product&#038;p=2134"},"modified":"2026-03-06T22:25:12","modified_gmt":"2026-03-06T22:25:12","slug":"vitaion-b-x-100-ml-ripoll","status":"publish","type":"product","link":"https:\/\/vetaustral.com.ar\/?product=vitaion-b-x-100-ml-ripoll","title":{"rendered":"Vitaion B x 100 ml &#8211; Ripoll"},"content":{"rendered":"<p>Contiene 1 frasco ampolla de 100 ml.<\/p>\n<ul>\n<li>Complejo vitam\u00ednico.<\/li>\n<\/ul>\n<p>&nbsp;<\/p>\n<table width=\"211\">\n<tbody>\n<tr>\n<td width=\"135\"><strong>COMPOSICI\u00d3N<\/strong><\/td>\n<td width=\"76\"><\/td>\n<\/tr>\n<tr>\n<td width=\"135\">Vitamina B1 HCl<\/td>\n<td width=\"76\">2500 mg<\/td>\n<\/tr>\n<tr>\n<td width=\"135\">Vitamina B2<\/td>\n<td width=\"76\">150 mg<\/td>\n<\/tr>\n<tr>\n<td width=\"135\">Vitamina B6 HCl<\/td>\n<td width=\"76\">1000 mg<\/td>\n<\/tr>\n<tr>\n<td width=\"135\">Pantotenato c\u00e1lcico<\/td>\n<td width=\"76\">1250 mg<\/td>\n<\/tr>\n<tr>\n<td width=\"135\">Nicotinamida<\/td>\n<td width=\"76\">2500 mg<\/td>\n<\/tr>\n<tr>\n<td width=\"135\">Veh\u00edculo c.s.p.<\/td>\n<td width=\"76\">100 mL<\/td>\n<\/tr>\n<\/tbody>\n<\/table>\n<p>&nbsp;<\/p>\n<p><strong>PROPIEDADES<br \/>\n<\/strong>La asociaci\u00f3n de las vitaminas del complejo B logra inmediata acci\u00f3n reconstituyente general y desintoxicante, est\u00edmulo metab\u00f3lico, ganancia de peso, mejor performance de trabajo y\/o deportiva.<\/p>\n<p><strong>INDICACIONES<br \/>\n<\/strong>D\u00e9ficit vitam\u00ednico del grupo B. Trastornos hep\u00e1ticos y gastrointestinales.\u00a0T\u00f3nico neuromuscular, falta de apetito, anemias, anorexias, algias, neuralgias.\u00a0Indicado en animales sometidos a intensos esfuerzos.\u00a0Coadyuvante en el tratamiento de la vaca ca\u00edda con dec\u00fabito prolongado. En el equinos deportivo para optimizar su entrenamiento y competencia.<\/p>\n<p>&nbsp;<\/p>\n<p>Ripoll<\/p>\n","protected":false},"excerpt":{"rendered":"<p>Contiene 1 frasco ampolla de 100 ml. Complejo vitam\u00ednico. &nbsp; COMPOSICI\u00d3N Vitamina B1 HCl 2500 mg Vitamina B2 150 mg Vitamina B6 HCl 1000 mg Pantotenato c\u00e1lcico 1250 mg Nicotinamida 2500 mg Veh\u00edculo c.s.p. 100 mL &nbsp; PROPIEDADES La asociaci\u00f3n de las vitaminas del complejo B logra inmediata acci\u00f3n reconstituyente general y desintoxicante, est\u00edmulo metab\u00f3lico, &#8230; <a title=\"Vitaion B x 100 ml &#8211; Ripoll\" class=\"read-more\" href=\"https:\/\/vetaustral.com.ar\/?product=vitaion-b-x-100-ml-ripoll\" aria-label=\"Leer m\u00e1s sobre Vitaion B x 100 ml &#8211; Ripoll\">Leer m\u00e1s<\/a><\/p>\n","protected":false},"featured_media":2135,"comment_status":"open","ping_status":"closed","template":"","meta":[],"product_brand":[316],"product_cat":[36,33,32],"product_tag":[203,83],"class_list":{"0":"post-2134","1":"product","2":"type-product","3":"status-publish","4":"has-post-thumbnail","6":"product_brand-ripoll","7":"product_cat-animales-de-compania","8":"product_cat-equinos","9":"product_cat-farmacia","10":"product_tag-complejo-b","11":"product_tag-multivitaminico","12":"sales-flash-overlay","13":"woocommerce-text-align-center","14":"woocommerce-image-align-center","15":"do-quantity-buttons","17":"first","18":"instock","19":"taxable","20":"shipping-taxable","21":"purchasable","22":"product-type-simple"},"jetpack_sharing_enabled":true,"_links":{"self":[{"href":"https:\/\/vetaustral.com.ar\/index.php?rest_route=\/wp\/v2\/product\/2134","targetHints":{"allow":["GET"]}}],"collection":[{"href":"https:\/\/vetaustral.com.ar\/index.php?rest_route=\/wp\/v2\/product"}],"about":[{"href":"https:\/\/vetaustral.com.ar\/index.php?rest_route=\/wp\/v2\/types\/product"}],"replies":[{"embeddable":true,"href":"https:\/\/vetaustral.com.ar\/index.php?rest_route=%2Fwp%2Fv2%2Fcomments&post=2134"}],"wp:featuredmedia":[{"embeddable":true,"href":"https:\/\/vetaustral.com.ar\/index.php?rest_route=\/wp\/v2\/media\/2135"}],"wp:attachment":[{"href":"https:\/\/vetaustral.com.ar\/index.php?rest_route=%2Fwp%2Fv2%2Fmedia&parent=2134"}],"wp:term":[{"taxonomy":"product_brand","embeddable":true,"href":"https:\/\/vetaustral.com.ar\/index.php?rest_route=%2Fwp%2Fv2%2Fproduct_brand&post=2134"},{"taxonomy":"product_cat","embeddable":true,"href":"https:\/\/vetaustral.com.ar\/index.php?rest_route=%2Fwp%2Fv2%2Fproduct_cat&post=2134"},{"taxonomy":"product_tag","embeddable":true,"href":"https:\/\/vetaustral.com.ar\/index.php?rest_route=%2Fwp%2Fv2%2Fproduct_tag&post=2134"}],"curies":[{"name":"wp","href":"https:\/\/api.w.org\/{rel}","templated":true}]}}