{"id":2132,"date":"2026-03-06T22:01:33","date_gmt":"2026-03-06T22:01:33","guid":{"rendered":"https:\/\/vetaustral.com.ar\/?post_type=product&#038;p=2132"},"modified":"2026-03-06T22:05:31","modified_gmt":"2026-03-06T22:05:31","slug":"bloque-de-sal-tricalcico-x-12-kg-salgar","status":"publish","type":"product","link":"https:\/\/vetaustral.com.ar\/?product=bloque-de-sal-tricalcico-x-12-kg-salgar","title":{"rendered":"Bloque de sal tric\u00e1lcico x 13 kg &#8211; Salgar"},"content":{"rendered":"<p>Contiene un bloque de 13 kg.<\/p>\n<ul>\n<li>Suplemento mineral para ganado.<\/li>\n<li>Para lamer.<\/li>\n<\/ul>\n<h5><strong>F\u00f3rmula:\u00a0<\/strong><\/h5>\n<p>Cloruros 43%, Sodio 28%, Sulfatos 15%, Calcio 8,8%, Fosfatos 1,5%, Carbonatos 1,2%, Tanino 0,04%, Magnesio 600 ppm, Manganeso 360 ppm, Cobre 250 ppm, Zinc 240 ppm, Yodo 90 ppm.<\/p>\n<p>Se recomienda para animales a campo, de cr\u00eda, de engorde o de producci\u00f3n lechera que est\u00e1n sobre pasturas de baja calidad, sobre todo donde existe carencias de minerales como el Cobre, Calcio, F\u00f3sforo y Zinc que son factores muy importantes en el logro de una nutrici\u00f3n eficaz.<\/p>\n<p>Las sales correctivas est\u00e1n formuladas para cubrir los requerimientos nutricionales en forma efectiva cuando el alimento de la ingesta no produce los aportes necesarios para el logro de una optima nutrici\u00f3n del ganado. Alimentar no es nutrir, son dos conceptos distintos. El animal puede estar alimentado con abundantes pasturas pero presentando un aspecto deficiente debido a la baja calidad de su alimento que no hace el aporte de minerales que el ganado necesita. Los Bloques SALGAR act\u00faan por acci\u00f3n mec\u00e1nica directamente sobre el anillo circular de kolleker, evitando as\u00ed la ca\u00edda de los dientes, favoreciendo la ingesti\u00f3n de pastos duros. El animal que lame estos bloques evita este problema ya que son de formulaci\u00f3n s\u00f3lida y al ser de estructura suave, al lamer incorpora a su organismo en forma sostenida los nutrientes necesarios. Siendo esta la verdadera \u201cv\u00eda biol\u00f3gica\u201d.<\/p>\n<p>&nbsp;<\/p>\n<p>Salgar<\/p>\n","protected":false},"excerpt":{"rendered":"<p>Contiene un bloque de 13 kg. Suplemento mineral para ganado. Para lamer. F\u00f3rmula:\u00a0 Cloruros 43%, Sodio 28%, Sulfatos 15%, Calcio 8,8%, Fosfatos 1,5%, Carbonatos 1,2%, Tanino 0,04%, Magnesio 600 ppm, Manganeso 360 ppm, Cobre 250 ppm, Zinc 240 ppm, Yodo 90 ppm. Se recomienda para animales a campo, de cr\u00eda, de engorde o de producci\u00f3n &#8230; <a title=\"Bloque de sal tric\u00e1lcico x 13 kg &#8211; Salgar\" class=\"read-more\" href=\"https:\/\/vetaustral.com.ar\/?product=bloque-de-sal-tricalcico-x-12-kg-salgar\" aria-label=\"Leer m\u00e1s sobre Bloque de sal tric\u00e1lcico x 13 kg &#8211; Salgar\">Leer m\u00e1s<\/a><\/p>\n","protected":false},"featured_media":2133,"comment_status":"open","ping_status":"closed","template":"","meta":[],"product_brand":[315],"product_cat":[32,52],"product_tag":[313,84,314,312],"class_list":{"0":"post-2132","1":"product","2":"type-product","3":"status-publish","4":"has-post-thumbnail","6":"product_brand-salgar","7":"product_cat-farmacia","8":"product_cat-grandes-animales","9":"product_tag-calcio-para-vacas","10":"product_tag-minerales","11":"product_tag-para-lamer","12":"product_tag-piedra-de-sal-para-vacas","13":"sales-flash-overlay","14":"woocommerce-text-align-center","15":"woocommerce-image-align-center","16":"do-quantity-buttons","18":"first","19":"instock","20":"taxable","21":"shipping-taxable","22":"purchasable","23":"product-type-simple"},"jetpack_sharing_enabled":true,"_links":{"self":[{"href":"https:\/\/vetaustral.com.ar\/index.php?rest_route=\/wp\/v2\/product\/2132","targetHints":{"allow":["GET"]}}],"collection":[{"href":"https:\/\/vetaustral.com.ar\/index.php?rest_route=\/wp\/v2\/product"}],"about":[{"href":"https:\/\/vetaustral.com.ar\/index.php?rest_route=\/wp\/v2\/types\/product"}],"replies":[{"embeddable":true,"href":"https:\/\/vetaustral.com.ar\/index.php?rest_route=%2Fwp%2Fv2%2Fcomments&post=2132"}],"wp:featuredmedia":[{"embeddable":true,"href":"https:\/\/vetaustral.com.ar\/index.php?rest_route=\/wp\/v2\/media\/2133"}],"wp:attachment":[{"href":"https:\/\/vetaustral.com.ar\/index.php?rest_route=%2Fwp%2Fv2%2Fmedia&parent=2132"}],"wp:term":[{"taxonomy":"product_brand","embeddable":true,"href":"https:\/\/vetaustral.com.ar\/index.php?rest_route=%2Fwp%2Fv2%2Fproduct_brand&post=2132"},{"taxonomy":"product_cat","embeddable":true,"href":"https:\/\/vetaustral.com.ar\/index.php?rest_route=%2Fwp%2Fv2%2Fproduct_cat&post=2132"},{"taxonomy":"product_tag","embeddable":true,"href":"https:\/\/vetaustral.com.ar\/index.php?rest_route=%2Fwp%2Fv2%2Fproduct_tag&post=2132"}],"curies":[{"name":"wp","href":"https:\/\/api.w.org\/{rel}","templated":true}]}}