{"id":2127,"date":"2026-03-03T22:29:24","date_gmt":"2026-03-03T22:29:24","guid":{"rendered":"https:\/\/vetaustral.com.ar\/?post_type=product&#038;p=2127"},"modified":"2026-03-03T22:31:27","modified_gmt":"2026-03-03T22:31:27","slug":"dermastudio-shampoo-ectocare-x-250-ml-richmond-vet-pharma","status":"publish","type":"product","link":"https:\/\/vetaustral.com.ar\/?product=dermastudio-shampoo-ectocare-x-250-ml-richmond-vet-pharma","title":{"rendered":"Dermastudio shampoo ectocare x 250 ml &#8211; Richmond Vet Pharma"},"content":{"rendered":"<p>Contiene 1 pomo de 250 ml\/ 8,5 Oz.<\/p>\n<ul>\n<li>Listos para usar. F\u00f3rmula balanceada. pH Controlado.<\/li>\n<li>Higiene general para perros y gatos.<\/li>\n<\/ul>\n<h3>DERMA STUDIO \u2013 ECTOCARE NATURAL<\/h3>\n<p><strong>Dermastudio Ectocare Natural<\/strong>\u00a0es el primer producto de la l\u00ednea Dermastudio Professional Groom.<\/p>\n<ul>\n<li>Un shampoo 100% natural para uso en perros y gatos de todas las edades, dise\u00f1ado para el control de pulgas, garrapatas y mosquitos.<\/li>\n<li>Sin pesticidas qu\u00edmicos, no contaminante del medio ambiente, biodegradable, hipoalerg\u00e9nico y 100% libre de disruptores endocrinos.<\/li>\n<li>Dermocosm\u00e9tica de avanzada: M\u00e1s all\u00e1 del control parasitario<\/li>\n<li>Un tratamiento efectivo no debe comprometer la salud de la piel y el pelo. Al igual que Dermapet y como parte de Dermastudio,<\/li>\n<\/ul>\n<p><strong>Ectocare Natural<\/strong>\u00a0est\u00e1 enriquecido con componentes que protegen y cuidan el manto, brind\u00e1ndole hidrataci\u00f3n, elasticidad y respetando la barrera cut\u00e1nea.<\/p>\n<ul>\n<li><strong>Beta\u00edna de Coco:<\/strong>\u00a0Un tensioactivo suave derivado del aceite de coco. Asegura una limpieza efectiva mientras aporta propiedades humectantes y calmantes, preservando as\u00ed la integridad de la piel.<\/li>\n<li><strong>Col\u00e1geno Hidrolizado:<\/strong>\u00a0Prote\u00edna esencial que restaura y aporta fuerza, elasticidad e hidrataci\u00f3n profunda tanto a la piel como al pelo.<\/li>\n<li>Componentes activos<\/li>\n<li><strong>Aceite Esencial de Menta<\/strong>\u00a0\u2013 Repelencia por saturaci\u00f3n sensorial: Su intenso aroma satura el sistema nervioso de los insectos, provocando una efectiva repelencia de pulgas, garrapatas y mosquitos.<\/li>\n<li><strong>Aceite Esencial de Romero<\/strong>\u00a0\u2013 Doble Acci\u00f3n: Repelente y Antiinflamatoria: Posee compuestos como cineol, alcanfor y pineno, que le otorgan potentes propiedades repelentes. Adem\u00e1s, el romero aporta acci\u00f3n antiinflamatoria que ayuda a mejorar las lesiones en la piel causadas por las picaduras de pulgas y garrapatas.<\/li>\n<li><strong>Aceite Esencial de Lavanda<\/strong>\u00a0\u2013 Sinergia Arom\u00e1tica y Calmante: Contiene componentes como linalol, acetato de linalilo y monoterpenos (limoneno, pineno), cuyo intenso aroma lo convierte en un repelente natural contra pulgas y garrapatas. Adem\u00e1s, posee sesquiterpenos como el cariofileno, que le confieren propiedades antiinflamatorias y antial\u00e9rgicas para aliviar la irritaci\u00f3n por picaduras.<\/li>\n<\/ul>\n<p><strong>Forma de uso<\/strong><br \/>\nUso externo. Mojar el pelo del animal y agregar directamente una cantidad adecuada de shampoo, se recomiendan 50 ml cada 10 kg, frotar y masajear hasta lograr la formaci\u00f3n de abundante espuma. Dejar actuar entre 10 y 15 minutos. Enjuagar con abundante agua. Lavar cada 7 d\u00edas o a criterio del profesional veterinario.<\/p>\n<p>Dermapet by Richmond Vet Pharma<\/p>\n","protected":false},"excerpt":{"rendered":"<p>Contiene 1 pomo de 250 ml\/ 8,5 Oz. Listos para usar. F\u00f3rmula balanceada. pH Controlado. Higiene general para perros y gatos. DERMA STUDIO \u2013 ECTOCARE NATURAL Dermastudio Ectocare Natural\u00a0es el primer producto de la l\u00ednea Dermastudio Professional Groom. Un shampoo 100% natural para uso en perros y gatos de todas las edades, dise\u00f1ado para el &#8230; <a title=\"Dermastudio shampoo ectocare x 250 ml &#8211; Richmond Vet Pharma\" class=\"read-more\" href=\"https:\/\/vetaustral.com.ar\/?product=dermastudio-shampoo-ectocare-x-250-ml-richmond-vet-pharma\" aria-label=\"Leer m\u00e1s sobre Dermastudio shampoo ectocare x 250 ml &#8211; Richmond Vet Pharma\">Leer m\u00e1s<\/a><\/p>\n","protected":false},"featured_media":2128,"comment_status":"open","ping_status":"closed","template":"","meta":[],"product_brand":[303],"product_cat":[36,32],"product_tag":[237,306,151],"class_list":{"0":"post-2127","1":"product","2":"type-product","3":"status-publish","4":"has-post-thumbnail","6":"product_brand-richmond-vet-pharma","7":"product_cat-animales-de-compania","8":"product_cat-farmacia","9":"product_tag-para-perros-y-gatos","10":"product_tag-repelente-de-pulgas-y-garrapatas","11":"product_tag-shampoo","12":"sales-flash-overlay","13":"woocommerce-text-align-center","14":"woocommerce-image-align-center","15":"do-quantity-buttons","17":"first","18":"instock","19":"taxable","20":"shipping-taxable","21":"purchasable","22":"product-type-simple"},"jetpack_sharing_enabled":true,"_links":{"self":[{"href":"https:\/\/vetaustral.com.ar\/index.php?rest_route=\/wp\/v2\/product\/2127","targetHints":{"allow":["GET"]}}],"collection":[{"href":"https:\/\/vetaustral.com.ar\/index.php?rest_route=\/wp\/v2\/product"}],"about":[{"href":"https:\/\/vetaustral.com.ar\/index.php?rest_route=\/wp\/v2\/types\/product"}],"replies":[{"embeddable":true,"href":"https:\/\/vetaustral.com.ar\/index.php?rest_route=%2Fwp%2Fv2%2Fcomments&post=2127"}],"wp:featuredmedia":[{"embeddable":true,"href":"https:\/\/vetaustral.com.ar\/index.php?rest_route=\/wp\/v2\/media\/2128"}],"wp:attachment":[{"href":"https:\/\/vetaustral.com.ar\/index.php?rest_route=%2Fwp%2Fv2%2Fmedia&parent=2127"}],"wp:term":[{"taxonomy":"product_brand","embeddable":true,"href":"https:\/\/vetaustral.com.ar\/index.php?rest_route=%2Fwp%2Fv2%2Fproduct_brand&post=2127"},{"taxonomy":"product_cat","embeddable":true,"href":"https:\/\/vetaustral.com.ar\/index.php?rest_route=%2Fwp%2Fv2%2Fproduct_cat&post=2127"},{"taxonomy":"product_tag","embeddable":true,"href":"https:\/\/vetaustral.com.ar\/index.php?rest_route=%2Fwp%2Fv2%2Fproduct_tag&post=2127"}],"curies":[{"name":"wp","href":"https:\/\/api.w.org\/{rel}","templated":true}]}}