{"id":2123,"date":"2026-03-03T22:07:41","date_gmt":"2026-03-03T22:07:41","guid":{"rendered":"https:\/\/vetaustral.com.ar\/?post_type=product&#038;p=2123"},"modified":"2026-03-03T22:07:41","modified_gmt":"2026-03-03T22:07:41","slug":"dermapet-acondicionador-x-250-ml-richmond-vet-pharma","status":"publish","type":"product","link":"https:\/\/vetaustral.com.ar\/?product=dermapet-acondicionador-x-250-ml-richmond-vet-pharma","title":{"rendered":"Dermapet acondicionador x 250 ml &#8211; Richmond Vet Pharma"},"content":{"rendered":"<p>Contiene 1 pomo de 250 ml\/ 8,5 Oz.<\/p>\n<h3>Dermapet Hair Styling Conditioner<\/h3>\n<h4>ACONDICIONADOR CERAMIDAS Y PRO VITAMINA B5<\/h4>\n<p>Crema de enjuague, acondicionador y tratamiento nutritivo.<br \/>\nRestaura e hidrata el pelaje, torn\u00e1ndolo d\u00f3cil, sedoso y f\u00e1cil de peinar. Contribuye en la remoci\u00f3n del pelo muerto, apelmazado o anudado.<\/p>\n<p>El movimiento y belleza te sorprender\u00e1. Facilita el secado y modelado del manto largo o doble capa.<\/p>\n<p><strong>Composici\u00f3n:<\/strong><\/p>\n<ul>\n<li><strong>Ceramidas<\/strong><\/li>\n<\/ul>\n<p>Las ceramidas son l\u00edpidos presentes en el cemento intercelular de la \u00faltima capa de la piel y fibra del manto.<\/p>\n<p>Controla la p\u00e9rdida de agua, al cerrar la fibra y la cut\u00edcula del pelo, logrando en esta acci\u00f3n una hidrataci\u00f3n extrema del manto y resaltando el brillo natural.<\/p>\n<p>Brillo y docilidad al corte y peinado.<strong>\u00a0<\/strong><\/p>\n<ul>\n<li><strong>Pro Vitamina B5<\/strong><\/li>\n<\/ul>\n<p>La Pro Vitamina B5 es un nutriente de uso exclusivo e innovador en dermocosm\u00e9tica animal. Los mantos suaves y delicados, necesitan de un cuidado especial.<\/p>\n<p>Esta vitamina es un compuesto altamente soluble, presente en la mayor\u00eda de las c\u00e9lulas del cuerpo.<\/p>\n<p>Su presencia en las concentraciones apropiadas repara, hidrata y fortalece la fibra capilar.<\/p>\n<p>Una vez en contacto con la piel, la Pro Vitamina B5 penetra en la epidermis transform\u00e1ndose en vitamina B5 activa, ejerciendo una especial acci\u00f3n antimicrobiana y antis\u00e9ptica, disminuyendo la\u00a0\u00a0irritaci\u00f3n e hidratando la piel. Esta acci\u00f3n favorece la regeneraci\u00f3n de la dermis y facilita el peinado final.<\/p>\n<p><strong>Indicaciones:<\/strong><\/p>\n<p>Innovador por su f\u00f3rmula\u00a0\u00a0<strong>Dermapet Hair Stilyn Conditio<\/strong>ner\u00a0 est\u00e1 indicado en todo tipo de mantos con especial indicaci\u00f3n en aquellos que presentan ba\u00f1os frecuentes, manteniendo la piel y el manto hidratados, reduciendo las afecciones m\u00e1s habituales como lo son la sequedad de piel, picaz\u00f3n y alergias.<\/p>\n<p><strong>Aroma\u00a0Coconut Live:\u00a0<\/strong>Una delicada combinaci\u00f3n natural de coco y lima. El toque final de distinci\u00f3n.<\/p>\n<p><strong>Color<\/strong>: Blanco Nacarado<\/p>\n<p><strong>Modo de uso<\/strong><\/p>\n<p><strong>Uso externo<\/strong>. Para ser utilizado exclusivamente en animales. Agite bien antes de usar.<\/p>\n<p>Aplicar luego de haber lavado al animal con el\u00a0<strong>Shampoo de la L\u00ednea Dermapet<\/strong>\u00a0elegido.<\/p>\n<p><strong>Dermapet Hair Styling Conditioner<\/strong>\u00a0podr\u00e1 ser utilizado en animales de manto lacio y en aquellos de m\u00e1s de 15 cm de largo, aplic\u00e1ndolo puro sobre las puntas, o en el total del manto si buscamos un lacio extremo y sin volumen. Su textura sin diluir, logra que pueda ser aplicado uniformemente y con facilidad, sin grumos y con alta dispersi\u00f3n.<\/p>\n<p>Dermapet by Richmond Vet Pharma<\/p>\n","protected":false},"excerpt":{"rendered":"<p>Contiene 1 pomo de 250 ml\/ 8,5 Oz. Dermapet Hair Styling Conditioner ACONDICIONADOR CERAMIDAS Y PRO VITAMINA B5 Crema de enjuague, acondicionador y tratamiento nutritivo. Restaura e hidrata el pelaje, torn\u00e1ndolo d\u00f3cil, sedoso y f\u00e1cil de peinar. Contribuye en la remoci\u00f3n del pelo muerto, apelmazado o anudado. El movimiento y belleza te sorprender\u00e1. Facilita el &#8230; <a title=\"Dermapet acondicionador x 250 ml &#8211; Richmond Vet Pharma\" class=\"read-more\" href=\"https:\/\/vetaustral.com.ar\/?product=dermapet-acondicionador-x-250-ml-richmond-vet-pharma\" aria-label=\"Leer m\u00e1s sobre Dermapet acondicionador x 250 ml &#8211; Richmond Vet Pharma\">Leer m\u00e1s<\/a><\/p>\n","protected":false},"featured_media":2124,"comment_status":"open","ping_status":"closed","template":"","meta":[],"product_brand":[303],"product_cat":[36,32],"product_tag":[150],"class_list":{"0":"post-2123","1":"product","2":"type-product","3":"status-publish","4":"has-post-thumbnail","6":"product_brand-richmond-vet-pharma","7":"product_cat-animales-de-compania","8":"product_cat-farmacia","9":"product_tag-acondicionador","10":"sales-flash-overlay","11":"woocommerce-text-align-center","12":"woocommerce-image-align-center","13":"do-quantity-buttons","15":"first","16":"instock","17":"taxable","18":"shipping-taxable","19":"purchasable","20":"product-type-simple"},"jetpack_sharing_enabled":true,"_links":{"self":[{"href":"https:\/\/vetaustral.com.ar\/index.php?rest_route=\/wp\/v2\/product\/2123","targetHints":{"allow":["GET"]}}],"collection":[{"href":"https:\/\/vetaustral.com.ar\/index.php?rest_route=\/wp\/v2\/product"}],"about":[{"href":"https:\/\/vetaustral.com.ar\/index.php?rest_route=\/wp\/v2\/types\/product"}],"replies":[{"embeddable":true,"href":"https:\/\/vetaustral.com.ar\/index.php?rest_route=%2Fwp%2Fv2%2Fcomments&post=2123"}],"wp:featuredmedia":[{"embeddable":true,"href":"https:\/\/vetaustral.com.ar\/index.php?rest_route=\/wp\/v2\/media\/2124"}],"wp:attachment":[{"href":"https:\/\/vetaustral.com.ar\/index.php?rest_route=%2Fwp%2Fv2%2Fmedia&parent=2123"}],"wp:term":[{"taxonomy":"product_brand","embeddable":true,"href":"https:\/\/vetaustral.com.ar\/index.php?rest_route=%2Fwp%2Fv2%2Fproduct_brand&post=2123"},{"taxonomy":"product_cat","embeddable":true,"href":"https:\/\/vetaustral.com.ar\/index.php?rest_route=%2Fwp%2Fv2%2Fproduct_cat&post=2123"},{"taxonomy":"product_tag","embeddable":true,"href":"https:\/\/vetaustral.com.ar\/index.php?rest_route=%2Fwp%2Fv2%2Fproduct_tag&post=2123"}],"curies":[{"name":"wp","href":"https:\/\/api.w.org\/{rel}","templated":true}]}}