{"id":2121,"date":"2026-03-03T21:58:00","date_gmt":"2026-03-03T21:58:00","guid":{"rendered":"https:\/\/vetaustral.com.ar\/?post_type=product&#038;p=2121"},"modified":"2026-03-03T21:58:00","modified_gmt":"2026-03-03T21:58:00","slug":"dermapet-shampoo-antiseborreico-x-250-ml-richmond-vet-pharma","status":"publish","type":"product","link":"https:\/\/vetaustral.com.ar\/?product=dermapet-shampoo-antiseborreico-x-250-ml-richmond-vet-pharma","title":{"rendered":"Dermapet shampoo antiseborreico x 250 ml &#8211; Richmond Vet Pharma"},"content":{"rendered":"<p>Contiene 1 pomo de 250 ml\/ 8,5 Oz.<\/p>\n<ul>\n<li>Listos para usar. F\u00f3rmula balanceada. pH Controlado.<\/li>\n<li>Higiene general para perros y gatos.<\/li>\n<\/ul>\n<p><strong>SHAMPOO MEDICADO PARA EL TRATAMIENTO DE SEBORREAS EN GATOS Y PERROS.<\/strong><\/p>\n<p><strong>Dermapet Sebolitic<\/strong>\u00a0es un Shampoo medicado con excelentes propiedades para tratar los diferentes tipos de Seborrea. Su forma espec\u00edficamente dise\u00f1ada, aporta componentes m\u00e9dicos y de dermocosm\u00e9tica necesarios para brindar un tratamiento integral a la piel de los animales que padecen este signo cl\u00ednico.<\/p>\n<p><strong>Composici\u00f3n<\/strong><\/p>\n<ul>\n<li><strong>\u00c1cido salic\u00edlico<\/strong><\/li>\n<\/ul>\n<p>El \u00e1cido salic\u00edlico en combinaci\u00f3n con otros activos, tiene una acci\u00f3n directa sobre las c\u00e9lulas muertas de la piel, eliminando el exceso de descamaci\u00f3n del estrato c\u00f3rneo y favoreciendo la apertura de los poros que permitir\u00e1n una r\u00e1pida hidrataci\u00f3n de la epidermis, devolvi\u00e9ndole su calidad y salud. Potente actividad antif\u00fangica contra hongos y levaduras.<\/p>\n<ul>\n<li><strong>Ceramidas<\/strong><\/li>\n<\/ul>\n<p>Las ceramidas son l\u00edpidos presentes en el cemento intercelular de la \u00faltima capa de la piel y fibra del manto.<\/p>\n<p>Controla la p\u00e9rdida de agua, al cerrar la fibra y la cut\u00edcula del pelo, logrando en esta acci\u00f3n una hidrataci\u00f3n extrema del manto y resaltando el brillo natural.<\/p>\n<p>Brillo y docilidad al corte y peinado.<strong>\u00a0<\/strong><\/p>\n<p><strong>Indicaciones<\/strong><\/p>\n<p>Indicado en el tratamiento de las dermatitis seborreicas. Su potente acci\u00f3n antis\u00e9ptica y\u00a0\u00a0antipruriginosa colaboran en restaurar el estado de la piel y manto de manera inmediata, logrando reducir el prurito y rascado consecuente, disminuyendo la inflamaci\u00f3n y devolvi\u00e9ndole el confort al animal.<\/p>\n<p><strong>Aroma Doha Pearl<\/strong>. Una fragancia desarrollada con alta capacidad de penetraci\u00f3n y persistencia, ideal para contrarrestar el olor caracter\u00edstico de la piel con dermatitis seborreica.<\/p>\n<p><strong>Color<\/strong>: Verde Nacarado<\/p>\n<p><strong>Modo de uso<\/strong><\/p>\n<p><strong>Uso externo<\/strong>. Para ser utilizado exclusivamente en animales. Agite bien antes de usar. Uso Veterinario<\/p>\n<p>Mojar por completo el pelaje, luego aplicar\u00a0<strong>Shampoo<\/strong>\u00a0<strong>Dermapet Sebolitic\u00a0<\/strong>dando un suave y profundo masaje que asegure la penetraci\u00f3n del producto, la formaci\u00f3n de espuma y una homog\u00e9nea distribuci\u00f3n.<\/p>\n<p>Enjuagar con abundante agua. Repetir la operaci\u00f3n para obtener \u00f3ptimos resultados. A continuaci\u00f3n proceder con el secado.<\/p>\n<p>Lavar cada 7 d\u00edas o seg\u00fan criterio del m\u00e9dico veterinario.<\/p>\n<p>Dermapet by Richmond Vet Pharma<\/p>\n","protected":false},"excerpt":{"rendered":"<p>Contiene 1 pomo de 250 ml\/ 8,5 Oz. Listos para usar. F\u00f3rmula balanceada. pH Controlado. Higiene general para perros y gatos. SHAMPOO MEDICADO PARA EL TRATAMIENTO DE SEBORREAS EN GATOS Y PERROS. Dermapet Sebolitic\u00a0es un Shampoo medicado con excelentes propiedades para tratar los diferentes tipos de Seborrea. Su forma espec\u00edficamente dise\u00f1ada, aporta componentes m\u00e9dicos y &#8230; <a title=\"Dermapet shampoo antiseborreico x 250 ml &#8211; Richmond Vet Pharma\" class=\"read-more\" href=\"https:\/\/vetaustral.com.ar\/?product=dermapet-shampoo-antiseborreico-x-250-ml-richmond-vet-pharma\" aria-label=\"Leer m\u00e1s sobre Dermapet shampoo antiseborreico x 250 ml &#8211; Richmond Vet Pharma\">Leer m\u00e1s<\/a><\/p>\n","protected":false},"featured_media":2122,"comment_status":"open","ping_status":"closed","template":"","meta":[],"product_brand":[303],"product_cat":[36,32],"product_tag":[155,237,151],"class_list":{"0":"post-2121","1":"product","2":"type-product","3":"status-publish","4":"has-post-thumbnail","6":"product_brand-richmond-vet-pharma","7":"product_cat-animales-de-compania","8":"product_cat-farmacia","9":"product_tag-antiseborreico","10":"product_tag-para-perros-y-gatos","11":"product_tag-shampoo","12":"sales-flash-overlay","13":"woocommerce-text-align-center","14":"woocommerce-image-align-center","15":"do-quantity-buttons","17":"first","18":"instock","19":"taxable","20":"shipping-taxable","21":"purchasable","22":"product-type-simple"},"jetpack_sharing_enabled":true,"_links":{"self":[{"href":"https:\/\/vetaustral.com.ar\/index.php?rest_route=\/wp\/v2\/product\/2121","targetHints":{"allow":["GET"]}}],"collection":[{"href":"https:\/\/vetaustral.com.ar\/index.php?rest_route=\/wp\/v2\/product"}],"about":[{"href":"https:\/\/vetaustral.com.ar\/index.php?rest_route=\/wp\/v2\/types\/product"}],"replies":[{"embeddable":true,"href":"https:\/\/vetaustral.com.ar\/index.php?rest_route=%2Fwp%2Fv2%2Fcomments&post=2121"}],"wp:featuredmedia":[{"embeddable":true,"href":"https:\/\/vetaustral.com.ar\/index.php?rest_route=\/wp\/v2\/media\/2122"}],"wp:attachment":[{"href":"https:\/\/vetaustral.com.ar\/index.php?rest_route=%2Fwp%2Fv2%2Fmedia&parent=2121"}],"wp:term":[{"taxonomy":"product_brand","embeddable":true,"href":"https:\/\/vetaustral.com.ar\/index.php?rest_route=%2Fwp%2Fv2%2Fproduct_brand&post=2121"},{"taxonomy":"product_cat","embeddable":true,"href":"https:\/\/vetaustral.com.ar\/index.php?rest_route=%2Fwp%2Fv2%2Fproduct_cat&post=2121"},{"taxonomy":"product_tag","embeddable":true,"href":"https:\/\/vetaustral.com.ar\/index.php?rest_route=%2Fwp%2Fv2%2Fproduct_tag&post=2121"}],"curies":[{"name":"wp","href":"https:\/\/api.w.org\/{rel}","templated":true}]}}