{"id":2118,"date":"2026-03-03T20:28:31","date_gmt":"2026-03-03T20:28:31","guid":{"rendered":"https:\/\/vetaustral.com.ar\/?post_type=product&#038;p=2118"},"modified":"2026-03-03T20:28:31","modified_gmt":"2026-03-03T20:28:31","slug":"dermapet-shampoo-antiseptico-x-250-ml-richmond-vet-pharma","status":"publish","type":"product","link":"https:\/\/vetaustral.com.ar\/?product=dermapet-shampoo-antiseptico-x-250-ml-richmond-vet-pharma","title":{"rendered":"Dermapet shampoo antis\u00e9ptico x 250 ml &#8211; Richmond Vet Pharma"},"content":{"rendered":"<p>Contiene 1 pomo de 250 ml\/ 8,5 Oz.<\/p>\n<ul>\n<li>Listos para usar. F\u00f3rmula balanceada. pH Controlado.<\/li>\n<li>Higiene general para perros y gatos.<\/li>\n<\/ul>\n<p><strong>SHAMPOO MEDICADO PARA EL TRATAMIENTO DE DERMATITIS EN GATOS Y PERROS.<\/strong><\/p>\n<p>La dermatitis es la enfermedad m\u00e1s com\u00fan de la piel, defini\u00e9ndose como la inflamaci\u00f3n de la dermis por diferentes causas. Infecciones bacterianas, fungicas, al\u00e9rgicas, irritativas y autoinmunes, con presentaci\u00f3n local o generalizada, superficial o profunda y de caracter\u00edsticas agudas o cr\u00f3nicas.<\/p>\n<p>Identificaremos a los diferentes tipos de dermatitis notando enrojecimiento y engrosamiento de la piel, exudados transparentes, purulentos o sanguinolentos en correspondencia con la presencia de costras y descamaciones.<\/p>\n<p>Es caracter\u00edstico el mal olor, el dolor al tacto, observando que el pelo se torna opaco, \u00e1spero y quebradizo pudiendo observar \u00e1reas de alopecia (p\u00e9rdida de pelo).<\/p>\n<p><strong>Composici\u00f3n<\/strong><strong>\u00a0<\/strong><\/p>\n<ul>\n<li><strong>Clorhexidina<\/strong><\/li>\n<\/ul>\n<p>Su principal principio activo, la Clorhexidina digluconato al 20%, es un potente antis\u00e9ptico eficaz contra las bacterias gram positivas y negativas, inclusive contra Malassezia spp.<\/p>\n<p>Formulado especialmente para que su acci\u00f3n bactericida persista en la piel luego del enjuague.<\/p>\n<p>La Clorhexidina digluconato nos asegura resultados visibles con muy buena tolerancia e inocuidad.<\/p>\n<ul>\n<li><strong>Beta\u00edna de coco<\/strong><\/li>\n<\/ul>\n<p>Permite estirar el pelo con mayor facilidad durante el secado. Compuesto derivado del aceite de coco con comprobadas propiedades antibacterianas. Promueve una limpieza suave sin agredir al pelo y su estructura. Favorece a mantener un pH de piel adecuado. Disminuye la est\u00e1tica de la fibra dejando el manto m\u00e1s d\u00f3cil y suave.<\/p>\n<p><strong>Indicaciones<\/strong><strong>\u00a0<\/strong><\/p>\n<p>El producto mantiene la higiene general de los animales, adem\u00e1s de actuar como antis\u00e9ptico, antimic\u00f3tico y antipruriginoso.<\/p>\n<p>Su uso est\u00e1 indicado en infecciones dermatol\u00f3gicas causadas por bacterias y hongos (Microsporum, Tricophytum, Malassezia), desinfecci\u00f3n de heridas superficiales y\/o profundas.<\/p>\n<p><strong>Modo de uso<\/strong><strong>\u00a0<\/strong><\/p>\n<p><strong>Uso externo<\/strong>. Para ser utilizado exclusivamente en animales. Agite bien antes de usar. Uso Veterinario<strong>\u00a0<\/strong><\/p>\n<p><strong>Uso como antis\u00e9ptico<\/strong>.\u00a0Mojar completamente el pelo del animal y aplicar\u00a0<strong>Dermapet Septicare<\/strong>, masajeando suavemente, hasta lograr la formaci\u00f3n de abundante espuma y distribuy\u00e9ndolo de manera homog\u00e9nea sobre el animal. Dejar actuar durante aproximadamente 10 a 15 minutos y luego enjuagar con abundante agua. Secar.<\/p>\n<p><strong>Uso en desinfecci\u00f3n de heridas<\/strong>. Aplicar en el \u00e1rea a desinfectar la cantidad necesaria de acuerdo al tama\u00f1o de la misma. Dejar actuar durante 10 a 15 minutos y enjuagar. La duraci\u00f3n del tratamiento se estima generalmente hasta la cicatrizaci\u00f3n.<\/p>\n<p>Control de dermatofitosis (ti\u00f1as). Realizar el tratamiento cada 5-7 d\u00edas, repiti\u00e9ndolo hasta remisi\u00f3n de la patolog\u00eda.<\/p>\n<p><strong>Uso en Piodermias Bacterianas<\/strong>.\u00a0Ba\u00f1ar al animal cada 48 horas y luego espaciar los ba\u00f1os de acuerdo al criterio del m\u00e9dico veterinario.<\/p>\n<p><strong>Aroma Bio Cure.\u00a0<\/strong>Una Fragancia neutralizadora que expone salud e higiene a los sentidos, diferenci\u00e1ndose de los fuertes olores de los antis\u00e9pticos comunes.<\/p>\n<p><strong>Color<\/strong>: Naranja Nacarado<\/p>\n<p>Dermapet by Richmond Vet Pharma<\/p>\n","protected":false},"excerpt":{"rendered":"<p>Contiene 1 pomo de 250 ml\/ 8,5 Oz. Listos para usar. F\u00f3rmula balanceada. pH Controlado. Higiene general para perros y gatos. SHAMPOO MEDICADO PARA EL TRATAMIENTO DE DERMATITIS EN GATOS Y PERROS. La dermatitis es la enfermedad m\u00e1s com\u00fan de la piel, defini\u00e9ndose como la inflamaci\u00f3n de la dermis por diferentes causas. Infecciones bacterianas, fungicas, &#8230; <a title=\"Dermapet shampoo antis\u00e9ptico x 250 ml &#8211; Richmond Vet Pharma\" class=\"read-more\" href=\"https:\/\/vetaustral.com.ar\/?product=dermapet-shampoo-antiseptico-x-250-ml-richmond-vet-pharma\" aria-label=\"Leer m\u00e1s sobre Dermapet shampoo antis\u00e9ptico x 250 ml &#8211; Richmond Vet Pharma\">Leer m\u00e1s<\/a><\/p>\n","protected":false},"featured_media":2120,"comment_status":"open","ping_status":"closed","template":"","meta":[],"product_brand":[303],"product_cat":[36,32],"product_tag":[153,237,151],"class_list":{"0":"post-2118","1":"product","2":"type-product","3":"status-publish","4":"has-post-thumbnail","6":"product_brand-richmond-vet-pharma","7":"product_cat-animales-de-compania","8":"product_cat-farmacia","9":"product_tag-antiseptico","10":"product_tag-para-perros-y-gatos","11":"product_tag-shampoo","12":"sales-flash-overlay","13":"woocommerce-text-align-center","14":"woocommerce-image-align-center","15":"do-quantity-buttons","17":"first","18":"instock","19":"taxable","20":"shipping-taxable","21":"purchasable","22":"product-type-simple"},"jetpack_sharing_enabled":true,"_links":{"self":[{"href":"https:\/\/vetaustral.com.ar\/index.php?rest_route=\/wp\/v2\/product\/2118","targetHints":{"allow":["GET"]}}],"collection":[{"href":"https:\/\/vetaustral.com.ar\/index.php?rest_route=\/wp\/v2\/product"}],"about":[{"href":"https:\/\/vetaustral.com.ar\/index.php?rest_route=\/wp\/v2\/types\/product"}],"replies":[{"embeddable":true,"href":"https:\/\/vetaustral.com.ar\/index.php?rest_route=%2Fwp%2Fv2%2Fcomments&post=2118"}],"wp:featuredmedia":[{"embeddable":true,"href":"https:\/\/vetaustral.com.ar\/index.php?rest_route=\/wp\/v2\/media\/2120"}],"wp:attachment":[{"href":"https:\/\/vetaustral.com.ar\/index.php?rest_route=%2Fwp%2Fv2%2Fmedia&parent=2118"}],"wp:term":[{"taxonomy":"product_brand","embeddable":true,"href":"https:\/\/vetaustral.com.ar\/index.php?rest_route=%2Fwp%2Fv2%2Fproduct_brand&post=2118"},{"taxonomy":"product_cat","embeddable":true,"href":"https:\/\/vetaustral.com.ar\/index.php?rest_route=%2Fwp%2Fv2%2Fproduct_cat&post=2118"},{"taxonomy":"product_tag","embeddable":true,"href":"https:\/\/vetaustral.com.ar\/index.php?rest_route=%2Fwp%2Fv2%2Fproduct_tag&post=2118"}],"curies":[{"name":"wp","href":"https:\/\/api.w.org\/{rel}","templated":true}]}}