{"id":2115,"date":"2026-03-03T19:47:55","date_gmt":"2026-03-03T19:47:55","guid":{"rendered":"https:\/\/vetaustral.com.ar\/?post_type=product&#038;p=2115"},"modified":"2026-03-03T19:48:16","modified_gmt":"2026-03-03T19:48:16","slug":"dermomax-x-40-gr-brouwer","status":"publish","type":"product","link":"https:\/\/vetaustral.com.ar\/?product=dermomax-x-40-gr-brouwer","title":{"rendered":"Dermomax x 40 gr &#8211; Brouwer"},"content":{"rendered":"<p>Contiene 1 pomo en crema x 40 gr.<\/p>\n<p><span class=\"justificado\">Tratamiento de lesiones dermatol\u00f3gicas de etiolog\u00eda diversa, incluyendo infecciones bacterianas y mic\u00f3ticas, traum\u00e1ticas y de origen al\u00e9rgico.<\/span><\/p>\n<ul>\n<li>Antibacteriano, antimic\u00f3tico, antiinflamatorio, antipruriginoso, antial\u00e9rgico, anest\u00e9sico, cicatrizante, epitelizante.<\/li>\n<li>Para caninos y felinos.<\/li>\n<li>En crema.<\/li>\n<\/ul>\n<p>Cada 100 g contiene:<br \/>\nGentamicina \u2026\u2026\u2026\u2026\u2026\u2026\u2026. 0,12 g<br \/>\nClotrimazol \u2026\u2026\u2026\u2026\u2026\u2026\u2026\u2026\u2026 1 g<br \/>\nBetametasona \u2026\u2026\u2026\u2026\u2026\u2026. 0,12 g<br \/>\nLidoca\u00edna \u2026\u2026\u2026\u2026\u2026\u2026\u2026\u2026.. 0,50 g<br \/>\nVitamina A \u2026\u2026\u2026\u2026\u2026\u2026\u2026\u2026 0,06 g<br \/>\nExcipientes \u00a0c.s.p. \u2026\u2026\u2026\u2026\u2026. 100 g<\/p>\n<p><span class=\"justificado\">Aplicado sobre la piel presenta:<br \/>\n<\/span><span class=\"justificado\"><br \/>\n\u2022 Fuerte actividad antimicrobiana, cubriendo el espectro bacteriano y mic\u00f3tico com\u00fan en dermatolog\u00eda de\u00a0<strong>caninos y felinos.<\/strong><br \/>\n\u2022 Acci\u00f3n antiinflamatoria local, que permite resolver los procesos en los cuales la inflamaci\u00f3n juega un rol de importancia.<br \/>\n\u2022 Acci\u00f3n anest\u00e9sica local, por lo cual calma de inmediato el prurito y el dolor caracter\u00edsticos de estas patolog\u00edas.<br \/>\n\u2022 Efecto protector cut\u00e1neo y estimulante de la regeneraci\u00f3n de la epidermis y la cicatrizaci\u00f3n.<\/span><\/p>\n<p>Brouwer<\/p>\n","protected":false},"excerpt":{"rendered":"<p>Contiene 1 pomo en crema x 40 gr. Tratamiento de lesiones dermatol\u00f3gicas de etiolog\u00eda diversa, incluyendo infecciones bacterianas y mic\u00f3ticas, traum\u00e1ticas y de origen al\u00e9rgico. Antibacteriano, antimic\u00f3tico, antiinflamatorio, antipruriginoso, antial\u00e9rgico, anest\u00e9sico, cicatrizante, epitelizante. Para caninos y felinos. En crema. Cada 100 g contiene: Gentamicina \u2026\u2026\u2026\u2026\u2026\u2026\u2026. 0,12 g Clotrimazol \u2026\u2026\u2026\u2026\u2026\u2026\u2026\u2026\u2026 1 g Betametasona \u2026\u2026\u2026\u2026\u2026\u2026. 0,12 g &#8230; <a title=\"Dermomax x 40 gr &#8211; Brouwer\" class=\"read-more\" href=\"https:\/\/vetaustral.com.ar\/?product=dermomax-x-40-gr-brouwer\" aria-label=\"Leer m\u00e1s sobre Dermomax x 40 gr &#8211; Brouwer\">Leer m\u00e1s<\/a><\/p>\n","protected":false},"featured_media":2116,"comment_status":"open","ping_status":"closed","template":"","meta":[],"product_brand":[72],"product_cat":[36,32],"product_tag":[76,53,44,73,77],"class_list":{"0":"post-2115","1":"product","2":"type-product","3":"status-publish","4":"has-post-thumbnail","6":"product_brand-brouwer","7":"product_cat-animales-de-compania","8":"product_cat-farmacia","9":"product_tag-anestesico","10":"product_tag-antibiotico","11":"product_tag-antiinflamatorio","12":"product_tag-antimicotico","13":"product_tag-cicatrizante","14":"sales-flash-overlay","15":"woocommerce-text-align-center","16":"woocommerce-image-align-center","17":"do-quantity-buttons","19":"first","20":"instock","21":"taxable","22":"shipping-taxable","23":"purchasable","24":"product-type-simple"},"jetpack_sharing_enabled":true,"_links":{"self":[{"href":"https:\/\/vetaustral.com.ar\/index.php?rest_route=\/wp\/v2\/product\/2115","targetHints":{"allow":["GET"]}}],"collection":[{"href":"https:\/\/vetaustral.com.ar\/index.php?rest_route=\/wp\/v2\/product"}],"about":[{"href":"https:\/\/vetaustral.com.ar\/index.php?rest_route=\/wp\/v2\/types\/product"}],"replies":[{"embeddable":true,"href":"https:\/\/vetaustral.com.ar\/index.php?rest_route=%2Fwp%2Fv2%2Fcomments&post=2115"}],"wp:featuredmedia":[{"embeddable":true,"href":"https:\/\/vetaustral.com.ar\/index.php?rest_route=\/wp\/v2\/media\/2116"}],"wp:attachment":[{"href":"https:\/\/vetaustral.com.ar\/index.php?rest_route=%2Fwp%2Fv2%2Fmedia&parent=2115"}],"wp:term":[{"taxonomy":"product_brand","embeddable":true,"href":"https:\/\/vetaustral.com.ar\/index.php?rest_route=%2Fwp%2Fv2%2Fproduct_brand&post=2115"},{"taxonomy":"product_cat","embeddable":true,"href":"https:\/\/vetaustral.com.ar\/index.php?rest_route=%2Fwp%2Fv2%2Fproduct_cat&post=2115"},{"taxonomy":"product_tag","embeddable":true,"href":"https:\/\/vetaustral.com.ar\/index.php?rest_route=%2Fwp%2Fv2%2Fproduct_tag&post=2115"}],"curies":[{"name":"wp","href":"https:\/\/api.w.org\/{rel}","templated":true}]}}