{"id":2110,"date":"2026-02-26T20:24:53","date_gmt":"2026-02-26T20:24:53","guid":{"rendered":"https:\/\/vetaustral.com.ar\/?post_type=product&#038;p=2110"},"modified":"2026-02-26T20:24:54","modified_gmt":"2026-02-26T20:24:54","slug":"dermapet-shampoo-all-fit-x-250-ml-richmond-vet-pharma","status":"publish","type":"product","link":"https:\/\/vetaustral.com.ar\/?product=dermapet-shampoo-all-fit-x-250-ml-richmond-vet-pharma","title":{"rendered":"Dermapet shampoo all fit x 250 ml &#8211; Richmond Vet Pharma"},"content":{"rendered":"<p>Contiene 1 pomo de 250 ml\/ 8,5 Oz.<\/p>\n<ul>\n<li>Listos para usar. F\u00f3rmula balanceada. pH Controlado.<\/li>\n<li>Higiene general para perros y gatos.<\/li>\n<\/ul>\n<p><strong>SHAMPOO PARA PELO CORTOS, SEMI-LARGOS, LACIOS Y ONDULADOS. TODO TIPO DE PELO.<\/strong><\/p>\n<p>Exclusiva formula que combina componentes naturales especialmente desarrollados para respetar la textura y la posici\u00f3n que cada manto por su gen\u00e9tica tenga. Vers\u00e1til para destacar la belleza de los mantos en el trabajo diario.<\/p>\n<p><strong>Composici\u00f3n<\/strong><\/p>\n<ul>\n<li><strong>Aquilolamida de coco<\/strong><\/li>\n<\/ul>\n<p>Es un derivado del coco que brinda poder espumante, mejorando la dispersi\u00f3n de la suciedad, evita la acumulaci\u00f3n de grasa en el manto. Aporta grosor al pelo, cerrando la cut\u00edcula.<\/p>\n<ul>\n<li><strong>Aceite de Jojoba<\/strong><\/li>\n<\/ul>\n<p>Es un potente restaurador del brillo natural de la fibra capilar, aporta hidrataci\u00f3n de manera natural, tiene propiedades antioxidantes que recuperan la piel seca y da\u00f1ada causada por agentes f\u00edsicos como el sol, la suciedad y el smog.<\/p>\n<p><strong>Indicaciones<\/strong><\/p>\n<p>Es un shampoo para la higiene diaria de perros y gatos con notable poder dispersi\u00f3n de la grasa y suciedad. Est\u00e1 indicado para su uso regular todo tipo de mantos: cortos, semi-largos, lacio y ondulados.<\/p>\n<p><strong>Aroma:<\/strong>\u00a0Manzana. Una fragancia exquisita y persistente.<\/p>\n<p><strong>Color<\/strong>: Nacarado<\/p>\n<p><strong>Modo de Uso<\/strong><\/p>\n<p><strong>Uso externo.<\/strong>\u00a0Para ser utilizado exclusivamente en animales. Agite bien antes de usar.<\/p>\n<p>Mojar por completo el pelo, luego aplicar el\u00a0<strong>Shampoo Dermapet All Fit Texturizer<\/strong>\u00a0dando un suave masaje para lograr la formaci\u00f3n de espuma y una homog\u00e9nea distribuci\u00f3n.<\/p>\n<p>Dejar actuar durante aproximadamente 5 minutos, luego enjuagar con abundante agua. Aplicar seg\u00fan el pelo del animal siguiendo las indicaciones del envase. Luego de su enjuague proceder con el secado.<\/p>\n<p>Para un mayor rendimiento y penetraci\u00f3n en el pelo diluir una parte de shampoo con 5 partes de agua. Agitar bien antes de usar. Lavar cada 7 d\u00edas o a criterio profesional.<\/p>\n<p>Dermapet by Richmond Vet Pharma<\/p>\n","protected":false},"excerpt":{"rendered":"<p>Contiene 1 pomo de 250 ml\/ 8,5 Oz. Listos para usar. F\u00f3rmula balanceada. pH Controlado. Higiene general para perros y gatos. SHAMPOO PARA PELO CORTOS, SEMI-LARGOS, LACIOS Y ONDULADOS. TODO TIPO DE PELO. Exclusiva formula que combina componentes naturales especialmente desarrollados para respetar la textura y la posici\u00f3n que cada manto por su gen\u00e9tica tenga. &#8230; <a title=\"Dermapet shampoo all fit x 250 ml &#8211; Richmond Vet Pharma\" class=\"read-more\" href=\"https:\/\/vetaustral.com.ar\/?product=dermapet-shampoo-all-fit-x-250-ml-richmond-vet-pharma\" aria-label=\"Leer m\u00e1s sobre Dermapet shampoo all fit x 250 ml &#8211; Richmond Vet Pharma\">Leer m\u00e1s<\/a><\/p>\n","protected":false},"featured_media":2111,"comment_status":"open","ping_status":"closed","template":"","meta":[],"product_brand":[303],"product_cat":[36,32],"product_tag":[237,151],"class_list":{"0":"post-2110","1":"product","2":"type-product","3":"status-publish","4":"has-post-thumbnail","6":"product_brand-richmond-vet-pharma","7":"product_cat-animales-de-compania","8":"product_cat-farmacia","9":"product_tag-para-perros-y-gatos","10":"product_tag-shampoo","11":"sales-flash-overlay","12":"woocommerce-text-align-center","13":"woocommerce-image-align-center","14":"do-quantity-buttons","16":"first","17":"instock","18":"taxable","19":"shipping-taxable","20":"purchasable","21":"product-type-simple"},"jetpack_sharing_enabled":true,"_links":{"self":[{"href":"https:\/\/vetaustral.com.ar\/index.php?rest_route=\/wp\/v2\/product\/2110","targetHints":{"allow":["GET"]}}],"collection":[{"href":"https:\/\/vetaustral.com.ar\/index.php?rest_route=\/wp\/v2\/product"}],"about":[{"href":"https:\/\/vetaustral.com.ar\/index.php?rest_route=\/wp\/v2\/types\/product"}],"replies":[{"embeddable":true,"href":"https:\/\/vetaustral.com.ar\/index.php?rest_route=%2Fwp%2Fv2%2Fcomments&post=2110"}],"wp:featuredmedia":[{"embeddable":true,"href":"https:\/\/vetaustral.com.ar\/index.php?rest_route=\/wp\/v2\/media\/2111"}],"wp:attachment":[{"href":"https:\/\/vetaustral.com.ar\/index.php?rest_route=%2Fwp%2Fv2%2Fmedia&parent=2110"}],"wp:term":[{"taxonomy":"product_brand","embeddable":true,"href":"https:\/\/vetaustral.com.ar\/index.php?rest_route=%2Fwp%2Fv2%2Fproduct_brand&post=2110"},{"taxonomy":"product_cat","embeddable":true,"href":"https:\/\/vetaustral.com.ar\/index.php?rest_route=%2Fwp%2Fv2%2Fproduct_cat&post=2110"},{"taxonomy":"product_tag","embeddable":true,"href":"https:\/\/vetaustral.com.ar\/index.php?rest_route=%2Fwp%2Fv2%2Fproduct_tag&post=2110"}],"curies":[{"name":"wp","href":"https:\/\/api.w.org\/{rel}","templated":true}]}}