{"id":2104,"date":"2026-02-12T22:02:58","date_gmt":"2026-02-12T22:02:58","guid":{"rendered":"https:\/\/vetaustral.com.ar\/?post_type=product&#038;p=2104"},"modified":"2026-02-12T22:02:58","modified_gmt":"2026-02-12T22:02:58","slug":"dermapet-fragance-female-x-125-ml-richmond-vet-pharma","status":"publish","type":"product","link":"https:\/\/vetaustral.com.ar\/?product=dermapet-fragance-female-x-125-ml-richmond-vet-pharma","title":{"rendered":"Dermapet Fragance Female x 125 ml \u2013 Richmond Vet Pharma"},"content":{"rendered":"<p>Contiene 1 frasco con spray de 125 ml.<\/p>\n<ul>\n<li>Perfume de suave y delicado aroma, uso exclusivo en hembras.<\/li>\n<\/ul>\n<p>&nbsp;<\/p>\n<h5 class=\"hr hr-custom hr-left hr-icon-no   avia-builder-el-5  el_after_av_heading  el_before_av_textblock \"><strong>Composici\u00f3n:<\/strong><\/h5>\n<section class=\"av_textblock_section \">\n<div class=\"avia_textblock  \">\n<p>Alcohol de cereal, Propilenglicol, Esencia Penny<\/p>\n<h5><b>Aroma Female:<\/b><\/h5>\n<p>Hipoalerg\u00e9nico. Con microc\u00e1psulas de liberaci\u00f3n lenta. Long Acting<\/p>\n<h5><strong>Indicaciones:<\/strong><\/h5>\n<p>Perfume de fragancia intensa y persistencia para perros hembras.<\/p>\n<h5><strong>Modo de uso:<\/strong><\/h5>\n<p>Uso Externo. Rociar sobre la superficie del manto del animal en la cantidad deseada. Para obtener resultados \u00f3ptimos aplicar con el manto h\u00famero a pelo y contrapelo. Luego del secado profundo repetir nuevamente la aplicaci\u00f3n.<\/p>\n<p>&nbsp;<\/p>\n<\/div>\n<p>Dermapet by Richmond Vet Pharma<\/p>\n<\/section>\n","protected":false},"excerpt":{"rendered":"<p>Contiene 1 frasco con spray de 125 ml. Perfume de suave y delicado aroma, uso exclusivo en hembras. &nbsp; Composici\u00f3n: Alcohol de cereal, Propilenglicol, Esencia Penny Aroma Female: Hipoalerg\u00e9nico. Con microc\u00e1psulas de liberaci\u00f3n lenta. Long Acting Indicaciones: Perfume de fragancia intensa y persistencia para perros hembras. Modo de uso: Uso Externo. Rociar sobre la superficie &#8230; <a title=\"Dermapet Fragance Female x 125 ml \u2013 Richmond Vet Pharma\" class=\"read-more\" href=\"https:\/\/vetaustral.com.ar\/?product=dermapet-fragance-female-x-125-ml-richmond-vet-pharma\" aria-label=\"Leer m\u00e1s sobre Dermapet Fragance Female x 125 ml \u2013 Richmond Vet Pharma\">Leer m\u00e1s<\/a><\/p>\n","protected":false},"featured_media":2105,"comment_status":"open","ping_status":"closed","template":"","meta":[],"product_brand":[303],"product_cat":[36,32],"product_tag":[304],"class_list":{"0":"post-2104","1":"product","2":"type-product","3":"status-publish","4":"has-post-thumbnail","6":"product_brand-richmond-vet-pharma","7":"product_cat-animales-de-compania","8":"product_cat-farmacia","9":"product_tag-perfume-para-perros","10":"sales-flash-overlay","11":"woocommerce-text-align-center","12":"woocommerce-image-align-center","13":"do-quantity-buttons","15":"first","16":"instock","17":"taxable","18":"shipping-taxable","19":"purchasable","20":"product-type-simple"},"jetpack_sharing_enabled":true,"_links":{"self":[{"href":"https:\/\/vetaustral.com.ar\/index.php?rest_route=\/wp\/v2\/product\/2104","targetHints":{"allow":["GET"]}}],"collection":[{"href":"https:\/\/vetaustral.com.ar\/index.php?rest_route=\/wp\/v2\/product"}],"about":[{"href":"https:\/\/vetaustral.com.ar\/index.php?rest_route=\/wp\/v2\/types\/product"}],"replies":[{"embeddable":true,"href":"https:\/\/vetaustral.com.ar\/index.php?rest_route=%2Fwp%2Fv2%2Fcomments&post=2104"}],"wp:featuredmedia":[{"embeddable":true,"href":"https:\/\/vetaustral.com.ar\/index.php?rest_route=\/wp\/v2\/media\/2105"}],"wp:attachment":[{"href":"https:\/\/vetaustral.com.ar\/index.php?rest_route=%2Fwp%2Fv2%2Fmedia&parent=2104"}],"wp:term":[{"taxonomy":"product_brand","embeddable":true,"href":"https:\/\/vetaustral.com.ar\/index.php?rest_route=%2Fwp%2Fv2%2Fproduct_brand&post=2104"},{"taxonomy":"product_cat","embeddable":true,"href":"https:\/\/vetaustral.com.ar\/index.php?rest_route=%2Fwp%2Fv2%2Fproduct_cat&post=2104"},{"taxonomy":"product_tag","embeddable":true,"href":"https:\/\/vetaustral.com.ar\/index.php?rest_route=%2Fwp%2Fv2%2Fproduct_tag&post=2104"}],"curies":[{"name":"wp","href":"https:\/\/api.w.org\/{rel}","templated":true}]}}