{"id":2095,"date":"2026-02-12T19:40:11","date_gmt":"2026-02-12T19:40:11","guid":{"rendered":"https:\/\/vetaustral.com.ar\/?post_type=product&#038;p=2095"},"modified":"2026-03-11T22:34:31","modified_gmt":"2026-03-11T22:34:31","slug":"tobravet-d-x-5-ml-paul","status":"publish","type":"product","link":"https:\/\/vetaustral.com.ar\/?product=tobravet-d-x-5-ml-paul","title":{"rendered":"Tobravet D x 5 ml &#8211; Paul"},"content":{"rendered":"<p>Contiene 1 gotero de 5 ml.<\/p>\n<ul>\n<li>Gotas oft\u00e1lmicas est\u00e9riles.<\/li>\n<li>Antibacteriano, antiinflamatorio, cicatrizante.<\/li>\n<\/ul>\n<p>&nbsp;<\/p>\n<h5><strong>F\u00f3rmula:<br \/>\n<\/strong>Cada 100ml contiene:<\/h5>\n<ul>\n<li>Tobramicina base 0.300g<\/li>\n<li>Dexametasona base 0.100 g<\/li>\n<li>Hialuronato de sodio 0.200 g<\/li>\n<li>Excipientes c.s.p.<\/li>\n<\/ul>\n<p>&nbsp;<\/p>\n<h5><strong>Indicaciones:<\/strong><\/h5>\n<p>Indicado para el tratamiento t\u00f3pico de infecciones oculares bacterianas causantes de patolog\u00edas como conjuntivitis, queratoconjntivitis, queratitis y blefaritis.<br \/>\nLa asociaci\u00f3n con Dexametasona le confiere potencia antiinflamatoria y descongestiva de gran penetraci\u00f3n y efecto inmediato.<br \/>\nMientras que el \u00e1cido hialur\u00f3nico ayuda a mantener el epitelio corneal intacto y promueve la cicatrizaci\u00f3n de heridas.<\/p>\n<p>Paul<\/p>\n","protected":false},"excerpt":{"rendered":"<p>Contiene 1 gotero de 5 ml. Gotas oft\u00e1lmicas est\u00e9riles. Antibacteriano, antiinflamatorio, cicatrizante. &nbsp; F\u00f3rmula: Cada 100ml contiene: Tobramicina base 0.300g Dexametasona base 0.100 g Hialuronato de sodio 0.200 g Excipientes c.s.p. &nbsp; Indicaciones: Indicado para el tratamiento t\u00f3pico de infecciones oculares bacterianas causantes de patolog\u00edas como conjuntivitis, queratoconjntivitis, queratitis y blefaritis. La asociaci\u00f3n con Dexametasona &#8230; <a title=\"Tobravet D x 5 ml &#8211; Paul\" class=\"read-more\" href=\"https:\/\/vetaustral.com.ar\/?product=tobravet-d-x-5-ml-paul\" aria-label=\"Leer m\u00e1s sobre Tobravet D x 5 ml &#8211; Paul\">Leer m\u00e1s<\/a><\/p>\n","protected":false},"featured_media":2096,"comment_status":"open","ping_status":"closed","template":"","meta":[],"product_brand":[302],"product_cat":[36,32],"product_tag":[81],"class_list":{"0":"post-2095","1":"product","2":"type-product","3":"status-publish","4":"has-post-thumbnail","6":"product_brand-paul","7":"product_cat-animales-de-compania","8":"product_cat-farmacia","9":"product_tag-colirio","10":"sales-flash-overlay","11":"woocommerce-text-align-center","12":"woocommerce-image-align-center","13":"do-quantity-buttons","15":"first","16":"outofstock","17":"taxable","18":"shipping-taxable","19":"purchasable","20":"product-type-simple"},"jetpack_sharing_enabled":true,"_links":{"self":[{"href":"https:\/\/vetaustral.com.ar\/index.php?rest_route=\/wp\/v2\/product\/2095","targetHints":{"allow":["GET"]}}],"collection":[{"href":"https:\/\/vetaustral.com.ar\/index.php?rest_route=\/wp\/v2\/product"}],"about":[{"href":"https:\/\/vetaustral.com.ar\/index.php?rest_route=\/wp\/v2\/types\/product"}],"replies":[{"embeddable":true,"href":"https:\/\/vetaustral.com.ar\/index.php?rest_route=%2Fwp%2Fv2%2Fcomments&post=2095"}],"wp:featuredmedia":[{"embeddable":true,"href":"https:\/\/vetaustral.com.ar\/index.php?rest_route=\/wp\/v2\/media\/2096"}],"wp:attachment":[{"href":"https:\/\/vetaustral.com.ar\/index.php?rest_route=%2Fwp%2Fv2%2Fmedia&parent=2095"}],"wp:term":[{"taxonomy":"product_brand","embeddable":true,"href":"https:\/\/vetaustral.com.ar\/index.php?rest_route=%2Fwp%2Fv2%2Fproduct_brand&post=2095"},{"taxonomy":"product_cat","embeddable":true,"href":"https:\/\/vetaustral.com.ar\/index.php?rest_route=%2Fwp%2Fv2%2Fproduct_cat&post=2095"},{"taxonomy":"product_tag","embeddable":true,"href":"https:\/\/vetaustral.com.ar\/index.php?rest_route=%2Fwp%2Fv2%2Fproduct_tag&post=2095"}],"curies":[{"name":"wp","href":"https:\/\/api.w.org\/{rel}","templated":true}]}}