{"id":2087,"date":"2026-02-12T15:18:06","date_gmt":"2026-02-12T15:18:06","guid":{"rendered":"https:\/\/vetaustral.com.ar\/?post_type=product&#038;p=2087"},"modified":"2026-02-12T15:18:06","modified_gmt":"2026-02-12T15:18:06","slug":"riovermec-x-100-ml-rio-de-janeiro","status":"publish","type":"product","link":"https:\/\/vetaustral.com.ar\/?product=riovermec-x-100-ml-rio-de-janeiro","title":{"rendered":"Riovermec x 100 ml &#8211; Rio de Janeiro"},"content":{"rendered":"<p>Contiene 1 frasco ampolla de 100 ml.<\/p>\n<ul>\n<li>Endectocida oleoso.<\/li>\n<\/ul>\n<p>&nbsp;<\/p>\n<h5><strong>F\u00f3rmula:<\/strong><\/h5>\n<p>Ivermectina 1 g.<\/p>\n<p>Veh\u00edculo oleoso c.s.p. 100 ml.<\/p>\n<p>&nbsp;<\/p>\n<h5><strong>Indicaciones:<\/strong><\/h5>\n<p>Antiparasitario de amplio espectro contra endopar\u00e1sitos y ectopar\u00e1sitos. <strong>Lombrices gastrointestinales<\/strong> (Haemonchus placei, Trichostrongylus colubriformis, Trichostrongylus axei, Cooperia oncophora, Cooperia pectinata, Cooperia punctata, Cooperia spp, Ostertagia ostertagi, Ostertagia lyrata, Oesophagostomum radiatum, Nematoridus helvetianus, Nematodirus spathiger, Bunostomum phlebotomum, Toxocara vitulorum, Strongyloides papillosus, Trichuris spp.). <strong>Lombrices pulmonares<\/strong> (Dictyocaulus viviparus). <strong>Otras lombrices<\/strong> (Arafilaria bov\u00edcola). <strong>Ura<\/strong> (Hypoderma spp, Hypoderma lineatum, Dermatobia hominis). <strong>Piojos<\/strong> (Haematopinus eurysternus, Solenopotes capillatus, Linognathus vituli). <strong>Acaros de la sarna<\/strong> (Psoroptes bovis (pcommunis var Bovis), Sarcoptes scabiei var bovis, Parafilaria bovicola). <strong>Ayuda en el control de la bichera (miasis)<\/strong> (Cochliomya hominivorax y Chrisomya bezzina)<\/p>\n<p>&nbsp;<\/p>\n<p>Allignani Hnos. &#8211; Rio de Janeiro<\/p>\n<p>&nbsp;<\/p>\n","protected":false},"excerpt":{"rendered":"<p>Contiene 1 frasco ampolla de 100 ml. Endectocida oleoso. &nbsp; F\u00f3rmula: Ivermectina 1 g. Veh\u00edculo oleoso c.s.p. 100 ml. &nbsp; Indicaciones: Antiparasitario de amplio espectro contra endopar\u00e1sitos y ectopar\u00e1sitos. Lombrices gastrointestinales (Haemonchus placei, Trichostrongylus colubriformis, Trichostrongylus axei, Cooperia oncophora, Cooperia pectinata, Cooperia punctata, Cooperia spp, Ostertagia ostertagi, Ostertagia lyrata, Oesophagostomum radiatum, Nematoridus helvetianus, Nematodirus spathiger, &#8230; <a title=\"Riovermec x 100 ml &#8211; Rio de Janeiro\" class=\"read-more\" href=\"https:\/\/vetaustral.com.ar\/?product=riovermec-x-100-ml-rio-de-janeiro\" aria-label=\"Leer m\u00e1s sobre Riovermec x 100 ml &#8211; Rio de Janeiro\">Leer m\u00e1s<\/a><\/p>\n","protected":false},"featured_media":2088,"comment_status":"open","ping_status":"closed","template":"","meta":[],"product_brand":[293,295],"product_cat":[32,52],"product_tag":[65,71,177],"class_list":{"0":"post-2087","1":"product","2":"type-product","3":"status-publish","4":"has-post-thumbnail","6":"product_brand-allignani-hnos","7":"product_brand-rio-de-janeiro","8":"product_cat-farmacia","9":"product_cat-grandes-animales","10":"product_tag-antiparasitario-externo","11":"product_tag-antiparasitario-interno","12":"product_tag-endectocida","13":"sales-flash-overlay","14":"woocommerce-text-align-center","15":"woocommerce-image-align-center","16":"do-quantity-buttons","18":"first","19":"instock","20":"taxable","21":"shipping-taxable","22":"purchasable","23":"product-type-simple"},"jetpack_sharing_enabled":true,"_links":{"self":[{"href":"https:\/\/vetaustral.com.ar\/index.php?rest_route=\/wp\/v2\/product\/2087","targetHints":{"allow":["GET"]}}],"collection":[{"href":"https:\/\/vetaustral.com.ar\/index.php?rest_route=\/wp\/v2\/product"}],"about":[{"href":"https:\/\/vetaustral.com.ar\/index.php?rest_route=\/wp\/v2\/types\/product"}],"replies":[{"embeddable":true,"href":"https:\/\/vetaustral.com.ar\/index.php?rest_route=%2Fwp%2Fv2%2Fcomments&post=2087"}],"wp:featuredmedia":[{"embeddable":true,"href":"https:\/\/vetaustral.com.ar\/index.php?rest_route=\/wp\/v2\/media\/2088"}],"wp:attachment":[{"href":"https:\/\/vetaustral.com.ar\/index.php?rest_route=%2Fwp%2Fv2%2Fmedia&parent=2087"}],"wp:term":[{"taxonomy":"product_brand","embeddable":true,"href":"https:\/\/vetaustral.com.ar\/index.php?rest_route=%2Fwp%2Fv2%2Fproduct_brand&post=2087"},{"taxonomy":"product_cat","embeddable":true,"href":"https:\/\/vetaustral.com.ar\/index.php?rest_route=%2Fwp%2Fv2%2Fproduct_cat&post=2087"},{"taxonomy":"product_tag","embeddable":true,"href":"https:\/\/vetaustral.com.ar\/index.php?rest_route=%2Fwp%2Fv2%2Fproduct_tag&post=2087"}],"curies":[{"name":"wp","href":"https:\/\/api.w.org\/{rel}","templated":true}]}}