{"id":2083,"date":"2026-02-12T14:40:26","date_gmt":"2026-02-12T14:40:26","guid":{"rendered":"https:\/\/vetaustral.com.ar\/?post_type=product&#038;p=2083"},"modified":"2026-02-12T14:40:26","modified_gmt":"2026-02-12T14:40:26","slug":"complejo-vitaminico-b-training-x-50-ml-rio-de-janeiro","status":"publish","type":"product","link":"https:\/\/vetaustral.com.ar\/?product=complejo-vitaminico-b-training-x-50-ml-rio-de-janeiro","title":{"rendered":"Complejo vitam\u00ednico B training x 50 ml &#8211; Rio de Janeiro"},"content":{"rendered":"<p>Contiene 1 frasco ampolla de 50 ml.<\/p>\n<ul>\n<li>Vitam\u00ednico del grupo B.<\/li>\n<\/ul>\n<p>&nbsp;<\/p>\n<h5><strong>F\u00f3rmula:<\/strong><\/h5>\n<p>Vitamina B1 (Tiamina CIH) 10,00 g.<\/p>\n<p>Vitamina B2 (Riboflavina) 0,10 g.<\/p>\n<p>Vitamina B3 (Ac. Nicot\u00ednico) 0,20 g.<\/p>\n<p>Vitamina B5 (Pantotenado de calcio) 0,20 g.<\/p>\n<p>Vitamina B6 (Piridoxina CIH) 0,50 g.<\/p>\n<p>Vitamina B12 (Cianocobalamina) 0,01 g.<\/p>\n<p>Veh\u00edculo c.s.p. 100 ml.<\/p>\n<p>&nbsp;<\/p>\n<h5><strong>Indicaciones:<\/strong><\/h5>\n<p>Estados carenciales de cualquiera de sus principios activos. Neuritis, neuralgias, compresi\u00f3n nervios. Anorexia, convalecencia, alteraciones del crecimiento y\/o de la absorci\u00f3n de alimentos. Pre\u00f1ez y lactancia. Debilidad muscular, esfuerzos f\u00edsicos, estados febriles, animales deportivos.<\/p>\n<p>&nbsp;<\/p>\n<p>Allignani Hnos. &#8211; Rio de Janeiro<\/p>\n","protected":false},"excerpt":{"rendered":"<p>Contiene 1 frasco ampolla de 50 ml. Vitam\u00ednico del grupo B. &nbsp; F\u00f3rmula: Vitamina B1 (Tiamina CIH) 10,00 g. Vitamina B2 (Riboflavina) 0,10 g. Vitamina B3 (Ac. Nicot\u00ednico) 0,20 g. Vitamina B5 (Pantotenado de calcio) 0,20 g. Vitamina B6 (Piridoxina CIH) 0,50 g. Vitamina B12 (Cianocobalamina) 0,01 g. Veh\u00edculo c.s.p. 100 ml. &nbsp; Indicaciones: Estados &#8230; <a title=\"Complejo vitam\u00ednico B training x 50 ml &#8211; Rio de Janeiro\" class=\"read-more\" href=\"https:\/\/vetaustral.com.ar\/?product=complejo-vitaminico-b-training-x-50-ml-rio-de-janeiro\" aria-label=\"Leer m\u00e1s sobre Complejo vitam\u00ednico B training x 50 ml &#8211; Rio de Janeiro\">Leer m\u00e1s<\/a><\/p>\n","protected":false},"featured_media":2084,"comment_status":"open","ping_status":"closed","template":"","meta":[],"product_brand":[293,295],"product_cat":[36,33,32,52],"product_tag":[83],"class_list":{"0":"post-2083","1":"product","2":"type-product","3":"status-publish","4":"has-post-thumbnail","6":"product_brand-allignani-hnos","7":"product_brand-rio-de-janeiro","8":"product_cat-animales-de-compania","9":"product_cat-equinos","10":"product_cat-farmacia","11":"product_cat-grandes-animales","12":"product_tag-multivitaminico","13":"sales-flash-overlay","14":"woocommerce-text-align-center","15":"woocommerce-image-align-center","16":"do-quantity-buttons","18":"first","19":"instock","20":"taxable","21":"shipping-taxable","22":"purchasable","23":"product-type-simple"},"jetpack_sharing_enabled":true,"_links":{"self":[{"href":"https:\/\/vetaustral.com.ar\/index.php?rest_route=\/wp\/v2\/product\/2083","targetHints":{"allow":["GET"]}}],"collection":[{"href":"https:\/\/vetaustral.com.ar\/index.php?rest_route=\/wp\/v2\/product"}],"about":[{"href":"https:\/\/vetaustral.com.ar\/index.php?rest_route=\/wp\/v2\/types\/product"}],"replies":[{"embeddable":true,"href":"https:\/\/vetaustral.com.ar\/index.php?rest_route=%2Fwp%2Fv2%2Fcomments&post=2083"}],"wp:featuredmedia":[{"embeddable":true,"href":"https:\/\/vetaustral.com.ar\/index.php?rest_route=\/wp\/v2\/media\/2084"}],"wp:attachment":[{"href":"https:\/\/vetaustral.com.ar\/index.php?rest_route=%2Fwp%2Fv2%2Fmedia&parent=2083"}],"wp:term":[{"taxonomy":"product_brand","embeddable":true,"href":"https:\/\/vetaustral.com.ar\/index.php?rest_route=%2Fwp%2Fv2%2Fproduct_brand&post=2083"},{"taxonomy":"product_cat","embeddable":true,"href":"https:\/\/vetaustral.com.ar\/index.php?rest_route=%2Fwp%2Fv2%2Fproduct_cat&post=2083"},{"taxonomy":"product_tag","embeddable":true,"href":"https:\/\/vetaustral.com.ar\/index.php?rest_route=%2Fwp%2Fv2%2Fproduct_tag&post=2083"}],"curies":[{"name":"wp","href":"https:\/\/api.w.org\/{rel}","templated":true}]}}