{"id":2081,"date":"2026-02-12T14:16:02","date_gmt":"2026-02-12T14:16:02","guid":{"rendered":"https:\/\/vetaustral.com.ar\/?post_type=product&#038;p=2081"},"modified":"2026-02-12T14:16:02","modified_gmt":"2026-02-12T14:16:02","slug":"cafeina-20-x-10-ml-rio-de-janeiro","status":"publish","type":"product","link":"https:\/\/vetaustral.com.ar\/?product=cafeina-20-x-10-ml-rio-de-janeiro","title":{"rendered":"Cafe\u00edna 20% x 10 ml &#8211; Rio de Janeiro"},"content":{"rendered":"<p>Contiene 1 frasco ampolla de 10 ml.<\/p>\n<ul>\n<li>Estimulante cardiorrespiratorio y diur\u00e9tico.<\/li>\n<\/ul>\n<p>&nbsp;<\/p>\n<h5><strong>F\u00f3rmula:<\/strong><\/h5>\n<p>Cafe\u00edna 20 g.<\/p>\n<p>Veh\u00edculo c.s.p. 100 ml.<\/p>\n<p>&nbsp;<\/p>\n<h5><strong>Indicaciones:<\/strong><\/h5>\n<p>La CAFEINA R\u00edo de Janeiro, es un estimulante del SNC, que act\u00faa en forma directa sobre la corteza cerebral, aumentando el estado de alerta y la capacidad de sobrellevar la fatiga y el cansancio muscular.Tambi\u00e9n puede estimular los centros respiratorios, en forma directa, cuando estos est\u00e1n deprimidos por efectos depresores del SNC. Es una droga de alta seguridad, ya que para producir toxicidad, se requieren dosis de gran magnitud, que solo por accidente puede darse en cl\u00ednica m\u00e9dica (6 a 10 veces la dosis terap\u00e9utica).Sus propiedades estimulantes, la hacen estar indicada en casos de depresi\u00f3n por drogas depresoras del SNC, en convalecencia, estados anor\u00e9xicos, vacas ca\u00eddas, etc.<\/p>\n<p>&nbsp;<\/p>\n<p>Allignani Hnos. &#8211; Rio de Janeiro<\/p>\n","protected":false},"excerpt":{"rendered":"<p>Contiene 1 frasco ampolla de 10 ml. Estimulante cardiorrespiratorio y diur\u00e9tico. &nbsp; F\u00f3rmula: Cafe\u00edna 20 g. Veh\u00edculo c.s.p. 100 ml. &nbsp; Indicaciones: La CAFEINA R\u00edo de Janeiro, es un estimulante del SNC, que act\u00faa en forma directa sobre la corteza cerebral, aumentando el estado de alerta y la capacidad de sobrellevar la fatiga y el &#8230; <a title=\"Cafe\u00edna 20% x 10 ml &#8211; Rio de Janeiro\" class=\"read-more\" href=\"https:\/\/vetaustral.com.ar\/?product=cafeina-20-x-10-ml-rio-de-janeiro\" aria-label=\"Leer m\u00e1s sobre Cafe\u00edna 20% x 10 ml &#8211; Rio de Janeiro\">Leer m\u00e1s<\/a><\/p>\n","protected":false},"featured_media":2082,"comment_status":"open","ping_status":"closed","template":"","meta":[],"product_brand":[293,295],"product_cat":[33,32,52],"product_tag":[135],"class_list":{"0":"post-2081","1":"product","2":"type-product","3":"status-publish","4":"has-post-thumbnail","6":"product_brand-allignani-hnos","7":"product_brand-rio-de-janeiro","8":"product_cat-equinos","9":"product_cat-farmacia","10":"product_cat-grandes-animales","11":"product_tag-estimulante-cardiaco","12":"sales-flash-overlay","13":"woocommerce-text-align-center","14":"woocommerce-image-align-center","15":"do-quantity-buttons","17":"first","18":"instock","19":"taxable","20":"shipping-taxable","21":"purchasable","22":"product-type-simple"},"jetpack_sharing_enabled":true,"_links":{"self":[{"href":"https:\/\/vetaustral.com.ar\/index.php?rest_route=\/wp\/v2\/product\/2081","targetHints":{"allow":["GET"]}}],"collection":[{"href":"https:\/\/vetaustral.com.ar\/index.php?rest_route=\/wp\/v2\/product"}],"about":[{"href":"https:\/\/vetaustral.com.ar\/index.php?rest_route=\/wp\/v2\/types\/product"}],"replies":[{"embeddable":true,"href":"https:\/\/vetaustral.com.ar\/index.php?rest_route=%2Fwp%2Fv2%2Fcomments&post=2081"}],"wp:featuredmedia":[{"embeddable":true,"href":"https:\/\/vetaustral.com.ar\/index.php?rest_route=\/wp\/v2\/media\/2082"}],"wp:attachment":[{"href":"https:\/\/vetaustral.com.ar\/index.php?rest_route=%2Fwp%2Fv2%2Fmedia&parent=2081"}],"wp:term":[{"taxonomy":"product_brand","embeddable":true,"href":"https:\/\/vetaustral.com.ar\/index.php?rest_route=%2Fwp%2Fv2%2Fproduct_brand&post=2081"},{"taxonomy":"product_cat","embeddable":true,"href":"https:\/\/vetaustral.com.ar\/index.php?rest_route=%2Fwp%2Fv2%2Fproduct_cat&post=2081"},{"taxonomy":"product_tag","embeddable":true,"href":"https:\/\/vetaustral.com.ar\/index.php?rest_route=%2Fwp%2Fv2%2Fproduct_tag&post=2081"}],"curies":[{"name":"wp","href":"https:\/\/api.w.org\/{rel}","templated":true}]}}