{"id":2074,"date":"2026-02-12T13:11:55","date_gmt":"2026-02-12T13:11:55","guid":{"rendered":"https:\/\/vetaustral.com.ar\/?post_type=product&#038;p=2074"},"modified":"2026-02-12T13:11:55","modified_gmt":"2026-02-12T13:11:55","slug":"antitoxico-polivalente-x-20-ml-rio-de-janeiro","status":"publish","type":"product","link":"https:\/\/vetaustral.com.ar\/?product=antitoxico-polivalente-x-20-ml-rio-de-janeiro","title":{"rendered":"Antit\u00f3xico polivalente x 20 ml &#8211; Rio de Janeiro"},"content":{"rendered":"<p>Contiene 1 frasco ampolla de 20 ml.<\/p>\n<ul>\n<li>Antit\u00f3xico.<\/li>\n<\/ul>\n<p>&nbsp;<\/p>\n<h5><strong>F\u00f3rmula:<\/strong><\/h5>\n<p>Difenhidramina CIH 0,2 g.<\/p>\n<p>Niketamida 0,7 g.<\/p>\n<p>Tiosulfato de sodio 6,0 g.<\/p>\n<p>Veh\u00edculo c.s.p. 20 ml.<\/p>\n<p>&nbsp;<\/p>\n<h5><strong>Indicaciones:<\/strong><\/h5>\n<div class=\"titulo\">Indicaciones:<\/div>\n<p>Intoxicaciones producidas por la ingesti\u00f3n de vegetales que contienen compuestos cianogen\u00e9ticos: Sorgos forrajeros (Sorghum spp. Y sudam), gramilla rastrera (Cynodon hirsutus), pasto bermuda (Cynodon dactylon), tr\u00e9bol blanco (Trifolium repens) y lino (Linum usitassumum) entre otros. Tratamiento de fen\u00f3menos anafil\u00e1cticos debidos a reacciones adversas a medicamentos, sueros o vacunas; picaduras de insectos o animales pozo\u00f1osos.<\/p>\n<p>&nbsp;<\/p>\n<p>Allignani Hnos. &#8211; Rio de Janeiro<\/p>\n","protected":false},"excerpt":{"rendered":"<p>Contiene 1 frasco ampolla de 20 ml. Antit\u00f3xico. &nbsp; F\u00f3rmula: Difenhidramina CIH 0,2 g. Niketamida 0,7 g. Tiosulfato de sodio 6,0 g. Veh\u00edculo c.s.p. 20 ml. &nbsp; Indicaciones: Indicaciones: Intoxicaciones producidas por la ingesti\u00f3n de vegetales que contienen compuestos cianogen\u00e9ticos: Sorgos forrajeros (Sorghum spp. Y sudam), gramilla rastrera (Cynodon hirsutus), pasto bermuda (Cynodon dactylon), tr\u00e9bol &#8230; <a title=\"Antit\u00f3xico polivalente x 20 ml &#8211; Rio de Janeiro\" class=\"read-more\" href=\"https:\/\/vetaustral.com.ar\/?product=antitoxico-polivalente-x-20-ml-rio-de-janeiro\" aria-label=\"Leer m\u00e1s sobre Antit\u00f3xico polivalente x 20 ml &#8211; Rio de Janeiro\">Leer m\u00e1s<\/a><\/p>\n","protected":false},"featured_media":2075,"comment_status":"open","ping_status":"closed","template":"","meta":[],"product_brand":[293,295],"product_cat":[33,32,52],"product_tag":[75,299],"class_list":{"0":"post-2074","1":"product","2":"type-product","3":"status-publish","4":"has-post-thumbnail","6":"product_brand-allignani-hnos","7":"product_brand-rio-de-janeiro","8":"product_cat-equinos","9":"product_cat-farmacia","10":"product_cat-grandes-animales","11":"product_tag-antialergico","12":"product_tag-antitoxico","13":"sales-flash-overlay","14":"woocommerce-text-align-center","15":"woocommerce-image-align-center","16":"do-quantity-buttons","18":"first","19":"instock","20":"taxable","21":"shipping-taxable","22":"purchasable","23":"product-type-simple"},"jetpack_sharing_enabled":true,"_links":{"self":[{"href":"https:\/\/vetaustral.com.ar\/index.php?rest_route=\/wp\/v2\/product\/2074","targetHints":{"allow":["GET"]}}],"collection":[{"href":"https:\/\/vetaustral.com.ar\/index.php?rest_route=\/wp\/v2\/product"}],"about":[{"href":"https:\/\/vetaustral.com.ar\/index.php?rest_route=\/wp\/v2\/types\/product"}],"replies":[{"embeddable":true,"href":"https:\/\/vetaustral.com.ar\/index.php?rest_route=%2Fwp%2Fv2%2Fcomments&post=2074"}],"wp:featuredmedia":[{"embeddable":true,"href":"https:\/\/vetaustral.com.ar\/index.php?rest_route=\/wp\/v2\/media\/2075"}],"wp:attachment":[{"href":"https:\/\/vetaustral.com.ar\/index.php?rest_route=%2Fwp%2Fv2%2Fmedia&parent=2074"}],"wp:term":[{"taxonomy":"product_brand","embeddable":true,"href":"https:\/\/vetaustral.com.ar\/index.php?rest_route=%2Fwp%2Fv2%2Fproduct_brand&post=2074"},{"taxonomy":"product_cat","embeddable":true,"href":"https:\/\/vetaustral.com.ar\/index.php?rest_route=%2Fwp%2Fv2%2Fproduct_cat&post=2074"},{"taxonomy":"product_tag","embeddable":true,"href":"https:\/\/vetaustral.com.ar\/index.php?rest_route=%2Fwp%2Fv2%2Fproduct_tag&post=2074"}],"curies":[{"name":"wp","href":"https:\/\/api.w.org\/{rel}","templated":true}]}}