{"id":2063,"date":"2026-02-10T22:51:40","date_gmt":"2026-02-10T22:51:40","guid":{"rendered":"https:\/\/vetaustral.com.ar\/?post_type=product&#038;p=2063"},"modified":"2026-02-10T22:51:40","modified_gmt":"2026-02-10T22:51:40","slug":"tonanvit-x-100-ml-laika","status":"publish","type":"product","link":"https:\/\/vetaustral.com.ar\/?product=tonanvit-x-100-ml-laika","title":{"rendered":"Tonanvit x 100 ml &#8211; Laika"},"content":{"rendered":"<p>Contiene 1 frasco de 100 ml.<\/p>\n<ul>\n<li>Antianemico.<\/li>\n<li>Vitam\u00ednico.<\/li>\n<\/ul>\n<p>&nbsp;<\/p>\n<h5><strong>F\u00f3rmula:<\/strong><\/h5>\n<p>Gluconato de hierro dihidratado 0,50 g.<\/p>\n<p>Gluconato de cobre anhidro 0,10 g<\/p>\n<p>Hipofosfito de magnesio hexahidratado 0,50 g.<\/p>\n<p>Tiamina clorhidrato (Vitamina B1) 0,07 g.<\/p>\n<p>Riboflavina (Vitamina B2) 0,01 g.<\/p>\n<p>Piridoxina clorhidrato (Vitamina B6) 0,01 g.<\/p>\n<p>Cianocobalamina (Vitamina B12) 0,02 g.<\/p>\n<p>Acido nicotinico (Vitamina B3) 0,10 g.<\/p>\n<p>Veh\u00edculo c.s.p. 100 ml.<\/p>\n<p>&nbsp;<\/p>\n<h5><strong>Indicaciones:<\/strong><\/h5>\n<p>Anemias por desnutrici\u00f3n, hemorragias, parasitosis, ferropriva, macroc\u00edtica y microc\u00edtica. Convalecencias, falta de apetito, desmejoramiento del estado general, pre\u00f1ez. En cachorros para mejorar su desarrollo.<\/p>\n<p>El T\u00d3NICO ANTIANEMICO VITAMINICO TONANVIT, es una asociaci\u00f3n ideal de los componentes del complejo B y drogas hemat\u00ednicas. Esto hace que tenga alta utilidad en cl\u00ednica de peque\u00f1os animales, ya que la incidencia de los estados anor\u00e9xicos de debilidad general y an\u00e9micos es muy elevada. La anemia puede presentarse en su forma cl\u00ednica, cursando con su sintomatolog\u00eda t\u00edpica de debilitamiento general, decaimiento , palidez de mucosas , etc. o en forma subcl\u00ednica como son las anemias que se detectan por cuadro hematol\u00f3gico. Esta forma es la de mayor incidencia produciendo retrasos en el crecimiento y respuestas insuficientes a otros tratamientos.<\/p>\n<p>&nbsp;<\/p>\n<p>Allignani Hnos. &#8211; Laika<\/p>\n<p>&nbsp;<\/p>\n","protected":false},"excerpt":{"rendered":"<p>Contiene 1 frasco de 100 ml. Antianemico. Vitam\u00ednico. &nbsp; F\u00f3rmula: Gluconato de hierro dihidratado 0,50 g. Gluconato de cobre anhidro 0,10 g Hipofosfito de magnesio hexahidratado 0,50 g. Tiamina clorhidrato (Vitamina B1) 0,07 g. Riboflavina (Vitamina B2) 0,01 g. Piridoxina clorhidrato (Vitamina B6) 0,01 g. Cianocobalamina (Vitamina B12) 0,02 g. Acido nicotinico (Vitamina B3) 0,10 &#8230; <a title=\"Tonanvit x 100 ml &#8211; Laika\" class=\"read-more\" href=\"https:\/\/vetaustral.com.ar\/?product=tonanvit-x-100-ml-laika\" aria-label=\"Leer m\u00e1s sobre Tonanvit x 100 ml &#8211; Laika\">Leer m\u00e1s<\/a><\/p>\n","protected":false},"featured_media":2064,"comment_status":"open","ping_status":"closed","template":"","meta":[],"product_brand":[293,294],"product_cat":[36,32],"product_tag":[115,116],"class_list":{"0":"post-2063","1":"product","2":"type-product","3":"status-publish","4":"has-post-thumbnail","6":"product_brand-allignani-hnos","7":"product_brand-laika","8":"product_cat-animales-de-compania","9":"product_cat-farmacia","10":"product_tag-antianemico","11":"product_tag-vitaminico","12":"sales-flash-overlay","13":"woocommerce-text-align-center","14":"woocommerce-image-align-center","15":"do-quantity-buttons","17":"first","18":"instock","19":"taxable","20":"shipping-taxable","21":"purchasable","22":"product-type-simple"},"jetpack_sharing_enabled":true,"_links":{"self":[{"href":"https:\/\/vetaustral.com.ar\/index.php?rest_route=\/wp\/v2\/product\/2063","targetHints":{"allow":["GET"]}}],"collection":[{"href":"https:\/\/vetaustral.com.ar\/index.php?rest_route=\/wp\/v2\/product"}],"about":[{"href":"https:\/\/vetaustral.com.ar\/index.php?rest_route=\/wp\/v2\/types\/product"}],"replies":[{"embeddable":true,"href":"https:\/\/vetaustral.com.ar\/index.php?rest_route=%2Fwp%2Fv2%2Fcomments&post=2063"}],"wp:featuredmedia":[{"embeddable":true,"href":"https:\/\/vetaustral.com.ar\/index.php?rest_route=\/wp\/v2\/media\/2064"}],"wp:attachment":[{"href":"https:\/\/vetaustral.com.ar\/index.php?rest_route=%2Fwp%2Fv2%2Fmedia&parent=2063"}],"wp:term":[{"taxonomy":"product_brand","embeddable":true,"href":"https:\/\/vetaustral.com.ar\/index.php?rest_route=%2Fwp%2Fv2%2Fproduct_brand&post=2063"},{"taxonomy":"product_cat","embeddable":true,"href":"https:\/\/vetaustral.com.ar\/index.php?rest_route=%2Fwp%2Fv2%2Fproduct_cat&post=2063"},{"taxonomy":"product_tag","embeddable":true,"href":"https:\/\/vetaustral.com.ar\/index.php?rest_route=%2Fwp%2Fv2%2Fproduct_tag&post=2063"}],"curies":[{"name":"wp","href":"https:\/\/api.w.org\/{rel}","templated":true}]}}