{"id":2057,"date":"2026-02-10T22:10:14","date_gmt":"2026-02-10T22:10:14","guid":{"rendered":"https:\/\/vetaustral.com.ar\/?post_type=product&#038;p=2057"},"modified":"2026-02-10T22:10:14","modified_gmt":"2026-02-10T22:10:14","slug":"expectorante-x-100-ml-laika","status":"publish","type":"product","link":"https:\/\/vetaustral.com.ar\/?product=expectorante-x-100-ml-laika","title":{"rendered":"Expectorante x 100 ml &#8211; Laika"},"content":{"rendered":"<p>Contiene 1 frasco de 100 ml.<\/p>\n<ul>\n<li>Expectorante.<\/li>\n<li>Mucol\u00edtico.<\/li>\n<\/ul>\n<p>&nbsp;<\/p>\n<h5><strong>F\u00f3rmula:<\/strong><\/h5>\n<p>Clorhidrato de difenilhidramina 0,2 g.<\/p>\n<p>Cloruro de amonio 2,5 g.<\/p>\n<p>Citrato de sodio 1 g.<\/p>\n<p>Mentol 0,01 g.<\/p>\n<p>Veh\u00edculo c.s.p. 100 ml.<\/p>\n<p>&nbsp;<\/p>\n<h5 class=\"titulo\"><strong>Descripci\u00f3n:<\/strong><\/h5>\n<p>El Expectorante LAIKA Es un Jarabe especialmente formulado de agradable sabor y excelente tolerancia para las mascotas, sus componentes principales son: la difenilhidramina, el cloruro de amonio, el citrato de sodio y el mentol. La difenhildramina posee acci\u00f3n antihistam\u00ednica y antial\u00e9rgica , por lo cual descongestiona y permite una mayor y mejor ventilaci\u00f3n de las v\u00edas a\u00e9reas superiores, produciendo alivio en la sintomatolog\u00eda tus\u00edgena espasm\u00f3dica. El cloruro de amonio y el citrato de sodio, aumentan la fluidificaci\u00f3n y facilitan la expulsi\u00f3n de las secreciones mucosas del tracto respiratorio. El jarabe arom\u00e1tico provee adecuada acci\u00f3n demulcente que ejerce una acci\u00f3n protectora local, igual que hacen las mucosidades en las membranas mucosas. Acci\u00f3n indispensable para el tratamiento local de gingivitis, estomatitis, faringitis, tos y en gastroenteritis.<\/p>\n<p>&nbsp;<\/p>\n<p>Allignani hnos. &#8211; Laika<\/p>\n","protected":false},"excerpt":{"rendered":"<p>Contiene 1 frasco de 100 ml. Expectorante. Mucol\u00edtico. &nbsp; F\u00f3rmula: Clorhidrato de difenilhidramina 0,2 g. Cloruro de amonio 2,5 g. Citrato de sodio 1 g. Mentol 0,01 g. Veh\u00edculo c.s.p. 100 ml. &nbsp; Descripci\u00f3n: El Expectorante LAIKA Es un Jarabe especialmente formulado de agradable sabor y excelente tolerancia para las mascotas, sus componentes principales son: &#8230; <a title=\"Expectorante x 100 ml &#8211; Laika\" class=\"read-more\" href=\"https:\/\/vetaustral.com.ar\/?product=expectorante-x-100-ml-laika\" aria-label=\"Leer m\u00e1s sobre Expectorante x 100 ml &#8211; Laika\">Leer m\u00e1s<\/a><\/p>\n","protected":false},"featured_media":2058,"comment_status":"open","ping_status":"closed","template":"","meta":[],"product_brand":[293,294],"product_cat":[36,32],"product_tag":[292,296],"class_list":{"0":"post-2057","1":"product","2":"type-product","3":"status-publish","4":"has-post-thumbnail","6":"product_brand-allignani-hnos","7":"product_brand-laika","8":"product_cat-animales-de-compania","9":"product_cat-farmacia","10":"product_tag-expectorante","11":"product_tag-mucolitico","12":"sales-flash-overlay","13":"woocommerce-text-align-center","14":"woocommerce-image-align-center","15":"do-quantity-buttons","17":"first","18":"instock","19":"taxable","20":"shipping-taxable","21":"purchasable","22":"product-type-simple"},"jetpack_sharing_enabled":true,"_links":{"self":[{"href":"https:\/\/vetaustral.com.ar\/index.php?rest_route=\/wp\/v2\/product\/2057","targetHints":{"allow":["GET"]}}],"collection":[{"href":"https:\/\/vetaustral.com.ar\/index.php?rest_route=\/wp\/v2\/product"}],"about":[{"href":"https:\/\/vetaustral.com.ar\/index.php?rest_route=\/wp\/v2\/types\/product"}],"replies":[{"embeddable":true,"href":"https:\/\/vetaustral.com.ar\/index.php?rest_route=%2Fwp%2Fv2%2Fcomments&post=2057"}],"wp:featuredmedia":[{"embeddable":true,"href":"https:\/\/vetaustral.com.ar\/index.php?rest_route=\/wp\/v2\/media\/2058"}],"wp:attachment":[{"href":"https:\/\/vetaustral.com.ar\/index.php?rest_route=%2Fwp%2Fv2%2Fmedia&parent=2057"}],"wp:term":[{"taxonomy":"product_brand","embeddable":true,"href":"https:\/\/vetaustral.com.ar\/index.php?rest_route=%2Fwp%2Fv2%2Fproduct_brand&post=2057"},{"taxonomy":"product_cat","embeddable":true,"href":"https:\/\/vetaustral.com.ar\/index.php?rest_route=%2Fwp%2Fv2%2Fproduct_cat&post=2057"},{"taxonomy":"product_tag","embeddable":true,"href":"https:\/\/vetaustral.com.ar\/index.php?rest_route=%2Fwp%2Fv2%2Fproduct_tag&post=2057"}],"curies":[{"name":"wp","href":"https:\/\/api.w.org\/{rel}","templated":true}]}}