{"id":2055,"date":"2026-02-10T21:21:07","date_gmt":"2026-02-10T21:21:07","guid":{"rendered":"https:\/\/vetaustral.com.ar\/?post_type=product&#038;p=2055"},"modified":"2026-02-10T21:21:07","modified_gmt":"2026-02-10T21:21:07","slug":"dermomicina-spray-x-60-ml-laika","status":"publish","type":"product","link":"https:\/\/vetaustral.com.ar\/?product=dermomicina-spray-x-60-ml-laika","title":{"rendered":"Dermomicina spray x 60 ml &#8211; Laika"},"content":{"rendered":"<p>Contiene 1 frasco con spray de 60 ml.<\/p>\n<ul>\n<li>Antibi\u00f3tico de uso t\u00f3pico.<\/li>\n<li>Dermatitis infecciosas causadas por microorganismos sensibles a la gentamicina.<\/li>\n<\/ul>\n<p>&nbsp;<\/p>\n<h5><strong>F\u00f3rmula:<\/strong><\/h5>\n<p>Gentamicina sulfato 1 g.<\/p>\n<p>Difenhidramina clorhidrato 1 g.<\/p>\n<p>Lidoca\u00edna clorhidrato 1 g.<\/p>\n<p>Veh\u00edculo c.s.p. 100 ml.<\/p>\n<p>&nbsp;<\/p>\n<h5 class=\"titulo\"><strong>Descripci\u00f3n:<\/strong><\/h5>\n<p>Dermomicina es una preparaci\u00f3n farmacol\u00f3gica ideal para aplicar en tratamientos de diversas afecciones de la dermis, tanto en patolog\u00edas de origen infeccioso, al\u00e9rgico, hormonal o traum\u00e1ticas especialmente para tratamiento de parches calientes. En su composici\u00f3n incluye Difenilhidramina que gracias a su acci\u00f3n antiedematosa, favorece la penetraci\u00f3n mas r\u00e1pida y profunda del agente anti bacteriano Gentamicina. Adem\u00e1s la acci\u00f3n inhibidora de la Lidoca\u00edna, anula el dolor y rubor, produciendo el bienestar en el animal, favoreciendo as\u00ed el proceso de reepitelizaci\u00f3n del organismo.<\/p>\n<p>&nbsp;<\/p>\n<p>Allignani Hnos. &#8211; Laika<\/p>\n","protected":false},"excerpt":{"rendered":"<p>Contiene 1 frasco con spray de 60 ml. Antibi\u00f3tico de uso t\u00f3pico. Dermatitis infecciosas causadas por microorganismos sensibles a la gentamicina. &nbsp; F\u00f3rmula: Gentamicina sulfato 1 g. Difenhidramina clorhidrato 1 g. Lidoca\u00edna clorhidrato 1 g. Veh\u00edculo c.s.p. 100 ml. &nbsp; Descripci\u00f3n: Dermomicina es una preparaci\u00f3n farmacol\u00f3gica ideal para aplicar en tratamientos de diversas afecciones de &#8230; <a title=\"Dermomicina spray x 60 ml &#8211; Laika\" class=\"read-more\" href=\"https:\/\/vetaustral.com.ar\/?product=dermomicina-spray-x-60-ml-laika\" aria-label=\"Leer m\u00e1s sobre Dermomicina spray x 60 ml &#8211; Laika\">Leer m\u00e1s<\/a><\/p>\n","protected":false},"featured_media":2056,"comment_status":"open","ping_status":"closed","template":"","meta":[],"product_brand":[293,294],"product_cat":[36,32],"product_tag":[76,53],"class_list":{"0":"post-2055","1":"product","2":"type-product","3":"status-publish","4":"has-post-thumbnail","6":"product_brand-allignani-hnos","7":"product_brand-laika","8":"product_cat-animales-de-compania","9":"product_cat-farmacia","10":"product_tag-anestesico","11":"product_tag-antibiotico","12":"sales-flash-overlay","13":"woocommerce-text-align-center","14":"woocommerce-image-align-center","15":"do-quantity-buttons","17":"first","18":"instock","19":"taxable","20":"shipping-taxable","21":"purchasable","22":"product-type-simple"},"jetpack_sharing_enabled":true,"_links":{"self":[{"href":"https:\/\/vetaustral.com.ar\/index.php?rest_route=\/wp\/v2\/product\/2055","targetHints":{"allow":["GET"]}}],"collection":[{"href":"https:\/\/vetaustral.com.ar\/index.php?rest_route=\/wp\/v2\/product"}],"about":[{"href":"https:\/\/vetaustral.com.ar\/index.php?rest_route=\/wp\/v2\/types\/product"}],"replies":[{"embeddable":true,"href":"https:\/\/vetaustral.com.ar\/index.php?rest_route=%2Fwp%2Fv2%2Fcomments&post=2055"}],"wp:featuredmedia":[{"embeddable":true,"href":"https:\/\/vetaustral.com.ar\/index.php?rest_route=\/wp\/v2\/media\/2056"}],"wp:attachment":[{"href":"https:\/\/vetaustral.com.ar\/index.php?rest_route=%2Fwp%2Fv2%2Fmedia&parent=2055"}],"wp:term":[{"taxonomy":"product_brand","embeddable":true,"href":"https:\/\/vetaustral.com.ar\/index.php?rest_route=%2Fwp%2Fv2%2Fproduct_brand&post=2055"},{"taxonomy":"product_cat","embeddable":true,"href":"https:\/\/vetaustral.com.ar\/index.php?rest_route=%2Fwp%2Fv2%2Fproduct_cat&post=2055"},{"taxonomy":"product_tag","embeddable":true,"href":"https:\/\/vetaustral.com.ar\/index.php?rest_route=%2Fwp%2Fv2%2Fproduct_tag&post=2055"}],"curies":[{"name":"wp","href":"https:\/\/api.w.org\/{rel}","templated":true}]}}