{"id":2053,"date":"2026-02-10T21:06:12","date_gmt":"2026-02-10T21:06:12","guid":{"rendered":"https:\/\/vetaustral.com.ar\/?post_type=product&#038;p=2053"},"modified":"2026-03-19T19:04:28","modified_gmt":"2026-03-19T19:04:28","slug":"brecacyn-x-100-ml-laika","status":"publish","type":"product","link":"https:\/\/vetaustral.com.ar\/?product=brecacyn-x-100-ml-laika","title":{"rendered":"Brecacyn x 100 ml &#8211; Laika"},"content":{"rendered":"<p>Contiene 1 frasco de 100 ml.<\/p>\n<ul>\n<li>Antibi\u00f3tico.<\/li>\n<li>Coccidicida.<\/li>\n<\/ul>\n<p>&nbsp;<\/p>\n<h5><strong>F\u00f3rmula:<\/strong><\/h5>\n<p>Sulfametoxipiridazina 1 g.<\/p>\n<p>Acido galot\u00e1nico 2,5 g.<\/p>\n<p>Veh\u00edculo c.s.p. 100 ml.<\/p>\n<p>&nbsp;<\/p>\n<h5><strong>Indicaciones:<\/strong><\/h5>\n<p>Tratamiento de infecciones gastrointestinales que cursen o no con diarrea, principalmente causadas por coccidios (coccidiosis), salmonelosis, indigestiones en general (antit\u00f3xico digestivo), diarreas causadas por parvovirus, procesos inflamatorios del aparato digestivo (enteritis, enteritis hemorr\u00e1gicas). Como protector y reconstituyente de la mucosa gastrointestinal. En todas aquellas patolog\u00edas donde sea indicado el uso de sulfamidas como quimioterapia.<\/p>\n<p>&nbsp;<\/p>\n<p>Allignani Hnos. &#8211; Laika<\/p>\n","protected":false},"excerpt":{"rendered":"<p>Contiene 1 frasco de 100 ml. Antibi\u00f3tico. Coccidicida. &nbsp; F\u00f3rmula: Sulfametoxipiridazina 1 g. Acido galot\u00e1nico 2,5 g. Veh\u00edculo c.s.p. 100 ml. &nbsp; Indicaciones: Tratamiento de infecciones gastrointestinales que cursen o no con diarrea, principalmente causadas por coccidios (coccidiosis), salmonelosis, indigestiones en general (antit\u00f3xico digestivo), diarreas causadas por parvovirus, procesos inflamatorios del aparato digestivo (enteritis, enteritis &#8230; <a title=\"Brecacyn x 100 ml &#8211; Laika\" class=\"read-more\" href=\"https:\/\/vetaustral.com.ar\/?product=brecacyn-x-100-ml-laika\" aria-label=\"Leer m\u00e1s sobre Brecacyn x 100 ml &#8211; Laika\">Leer m\u00e1s<\/a><\/p>\n","protected":false},"featured_media":2054,"comment_status":"open","ping_status":"closed","template":"","meta":[],"product_brand":[293,294],"product_cat":[36,32],"product_tag":[46,245],"class_list":{"0":"post-2053","1":"product","2":"type-product","3":"status-publish","4":"has-post-thumbnail","6":"product_brand-allignani-hnos","7":"product_brand-laika","8":"product_cat-animales-de-compania","9":"product_cat-farmacia","10":"product_tag-antidiarreico","11":"product_tag-coccidicida","12":"sales-flash-overlay","13":"woocommerce-text-align-center","14":"woocommerce-image-align-center","15":"do-quantity-buttons","17":"first","18":"instock","19":"taxable","20":"shipping-taxable","21":"purchasable","22":"product-type-simple"},"jetpack_sharing_enabled":true,"_links":{"self":[{"href":"https:\/\/vetaustral.com.ar\/index.php?rest_route=\/wp\/v2\/product\/2053","targetHints":{"allow":["GET"]}}],"collection":[{"href":"https:\/\/vetaustral.com.ar\/index.php?rest_route=\/wp\/v2\/product"}],"about":[{"href":"https:\/\/vetaustral.com.ar\/index.php?rest_route=\/wp\/v2\/types\/product"}],"replies":[{"embeddable":true,"href":"https:\/\/vetaustral.com.ar\/index.php?rest_route=%2Fwp%2Fv2%2Fcomments&post=2053"}],"wp:featuredmedia":[{"embeddable":true,"href":"https:\/\/vetaustral.com.ar\/index.php?rest_route=\/wp\/v2\/media\/2054"}],"wp:attachment":[{"href":"https:\/\/vetaustral.com.ar\/index.php?rest_route=%2Fwp%2Fv2%2Fmedia&parent=2053"}],"wp:term":[{"taxonomy":"product_brand","embeddable":true,"href":"https:\/\/vetaustral.com.ar\/index.php?rest_route=%2Fwp%2Fv2%2Fproduct_brand&post=2053"},{"taxonomy":"product_cat","embeddable":true,"href":"https:\/\/vetaustral.com.ar\/index.php?rest_route=%2Fwp%2Fv2%2Fproduct_cat&post=2053"},{"taxonomy":"product_tag","embeddable":true,"href":"https:\/\/vetaustral.com.ar\/index.php?rest_route=%2Fwp%2Fv2%2Fproduct_tag&post=2053"}],"curies":[{"name":"wp","href":"https:\/\/api.w.org\/{rel}","templated":true}]}}