{"id":2051,"date":"2026-02-10T20:52:13","date_gmt":"2026-02-10T20:52:13","guid":{"rendered":"https:\/\/vetaustral.com.ar\/?post_type=product&#038;p=2051"},"modified":"2026-02-10T20:52:14","modified_gmt":"2026-02-10T20:52:14","slug":"atropina-1-00-x-10-ml-laika","status":"publish","type":"product","link":"https:\/\/vetaustral.com.ar\/?product=atropina-1-00-x-10-ml-laika","title":{"rendered":"Atropina 1\/00 x 10 ml &#8211; Laika"},"content":{"rendered":"<p>Contiene 1 frasco ampolla de 10 ml.<\/p>\n<ul>\n<li>Antiespasm\u00f3dico en c\u00f3licos gastrointetinales, biliares o renales.<\/li>\n<li>Pre anest\u00e9sico.<\/li>\n<li>Ant\u00eddoto de la intoxicaci\u00f3n por organofosforados.<\/li>\n<\/ul>\n<p>&nbsp;<\/p>\n<h5><strong>F\u00f3rmula:<\/strong><\/h5>\n<p>Atropina sulfato 10 g.<\/p>\n<p>Veh\u00edculo c.s.p. 10 ml.<\/p>\n<p>&nbsp;<\/p>\n<h5 class=\"titulo\"><strong>Descripci\u00f3n:<\/strong><\/h5>\n<p>El SULFATO DE ATROPINA, es una droga parasimpoticol\u00edtica sumamente \u00fatil por su acci\u00f3n antiespasm\u00f3dica, para suprimir dolores, c\u00f3licos gastrointestinales, biliares o renales. Indicado para caninos y felinos.<\/p>\n<p>&nbsp;<\/p>\n<p>Allignani Hnos &#8211; Laika<\/p>\n","protected":false},"excerpt":{"rendered":"<p>Contiene 1 frasco ampolla de 10 ml. Antiespasm\u00f3dico en c\u00f3licos gastrointetinales, biliares o renales. Pre anest\u00e9sico. Ant\u00eddoto de la intoxicaci\u00f3n por organofosforados. &nbsp; F\u00f3rmula: Atropina sulfato 10 g. Veh\u00edculo c.s.p. 10 ml. &nbsp; Descripci\u00f3n: El SULFATO DE ATROPINA, es una droga parasimpoticol\u00edtica sumamente \u00fatil por su acci\u00f3n antiespasm\u00f3dica, para suprimir dolores, c\u00f3licos gastrointestinales, biliares o &#8230; <a title=\"Atropina 1\/00 x 10 ml &#8211; Laika\" class=\"read-more\" href=\"https:\/\/vetaustral.com.ar\/?product=atropina-1-00-x-10-ml-laika\" aria-label=\"Leer m\u00e1s sobre Atropina 1\/00 x 10 ml &#8211; Laika\">Leer m\u00e1s<\/a><\/p>\n","protected":false},"featured_media":2052,"comment_status":"open","ping_status":"closed","template":"","meta":[],"product_brand":[293,294],"product_cat":[36,32],"product_tag":[120],"class_list":{"0":"post-2051","1":"product","2":"type-product","3":"status-publish","4":"has-post-thumbnail","6":"product_brand-allignani-hnos","7":"product_brand-laika","8":"product_cat-animales-de-compania","9":"product_cat-farmacia","10":"product_tag-antiespasmodico","11":"sales-flash-overlay","12":"woocommerce-text-align-center","13":"woocommerce-image-align-center","14":"do-quantity-buttons","16":"first","17":"instock","18":"taxable","19":"shipping-taxable","20":"purchasable","21":"product-type-simple"},"jetpack_sharing_enabled":true,"_links":{"self":[{"href":"https:\/\/vetaustral.com.ar\/index.php?rest_route=\/wp\/v2\/product\/2051","targetHints":{"allow":["GET"]}}],"collection":[{"href":"https:\/\/vetaustral.com.ar\/index.php?rest_route=\/wp\/v2\/product"}],"about":[{"href":"https:\/\/vetaustral.com.ar\/index.php?rest_route=\/wp\/v2\/types\/product"}],"replies":[{"embeddable":true,"href":"https:\/\/vetaustral.com.ar\/index.php?rest_route=%2Fwp%2Fv2%2Fcomments&post=2051"}],"wp:featuredmedia":[{"embeddable":true,"href":"https:\/\/vetaustral.com.ar\/index.php?rest_route=\/wp\/v2\/media\/2052"}],"wp:attachment":[{"href":"https:\/\/vetaustral.com.ar\/index.php?rest_route=%2Fwp%2Fv2%2Fmedia&parent=2051"}],"wp:term":[{"taxonomy":"product_brand","embeddable":true,"href":"https:\/\/vetaustral.com.ar\/index.php?rest_route=%2Fwp%2Fv2%2Fproduct_brand&post=2051"},{"taxonomy":"product_cat","embeddable":true,"href":"https:\/\/vetaustral.com.ar\/index.php?rest_route=%2Fwp%2Fv2%2Fproduct_cat&post=2051"},{"taxonomy":"product_tag","embeddable":true,"href":"https:\/\/vetaustral.com.ar\/index.php?rest_route=%2Fwp%2Fv2%2Fproduct_tag&post=2051"}],"curies":[{"name":"wp","href":"https:\/\/api.w.org\/{rel}","templated":true}]}}