{"id":2045,"date":"2026-02-10T20:34:35","date_gmt":"2026-02-10T20:34:35","guid":{"rendered":"https:\/\/vetaustral.com.ar\/?post_type=product&#038;p=2045"},"modified":"2026-02-10T20:34:36","modified_gmt":"2026-02-10T20:34:36","slug":"antiparasitario-total-gotas-laika","status":"publish","type":"product","link":"https:\/\/vetaustral.com.ar\/?product=antiparasitario-total-gotas-laika","title":{"rendered":"Antiparasitario Total gotas &#8211; Laika"},"content":{"rendered":"<p>Contiene 1 gotero de 20 ml.<\/p>\n<ul>\n<li>Antiparasitario interno de administraci\u00f3n oral.<\/li>\n<\/ul>\n<p>&nbsp;<\/p>\n<h5><strong>F\u00f3rmula:<\/strong><\/h5>\n<p>Albendazol 20 g.<\/p>\n<p>Praziquantel 2 g.<\/p>\n<p>Veh\u00edculo c.s.p. 100 ml.<\/p>\n<p>&nbsp;<\/p>\n<h5><strong>Indicaciones:<\/strong><\/h5>\n<p>Antiparasitario interno para el tratamiento de parasitosis producidas por nem\u00e1todes (Toxocara canis, Toxocara felis, Toxascaris leonina, Ancylostoma caninum, Trichuris vulpis) y c\u00e9stodes (dypilidium caninum).<\/p>\n<p>&nbsp;<\/p>\n<p>Allignani Hnos &#8211; Laika<\/p>\n<p>&nbsp;<\/p>\n","protected":false},"excerpt":{"rendered":"<p>Contiene 1 gotero de 20 ml. Antiparasitario interno de administraci\u00f3n oral. &nbsp; F\u00f3rmula: Albendazol 20 g. Praziquantel 2 g. Veh\u00edculo c.s.p. 100 ml. &nbsp; Indicaciones: Antiparasitario interno para el tratamiento de parasitosis producidas por nem\u00e1todes (Toxocara canis, Toxocara felis, Toxascaris leonina, Ancylostoma caninum, Trichuris vulpis) y c\u00e9stodes (dypilidium caninum). &nbsp; Allignani Hnos &#8211; Laika &nbsp;<\/p>\n","protected":false},"featured_media":2046,"comment_status":"open","ping_status":"closed","template":"","meta":[],"product_brand":[293,294],"product_cat":[36,32],"product_tag":[71,237],"class_list":{"0":"post-2045","1":"product","2":"type-product","3":"status-publish","4":"has-post-thumbnail","6":"product_brand-allignani-hnos","7":"product_brand-laika","8":"product_cat-animales-de-compania","9":"product_cat-farmacia","10":"product_tag-antiparasitario-interno","11":"product_tag-para-perros-y-gatos","12":"sales-flash-overlay","13":"woocommerce-text-align-center","14":"woocommerce-image-align-center","15":"do-quantity-buttons","17":"first","18":"instock","19":"taxable","20":"shipping-taxable","21":"purchasable","22":"product-type-simple"},"jetpack_sharing_enabled":true,"_links":{"self":[{"href":"https:\/\/vetaustral.com.ar\/index.php?rest_route=\/wp\/v2\/product\/2045","targetHints":{"allow":["GET"]}}],"collection":[{"href":"https:\/\/vetaustral.com.ar\/index.php?rest_route=\/wp\/v2\/product"}],"about":[{"href":"https:\/\/vetaustral.com.ar\/index.php?rest_route=\/wp\/v2\/types\/product"}],"replies":[{"embeddable":true,"href":"https:\/\/vetaustral.com.ar\/index.php?rest_route=%2Fwp%2Fv2%2Fcomments&post=2045"}],"wp:featuredmedia":[{"embeddable":true,"href":"https:\/\/vetaustral.com.ar\/index.php?rest_route=\/wp\/v2\/media\/2046"}],"wp:attachment":[{"href":"https:\/\/vetaustral.com.ar\/index.php?rest_route=%2Fwp%2Fv2%2Fmedia&parent=2045"}],"wp:term":[{"taxonomy":"product_brand","embeddable":true,"href":"https:\/\/vetaustral.com.ar\/index.php?rest_route=%2Fwp%2Fv2%2Fproduct_brand&post=2045"},{"taxonomy":"product_cat","embeddable":true,"href":"https:\/\/vetaustral.com.ar\/index.php?rest_route=%2Fwp%2Fv2%2Fproduct_cat&post=2045"},{"taxonomy":"product_tag","embeddable":true,"href":"https:\/\/vetaustral.com.ar\/index.php?rest_route=%2Fwp%2Fv2%2Fproduct_tag&post=2045"}],"curies":[{"name":"wp","href":"https:\/\/api.w.org\/{rel}","templated":true}]}}