{"id":2039,"date":"2026-02-05T19:47:15","date_gmt":"2026-02-05T19:47:15","guid":{"rendered":"https:\/\/vetaustral.com.ar\/?post_type=product&#038;p=2039"},"modified":"2026-02-05T19:47:15","modified_gmt":"2026-02-05T19:47:15","slug":"mioton-x-100-ml-sport-horse","status":"publish","type":"product","link":"https:\/\/vetaustral.com.ar\/?product=mioton-x-100-ml-sport-horse","title":{"rendered":"Miot\u00f3n x 100 ml &#8211; Sport Horse"},"content":{"rendered":"<p>Contiene 1 frasco ampolla de 100 ml.<\/p>\n<ul>\n<li>Adyuvante en la recuperaci\u00f3n de la masa muscular.<\/li>\n<\/ul>\n<h5><strong>F\u00f3rmula:<\/strong><\/h5>\n<p>\u00c1cido adenosintrifosf\u00f3rico \u2013 0.100 g.<br \/>\nPotasio aspartato \u2013 1.000 g.<br \/>\nMagnesio aspartato \u2013 1.500g.<br \/>\nGlicocola o glicina \u2013 10.000 g.<br \/>\nSelenito de sodio \u2013 0.100 g.<br \/>\nVitamina B12 \u2013 0.050g.<br \/>\nMetilparabeno \u2013 0.070g.<br \/>\nPropilparabeno \u2013 0.030 g.<br \/>\nAlcohol Benc\u00edlico \u2013 10.00 ml.<br \/>\nAgua calidad inyectable usp 24 -100 ml.<\/p>\n<h5><strong>Indicaciones:<\/strong><\/h5>\n<ul>\n<li>s\u00edndrome del sobreentranamiento<\/li>\n<li>astenia<\/li>\n<li>envaraduras<\/li>\n<li>Miositis<\/li>\n<li>Mioglobinuria.<\/li>\n<\/ul>\n<p>Sport Horse<\/p>\n","protected":false},"excerpt":{"rendered":"<p>Contiene 1 frasco ampolla de 100 ml. Adyuvante en la recuperaci\u00f3n de la masa muscular. F\u00f3rmula: \u00c1cido adenosintrifosf\u00f3rico \u2013 0.100 g. Potasio aspartato \u2013 1.000 g. Magnesio aspartato \u2013 1.500g. Glicocola o glicina \u2013 10.000 g. Selenito de sodio \u2013 0.100 g. Vitamina B12 \u2013 0.050g. Metilparabeno \u2013 0.070g. Propilparabeno \u2013 0.030 g. Alcohol Benc\u00edlico &#8230; <a title=\"Miot\u00f3n x 100 ml &#8211; Sport Horse\" class=\"read-more\" href=\"https:\/\/vetaustral.com.ar\/?product=mioton-x-100-ml-sport-horse\" aria-label=\"Leer m\u00e1s sobre Miot\u00f3n x 100 ml &#8211; Sport Horse\">Leer m\u00e1s<\/a><\/p>\n","protected":false},"featured_media":2040,"comment_status":"open","ping_status":"closed","template":"","meta":[],"product_brand":[290],"product_cat":[33,32],"product_tag":[124,84,116],"class_list":{"0":"post-2039","1":"product","2":"type-product","3":"status-publish","4":"has-post-thumbnail","6":"product_brand-sport-horse","7":"product_cat-equinos","8":"product_cat-farmacia","9":"product_tag-aminoacidos","10":"product_tag-minerales","11":"product_tag-vitaminico","12":"sales-flash-overlay","13":"woocommerce-text-align-center","14":"woocommerce-image-align-center","15":"do-quantity-buttons","17":"first","18":"instock","19":"taxable","20":"shipping-taxable","21":"purchasable","22":"product-type-simple"},"jetpack_sharing_enabled":true,"_links":{"self":[{"href":"https:\/\/vetaustral.com.ar\/index.php?rest_route=\/wp\/v2\/product\/2039","targetHints":{"allow":["GET"]}}],"collection":[{"href":"https:\/\/vetaustral.com.ar\/index.php?rest_route=\/wp\/v2\/product"}],"about":[{"href":"https:\/\/vetaustral.com.ar\/index.php?rest_route=\/wp\/v2\/types\/product"}],"replies":[{"embeddable":true,"href":"https:\/\/vetaustral.com.ar\/index.php?rest_route=%2Fwp%2Fv2%2Fcomments&post=2039"}],"wp:featuredmedia":[{"embeddable":true,"href":"https:\/\/vetaustral.com.ar\/index.php?rest_route=\/wp\/v2\/media\/2040"}],"wp:attachment":[{"href":"https:\/\/vetaustral.com.ar\/index.php?rest_route=%2Fwp%2Fv2%2Fmedia&parent=2039"}],"wp:term":[{"taxonomy":"product_brand","embeddable":true,"href":"https:\/\/vetaustral.com.ar\/index.php?rest_route=%2Fwp%2Fv2%2Fproduct_brand&post=2039"},{"taxonomy":"product_cat","embeddable":true,"href":"https:\/\/vetaustral.com.ar\/index.php?rest_route=%2Fwp%2Fv2%2Fproduct_cat&post=2039"},{"taxonomy":"product_tag","embeddable":true,"href":"https:\/\/vetaustral.com.ar\/index.php?rest_route=%2Fwp%2Fv2%2Fproduct_tag&post=2039"}],"curies":[{"name":"wp","href":"https:\/\/api.w.org\/{rel}","templated":true}]}}