{"id":2035,"date":"2026-02-05T19:29:14","date_gmt":"2026-02-05T19:29:14","guid":{"rendered":"https:\/\/vetaustral.com.ar\/?post_type=product&#038;p=2035"},"modified":"2026-02-05T19:29:14","modified_gmt":"2026-02-05T19:29:14","slug":"hepato-renal-x-100-ml-sport-horse","status":"publish","type":"product","link":"https:\/\/vetaustral.com.ar\/?product=hepato-renal-x-100-ml-sport-horse","title":{"rendered":"Hepato-Renal x 100 ml &#8211; Sport Horse"},"content":{"rendered":"<p>Contiene 1 frasco ampolla de 100 ml.<\/p>\n<ul>\n<li>Antis\u00e9ptico urinario.<\/li>\n<li>Protector hep\u00e1tico.<\/li>\n<\/ul>\n<h5><strong>F\u00f3rmula:<\/strong><\/h5>\n<p>cada 100 ml contiene:<br \/>\nAcido tioctico \u2013 0.500 g<br \/>\nMetenamina \u2013 40.000 g<br \/>\nHidroxido de sodio \u2013 0.180 g<br \/>\nSulfito de Sodio \u2013 0.150 g<br \/>\nMetilparabeno \u2013 0.120 g<br \/>\nPropilparabeno \u2013 0.050 g<br \/>\nAgua Destilada para inyectables \u2013 100.00 ml.<\/p>\n<h5><strong>Indicaciones:<\/strong><\/h5>\n<p>S\u00edndrome Hepato renal sobrecarga digestiva intoxicaci\u00f3n medicamentosa. S\u00edndrome de la fatiga cr\u00f3nica, sobre entrenamiento. Cistitis-uretritis. Antis\u00e9ptico urinario.<\/p>\n<p>El <strong>Hepato-Renal<\/strong> es una combinaci\u00f3n farmacol\u00f3gica de dos importantes principios activos: el <strong>Acido ti\u00f3ctico<\/strong> y la <strong>Metenamina<\/strong> (Urotropina-hexametilentetramina) indicados terap\u00e9uticamente en la pr\u00e1ctica del caballo deportivo. El laboratorio Sport Horse logro combinar ambos principios qu\u00edmicamente y luego de ensayos pr\u00e1cticos formular un producto que adem\u00e1s de actuar sin\u00e9rgicamente con alta concentraci\u00f3n evita la doble inyecci\u00f3n. Estudios sobre equinos deportivos han demostrado que las exigencias deportivas del caballo determina mantener la funci\u00f3n del h\u00edgado y del ri\u00f1\u00f3n en optimas condiciones previniendo o tratando el s\u00edndrome Hepato Renal.<\/p>\n<p>Sport Horse<\/p>\n<p>&nbsp;<\/p>\n","protected":false},"excerpt":{"rendered":"<p>Contiene 1 frasco ampolla de 100 ml. Antis\u00e9ptico urinario. Protector hep\u00e1tico. F\u00f3rmula: cada 100 ml contiene: Acido tioctico \u2013 0.500 g Metenamina \u2013 40.000 g Hidroxido de sodio \u2013 0.180 g Sulfito de Sodio \u2013 0.150 g Metilparabeno \u2013 0.120 g Propilparabeno \u2013 0.050 g Agua Destilada para inyectables \u2013 100.00 ml. Indicaciones: S\u00edndrome Hepato &#8230; <a title=\"Hepato-Renal x 100 ml &#8211; Sport Horse\" class=\"read-more\" href=\"https:\/\/vetaustral.com.ar\/?product=hepato-renal-x-100-ml-sport-horse\" aria-label=\"Leer m\u00e1s sobre Hepato-Renal x 100 ml &#8211; Sport Horse\">Leer m\u00e1s<\/a><\/p>\n","protected":false},"featured_media":2036,"comment_status":"open","ping_status":"closed","template":"","meta":[],"product_brand":[290],"product_cat":[33,32],"product_tag":[60,61,113],"class_list":{"0":"post-2035","1":"product","2":"type-product","3":"status-publish","4":"has-post-thumbnail","6":"product_brand-sport-horse","7":"product_cat-equinos","8":"product_cat-farmacia","9":"product_tag-antiseptico-urinario","10":"product_tag-equinos-deportivos","11":"product_tag-hepatoprotector","12":"sales-flash-overlay","13":"woocommerce-text-align-center","14":"woocommerce-image-align-center","15":"do-quantity-buttons","17":"first","18":"instock","19":"taxable","20":"shipping-taxable","21":"purchasable","22":"product-type-simple"},"jetpack_sharing_enabled":true,"_links":{"self":[{"href":"https:\/\/vetaustral.com.ar\/index.php?rest_route=\/wp\/v2\/product\/2035","targetHints":{"allow":["GET"]}}],"collection":[{"href":"https:\/\/vetaustral.com.ar\/index.php?rest_route=\/wp\/v2\/product"}],"about":[{"href":"https:\/\/vetaustral.com.ar\/index.php?rest_route=\/wp\/v2\/types\/product"}],"replies":[{"embeddable":true,"href":"https:\/\/vetaustral.com.ar\/index.php?rest_route=%2Fwp%2Fv2%2Fcomments&post=2035"}],"wp:featuredmedia":[{"embeddable":true,"href":"https:\/\/vetaustral.com.ar\/index.php?rest_route=\/wp\/v2\/media\/2036"}],"wp:attachment":[{"href":"https:\/\/vetaustral.com.ar\/index.php?rest_route=%2Fwp%2Fv2%2Fmedia&parent=2035"}],"wp:term":[{"taxonomy":"product_brand","embeddable":true,"href":"https:\/\/vetaustral.com.ar\/index.php?rest_route=%2Fwp%2Fv2%2Fproduct_brand&post=2035"},{"taxonomy":"product_cat","embeddable":true,"href":"https:\/\/vetaustral.com.ar\/index.php?rest_route=%2Fwp%2Fv2%2Fproduct_cat&post=2035"},{"taxonomy":"product_tag","embeddable":true,"href":"https:\/\/vetaustral.com.ar\/index.php?rest_route=%2Fwp%2Fv2%2Fproduct_tag&post=2035"}],"curies":[{"name":"wp","href":"https:\/\/api.w.org\/{rel}","templated":true}]}}