{"id":2033,"date":"2026-02-04T22:03:31","date_gmt":"2026-02-04T22:03:31","guid":{"rendered":"https:\/\/vetaustral.com.ar\/?post_type=product&#038;p=2033"},"modified":"2026-02-04T22:03:31","modified_gmt":"2026-02-04T22:03:31","slug":"equicalm-x-500-ml-sport-horse","status":"publish","type":"product","link":"https:\/\/vetaustral.com.ar\/?product=equicalm-x-500-ml-sport-horse","title":{"rendered":"Equicalm x 500 ml &#8211; Sport Horse"},"content":{"rendered":"<p>Contiene 1 bid\u00f3n de 500 ml.<\/p>\n<ul>\n<li>Calmante natural para equinos.<\/li>\n<\/ul>\n<h5><strong>F\u00f3rmula:<\/strong><\/h5>\n<p>L-Triptofano \u2013 1.133 g<br \/>\nSulfato de magnesio -20 g<br \/>\nExcipientes csp \u2013 100 ml.<\/p>\n<h5><strong>Acci\u00f3n terap\u00e9utica e Indicaciones:<\/strong><\/h5>\n<p>Suplemento nutricional para equinos nerviosos.<br \/>\nCoadyuvnate de sudoraciones, envaraduras, temblores, Strees, excitabilidad, hipomagnisemias.<br \/>\nSuplemento vitam\u00ednico.<\/p>\n<p><em><strong>Logra la calma y el enfoque necesarios para la competencia sin afectar su energ\u00eda ni su velocidad final.<\/strong><\/em><\/p>\n<h5><b>Descripcion:<\/b><\/h5>\n<p>Es una mezcla de una sal de magnesio y un amino\u00e1cido esencial el L-triptofano: Precursor de la serotonia, 5 hidroxitriptamina, es el transmisor qu\u00edmico de los impulsos nerviosos a los centros parasimp\u00e1ticos, en peque\u00f1as concentraciones produce efecto sedante. Sulfato de magnesio: en los l\u00edquidos intracelulares es el segundo cation en importancia del organismo. esencial para la actividad de muchas enzimas desempe\u00f1ando un papel importante en la transmisi\u00f3n neuroqu\u00edmica y la excitabilidad muscular. tiene efecto depresor sobre el sistema neuromuscular, sistema nervioso central y perif\u00e9rico.<\/p>\n<p>Sport Horse<\/p>\n<p>&nbsp;<\/p>\n<p>&nbsp;<\/p>\n","protected":false},"excerpt":{"rendered":"<p>Contiene 1 bid\u00f3n de 500 ml. Calmante natural para equinos. F\u00f3rmula: L-Triptofano \u2013 1.133 g Sulfato de magnesio -20 g Excipientes csp \u2013 100 ml. Acci\u00f3n terap\u00e9utica e Indicaciones: Suplemento nutricional para equinos nerviosos. Coadyuvnate de sudoraciones, envaraduras, temblores, Strees, excitabilidad, hipomagnisemias. Suplemento vitam\u00ednico. Logra la calma y el enfoque necesarios para la competencia sin &#8230; <a title=\"Equicalm x 500 ml &#8211; Sport Horse\" class=\"read-more\" href=\"https:\/\/vetaustral.com.ar\/?product=equicalm-x-500-ml-sport-horse\" aria-label=\"Leer m\u00e1s sobre Equicalm x 500 ml &#8211; Sport Horse\">Leer m\u00e1s<\/a><\/p>\n","protected":false},"featured_media":2034,"comment_status":"open","ping_status":"closed","template":"","meta":[],"product_brand":[290],"product_cat":[33,32],"product_tag":[61,142],"class_list":{"0":"post-2033","1":"product","2":"type-product","3":"status-publish","4":"has-post-thumbnail","6":"product_brand-sport-horse","7":"product_cat-equinos","8":"product_cat-farmacia","9":"product_tag-equinos-deportivos","10":"product_tag-tranquilizante","11":"sales-flash-overlay","12":"woocommerce-text-align-center","13":"woocommerce-image-align-center","14":"do-quantity-buttons","16":"first","17":"instock","18":"taxable","19":"shipping-taxable","20":"purchasable","21":"product-type-simple"},"jetpack_sharing_enabled":true,"_links":{"self":[{"href":"https:\/\/vetaustral.com.ar\/index.php?rest_route=\/wp\/v2\/product\/2033","targetHints":{"allow":["GET"]}}],"collection":[{"href":"https:\/\/vetaustral.com.ar\/index.php?rest_route=\/wp\/v2\/product"}],"about":[{"href":"https:\/\/vetaustral.com.ar\/index.php?rest_route=\/wp\/v2\/types\/product"}],"replies":[{"embeddable":true,"href":"https:\/\/vetaustral.com.ar\/index.php?rest_route=%2Fwp%2Fv2%2Fcomments&post=2033"}],"wp:featuredmedia":[{"embeddable":true,"href":"https:\/\/vetaustral.com.ar\/index.php?rest_route=\/wp\/v2\/media\/2034"}],"wp:attachment":[{"href":"https:\/\/vetaustral.com.ar\/index.php?rest_route=%2Fwp%2Fv2%2Fmedia&parent=2033"}],"wp:term":[{"taxonomy":"product_brand","embeddable":true,"href":"https:\/\/vetaustral.com.ar\/index.php?rest_route=%2Fwp%2Fv2%2Fproduct_brand&post=2033"},{"taxonomy":"product_cat","embeddable":true,"href":"https:\/\/vetaustral.com.ar\/index.php?rest_route=%2Fwp%2Fv2%2Fproduct_cat&post=2033"},{"taxonomy":"product_tag","embeddable":true,"href":"https:\/\/vetaustral.com.ar\/index.php?rest_route=%2Fwp%2Fv2%2Fproduct_tag&post=2033"}],"curies":[{"name":"wp","href":"https:\/\/api.w.org\/{rel}","templated":true}]}}