{"id":2030,"date":"2026-02-04T20:43:46","date_gmt":"2026-02-04T20:43:46","guid":{"rendered":"https:\/\/vetaustral.com.ar\/?post_type=product&#038;p=2030"},"modified":"2026-02-05T19:57:38","modified_gmt":"2026-02-05T19:57:38","slug":"dx-4-x-50-ml-sport-horse","status":"publish","type":"product","link":"https:\/\/vetaustral.com.ar\/?product=dx-4-x-50-ml-sport-horse","title":{"rendered":"DX-4 x 50 ml &#8211; Sport Horse"},"content":{"rendered":"<p>Contiene 1 frasco ampolla de 50 ml.<\/p>\n<ul>\n<li>Antiinflamatorio de r\u00e1pida acci\u00f3n.<\/li>\n<\/ul>\n<h5><strong>F\u00f3rmula:<\/strong><\/h5>\n<p>Dexametasona \u2013 4 mg<br \/>\nAgente de formacion csp \u2013 1 ml.<\/p>\n<h5><strong>Acci\u00f3n terap\u00e9utica e Indicaciones:<\/strong><\/h5>\n<p>Indicado en procesos inflamatorios, miositis, osteitis, osteoartritis, sinovitis, tendinitis, en proceso de shock, reum\u00e1ticos, artr\u00edticos, lesiones espinal, afecciones inflamatorias de las v\u00edas a\u00e9reas y estados inflamatorios de diversa etiologia. Antialergico.<\/p>\n<h5><strong>Aplicaci\u00f3n intramuscular, endovenosa o subcutaneo.<\/strong><\/h5>\n<p>&nbsp;<\/p>\n<p>Sport Horse<\/p>\n","protected":false},"excerpt":{"rendered":"<p>Contiene 1 frasco ampolla de 50 ml. Antiinflamatorio de r\u00e1pida acci\u00f3n. F\u00f3rmula: Dexametasona \u2013 4 mg Agente de formacion csp \u2013 1 ml. Acci\u00f3n terap\u00e9utica e Indicaciones: Indicado en procesos inflamatorios, miositis, osteitis, osteoartritis, sinovitis, tendinitis, en proceso de shock, reum\u00e1ticos, artr\u00edticos, lesiones espinal, afecciones inflamatorias de las v\u00edas a\u00e9reas y estados inflamatorios de diversa &#8230; <a title=\"DX-4 x 50 ml &#8211; Sport Horse\" class=\"read-more\" href=\"https:\/\/vetaustral.com.ar\/?product=dx-4-x-50-ml-sport-horse\" aria-label=\"Leer m\u00e1s sobre DX-4 x 50 ml &#8211; Sport Horse\">Leer m\u00e1s<\/a><\/p>\n","protected":false},"featured_media":2031,"comment_status":"open","ping_status":"closed","template":"","meta":[],"product_brand":[290],"product_cat":[33,32],"product_tag":[44,48],"class_list":{"0":"post-2030","1":"product","2":"type-product","3":"status-publish","4":"has-post-thumbnail","6":"product_brand-sport-horse","7":"product_cat-equinos","8":"product_cat-farmacia","9":"product_tag-antiinflamatorio","10":"product_tag-esteroide","11":"sales-flash-overlay","12":"woocommerce-text-align-center","13":"woocommerce-image-align-center","14":"do-quantity-buttons","16":"first","17":"instock","18":"taxable","19":"shipping-taxable","20":"purchasable","21":"product-type-simple"},"jetpack_sharing_enabled":true,"_links":{"self":[{"href":"https:\/\/vetaustral.com.ar\/index.php?rest_route=\/wp\/v2\/product\/2030","targetHints":{"allow":["GET"]}}],"collection":[{"href":"https:\/\/vetaustral.com.ar\/index.php?rest_route=\/wp\/v2\/product"}],"about":[{"href":"https:\/\/vetaustral.com.ar\/index.php?rest_route=\/wp\/v2\/types\/product"}],"replies":[{"embeddable":true,"href":"https:\/\/vetaustral.com.ar\/index.php?rest_route=%2Fwp%2Fv2%2Fcomments&post=2030"}],"wp:featuredmedia":[{"embeddable":true,"href":"https:\/\/vetaustral.com.ar\/index.php?rest_route=\/wp\/v2\/media\/2031"}],"wp:attachment":[{"href":"https:\/\/vetaustral.com.ar\/index.php?rest_route=%2Fwp%2Fv2%2Fmedia&parent=2030"}],"wp:term":[{"taxonomy":"product_brand","embeddable":true,"href":"https:\/\/vetaustral.com.ar\/index.php?rest_route=%2Fwp%2Fv2%2Fproduct_brand&post=2030"},{"taxonomy":"product_cat","embeddable":true,"href":"https:\/\/vetaustral.com.ar\/index.php?rest_route=%2Fwp%2Fv2%2Fproduct_cat&post=2030"},{"taxonomy":"product_tag","embeddable":true,"href":"https:\/\/vetaustral.com.ar\/index.php?rest_route=%2Fwp%2Fv2%2Fproduct_tag&post=2030"}],"curies":[{"name":"wp","href":"https:\/\/api.w.org\/{rel}","templated":true}]}}