{"id":2024,"date":"2026-02-04T20:12:51","date_gmt":"2026-02-04T20:12:51","guid":{"rendered":"https:\/\/vetaustral.com.ar\/?post_type=product&#038;p=2024"},"modified":"2026-02-04T20:12:51","modified_gmt":"2026-02-04T20:12:51","slug":"kume-para-perros-mordida-pequena-x-3-kg-kume","status":"publish","type":"product","link":"https:\/\/vetaustral.com.ar\/?product=kume-para-perros-mordida-pequena-x-3-kg-kume","title":{"rendered":"K\u00fcme para perros mordida peque\u00f1a x 3 kg &#8211; K\u00fcme"},"content":{"rendered":"<p>Alimento K\u00fcme Hol\u00edstico Para Perro Mordida Peque\u00f1a X 3 kg.<\/p>\n<ul>\n<li>Primer alimento hol\u00edstico de Argentina.<\/li>\n<li>Un \u00fanico alimento para todas las etapas de la vida, tama\u00f1os y razas.<\/li>\n<\/ul>\n<p>Este alimento es la opci\u00f3n perfecta para aquellos que quieren asegurarse de que su amigo peludo tenga una dieta completa y equilibrada. Adem\u00e1s, su f\u00f3rmula especial permite que el animal consuma menos cantidad de alimento y produzca heces m\u00e1s peque\u00f1as, lo que resulta en una limpieza m\u00e1s f\u00e1cil y eficiente. Es importante destacar que todas las materias primas utilizadas en la elaboraci\u00f3n de este alimento son cuidadosamente seleccionadas para garantizar la calidad y el sabor del producto.<\/p>\n<h5><strong>Beneficios:<\/strong><\/h5>\n<p><em>Alta Digestibilidad:<\/em><\/p>\n<ul>\n<li>Con el sabor de los ingredientes que lo componen. Sin saborizantes ni\u00a0colorantes artificiales. Altamente palatable.<\/li>\n<\/ul>\n<p><em>Salud Intestinal:<\/em><\/p>\n<ul>\n<li>La presencia de prebi\u00f3ticos (pulpa de remolacha), zeolita y una adecuada\u00a0relaci\u00f3n entre fibras solubles e insolubles (fructooliosac\u00e1ridos &#8211; FOS y\u00a0mananooligosac\u00e1ridos &#8211; MOS), ayuda a regular el tr\u00e1nsito intestinal ycontribuye a mantener saludable el ecosistema col\u00f3nico (bifidobacter y\u00a0lactobacilos).<\/li>\n<\/ul>\n<p><em>Control de Gases y Olores:<\/em><\/p>\n<ul>\n<li>Posee componentes herbales y minerales (extracto de Yucca schidigera,\u00a0hinojo y acetato de zinc) que ayudan a controlar la formaci\u00f3n de gases en el\u00a0tracto gastrointestinal y olores desagradables en las deposiciones.<\/li>\n<\/ul>\n<p>Compuestos y Antioxidantes Naturales Herbales:<\/p>\n<ul>\n<li>Captan los radicales libres responsables del envejecimiento celular. Extracto\u00a0de cal\u00e9ndula, hinojo, jengibre, c\u00farcuma, marigold, polifenoles del t\u00e9 verde,\u00a0licopeno, extracto de romero, moringa y canela.<\/li>\n<\/ul>\n<p><em>Longevidad:<\/em><\/p>\n<ul>\n<li>Posee un pool de antioxidantes naturales que captan los radicales libres\u00a0responsables del envejecimiento celular, ellos son:\u00a0Antioxidantes hidrosolubles: Marigold. Polifenoles del t\u00e9 verde. Taurina.Vitamina C.Vita Forte 13\u00a0Ayudan a mantener el correcto estado de la estructura y masa corporal del\u00a0animal. 13 vitaminas y 13 minerales.<\/li>\n<\/ul>\n<p><em>Salud Articular:<\/em><\/p>\n<ul>\n<li>Formulado con glucosamina, condroitin sulfato, vitamina C, ascorbato de\u00a0manganeso y zinc que contribuyen a proteger la salud osteoarticular del\u00a0animal.<\/li>\n<\/ul>\n<p><em>Salud Dermatol\u00f3gica:<\/em><\/p>\n<ul>\n<li>Contiene en su composici\u00f3n: biotina que favorece el mantenimiento de una\u00a0piel bien humectada y con una correcta barrera lip\u00eddica. Zinc &#8211; metioninaque contribuye a mantener la vitalidad del manto piloso. Omega 3 de\u00a0reconocido efecto antiinflamatorio natural. Omega 6 que promueve la\u00a0calidad del pelo y la elasticidad de la piel. Vitamina A que contribuye a\u00a0mantener la salud epitelial \u00f3ptima.<\/li>\n<\/ul>\n<p><em>Salud Bucal:<\/em><\/p>\n<ul>\n<li>Con pirofosfato \u00e1cido de sodio que ayuda a prevenir la formaci\u00f3n del sarro\u00a0dental y la halitosis (mal aliento).<\/li>\n<\/ul>\n<p><em>Salud Inmunol\u00f3gica:<\/em><\/p>\n<ul>\n<li>Los nucle\u00f3tidos de levadura act\u00faan como estimulantes de las defensas que\u00a0posibilitan una mayor tasa de anticuerpos post-vacunal, y una mayor y\u00a0mejor respuesta inmunitaria ante el stress o enfermedad, \u00e9stos ayudan a\u00a0reforzar la salud inmunol\u00f3gica.<\/li>\n<\/ul>\n<p>K\u00fcme<\/p>\n","protected":false},"excerpt":{"rendered":"<p>Alimento K\u00fcme Hol\u00edstico Para Perro Mordida Peque\u00f1a X 3 kg. Primer alimento hol\u00edstico de Argentina. Un \u00fanico alimento para todas las etapas de la vida, tama\u00f1os y razas. Este alimento es la opci\u00f3n perfecta para aquellos que quieren asegurarse de que su amigo peludo tenga una dieta completa y equilibrada. Adem\u00e1s, su f\u00f3rmula especial permite &#8230; <a title=\"K\u00fcme para perros mordida peque\u00f1a x 3 kg &#8211; K\u00fcme\" class=\"read-more\" href=\"https:\/\/vetaustral.com.ar\/?product=kume-para-perros-mordida-pequena-x-3-kg-kume\" aria-label=\"Leer m\u00e1s sobre K\u00fcme para perros mordida peque\u00f1a x 3 kg &#8211; K\u00fcme\">Leer m\u00e1s<\/a><\/p>\n","protected":false},"featured_media":2025,"comment_status":"open","ping_status":"closed","template":"","meta":[],"product_brand":[287],"product_cat":[37,30],"product_tag":[229,289],"class_list":{"0":"post-2024","1":"product","2":"type-product","3":"status-publish","4":"has-post-thumbnail","6":"product_brand-kume","7":"product_cat-alimentos","8":"product_cat-pet-shop","9":"product_tag-alimento-balanceado-para-perros","10":"product_tag-holistico","11":"sales-flash-overlay","12":"woocommerce-text-align-center","13":"woocommerce-image-align-center","14":"do-quantity-buttons","16":"first","17":"instock","18":"taxable","19":"shipping-taxable","20":"purchasable","21":"product-type-simple"},"jetpack_sharing_enabled":true,"_links":{"self":[{"href":"https:\/\/vetaustral.com.ar\/index.php?rest_route=\/wp\/v2\/product\/2024","targetHints":{"allow":["GET"]}}],"collection":[{"href":"https:\/\/vetaustral.com.ar\/index.php?rest_route=\/wp\/v2\/product"}],"about":[{"href":"https:\/\/vetaustral.com.ar\/index.php?rest_route=\/wp\/v2\/types\/product"}],"replies":[{"embeddable":true,"href":"https:\/\/vetaustral.com.ar\/index.php?rest_route=%2Fwp%2Fv2%2Fcomments&post=2024"}],"wp:featuredmedia":[{"embeddable":true,"href":"https:\/\/vetaustral.com.ar\/index.php?rest_route=\/wp\/v2\/media\/2025"}],"wp:attachment":[{"href":"https:\/\/vetaustral.com.ar\/index.php?rest_route=%2Fwp%2Fv2%2Fmedia&parent=2024"}],"wp:term":[{"taxonomy":"product_brand","embeddable":true,"href":"https:\/\/vetaustral.com.ar\/index.php?rest_route=%2Fwp%2Fv2%2Fproduct_brand&post=2024"},{"taxonomy":"product_cat","embeddable":true,"href":"https:\/\/vetaustral.com.ar\/index.php?rest_route=%2Fwp%2Fv2%2Fproduct_cat&post=2024"},{"taxonomy":"product_tag","embeddable":true,"href":"https:\/\/vetaustral.com.ar\/index.php?rest_route=%2Fwp%2Fv2%2Fproduct_tag&post=2024"}],"curies":[{"name":"wp","href":"https:\/\/api.w.org\/{rel}","templated":true}]}}