{"id":2022,"date":"2026-02-04T19:58:17","date_gmt":"2026-02-04T19:58:17","guid":{"rendered":"https:\/\/vetaustral.com.ar\/?post_type=product&#038;p=2022"},"modified":"2026-02-04T19:59:27","modified_gmt":"2026-02-04T19:59:27","slug":"kume-para-gatos-x-15-kg-kume","status":"publish","type":"product","link":"https:\/\/vetaustral.com.ar\/?product=kume-para-gatos-x-15-kg-kume","title":{"rendered":"K\u00fcme para gatos x 1,5 kg &#8211; K\u00fcme"},"content":{"rendered":"<p>Alimento K\u00fcme Hol\u00edstico Para Gatos X 1.5 Kg.<\/p>\n<ul>\n<li>Primer alimento hol\u00edstico de Argentina.<\/li>\n<li>Un \u00fanico alimento para todas las etapas de la vida, tama\u00f1os y razas.<\/li>\n<\/ul>\n<p>Este alimento para gatos es una excelente opci\u00f3n para asegurarte de que tu felino est\u00e9 recibiendo todos los nutrientes que necesita en cada etapa de su vida. Es adecuado para gatos de todas las edades y necesidades, desde los que est\u00e1n en el proceso de destete hasta los gatos seniors.<\/p>\n<p>Adem\u00e1s, es una buena opci\u00f3n para gatos que tienen tendencia a la obesidad o que ya han sido castrados. En estos casos, es importante graduar la dosis seg\u00fan las indicaciones del suministro para asegurarse de que el gato no est\u00e9 recibiendo demasiado alimento.<\/p>\n<p>Recuerda que una alimentaci\u00f3n adecuada es esencial para la salud y el bienestar de tu gato, por lo que es recomendable que consultes con tu veterinario para obtener m\u00e1s informaci\u00f3n sobre las necesidades nutricionales espec\u00edficas de tu Felino<\/p>\n<h5><strong>Beneficios<\/strong><\/h5>\n<p>Piel Sana y Pelo Brillante:<\/p>\n<ul>\n<li>Contiene \u00e1cidos grasos omega 3 y 6, zincmetionina, cobre, biotina y vitamina A, que ayudan a mantener la piel saludable, el pelo suave y brillante. Mantiene el color del manto piloso.<\/li>\n<\/ul>\n<p>Salud Urinaria:<\/p>\n<ul>\n<li>Los bajos niveles de magnesio, los niveles acotados del pH logrado (6,2 &#8211; 6,5) ayudan a minimizar l a formaci\u00f3n de todo tipo de c\u00e1lculos urinarios. La incorporaci\u00f3n de ar\u00e1ndanos, uva ursi y zarzaparrilla ayuda a mantener un tracto urinario sano.<\/li>\n<\/ul>\n<p>Salud intestinal:<\/p>\n<ul>\n<li>La presencia de pulpa de remolacha, fuente de FOS, act\u00faa como prebi\u00f3tico que ayuda a mejorar la salud intestinal. La Yucca schidigera contribuye a minimizar el olor de las deposiciones (orina y materia fecal).<\/li>\n<\/ul>\n<p>Mayor y Mejor Calidad de Vida:<\/p>\n<ul>\n<li>La presencia de antioxidantes naturales que capta los radicales libres retrasa los efectos del envejecimiento celular.<\/li>\n<\/ul>\n<p>Salud Articular:<\/p>\n<ul>\n<li>La presencia de glucosamina y condroit\u00edn sulfato previenen y mejoran la salud articular.<\/li>\n<\/ul>\n<p>Control de Grasa Corporal:<\/p>\n<ul>\n<li>La presencia de garcinia cambogia contribuye a evitar la formaci\u00f3n y acumulaci\u00f3n de grasa corporal excesiva.<\/li>\n<\/ul>\n<p>Control de Bolas de Pelo:<\/p>\n<ul>\n<li>Minimiza la formaci\u00f3n de bolas de pelo en el tracto gastrointestinal como efecto del lamido.<\/li>\n<\/ul>\n<p>Salud Bucal:<\/p>\n<ul>\n<li>La presencia de pirofosfato \u00e1cido de sodio minimiza la formaci\u00f3n de sarro dental.<\/li>\n<\/ul>\n<p><strong>Alta Palatabilidad:<\/strong><\/p>\n<ul>\n<li>Sustentada en los amino\u00e1cidos de la hidr\u00f3lisis y los complejos herbales.<\/li>\n<\/ul>\n<p>K\u00fcme<\/p>\n","protected":false},"excerpt":{"rendered":"<p>Alimento K\u00fcme Hol\u00edstico Para Gatos X 1.5 Kg. Primer alimento hol\u00edstico de Argentina. Un \u00fanico alimento para todas las etapas de la vida, tama\u00f1os y razas. Este alimento para gatos es una excelente opci\u00f3n para asegurarte de que tu felino est\u00e9 recibiendo todos los nutrientes que necesita en cada etapa de su vida. Es adecuado &#8230; <a title=\"K\u00fcme para gatos x 1,5 kg &#8211; K\u00fcme\" class=\"read-more\" href=\"https:\/\/vetaustral.com.ar\/?product=kume-para-gatos-x-15-kg-kume\" aria-label=\"Leer m\u00e1s sobre K\u00fcme para gatos x 1,5 kg &#8211; K\u00fcme\">Leer m\u00e1s<\/a><\/p>\n","protected":false},"featured_media":2023,"comment_status":"open","ping_status":"closed","template":"","meta":[],"product_brand":[287],"product_cat":[37,30],"product_tag":[288,289],"class_list":{"0":"post-2022","1":"product","2":"type-product","3":"status-publish","4":"has-post-thumbnail","6":"product_brand-kume","7":"product_cat-alimentos","8":"product_cat-pet-shop","9":"product_tag-alimento-balanceado-para-gatos","10":"product_tag-holistico","11":"sales-flash-overlay","12":"woocommerce-text-align-center","13":"woocommerce-image-align-center","14":"do-quantity-buttons","16":"first","17":"instock","18":"taxable","19":"shipping-taxable","20":"purchasable","21":"product-type-simple"},"jetpack_sharing_enabled":true,"_links":{"self":[{"href":"https:\/\/vetaustral.com.ar\/index.php?rest_route=\/wp\/v2\/product\/2022","targetHints":{"allow":["GET"]}}],"collection":[{"href":"https:\/\/vetaustral.com.ar\/index.php?rest_route=\/wp\/v2\/product"}],"about":[{"href":"https:\/\/vetaustral.com.ar\/index.php?rest_route=\/wp\/v2\/types\/product"}],"replies":[{"embeddable":true,"href":"https:\/\/vetaustral.com.ar\/index.php?rest_route=%2Fwp%2Fv2%2Fcomments&post=2022"}],"wp:featuredmedia":[{"embeddable":true,"href":"https:\/\/vetaustral.com.ar\/index.php?rest_route=\/wp\/v2\/media\/2023"}],"wp:attachment":[{"href":"https:\/\/vetaustral.com.ar\/index.php?rest_route=%2Fwp%2Fv2%2Fmedia&parent=2022"}],"wp:term":[{"taxonomy":"product_brand","embeddable":true,"href":"https:\/\/vetaustral.com.ar\/index.php?rest_route=%2Fwp%2Fv2%2Fproduct_brand&post=2022"},{"taxonomy":"product_cat","embeddable":true,"href":"https:\/\/vetaustral.com.ar\/index.php?rest_route=%2Fwp%2Fv2%2Fproduct_cat&post=2022"},{"taxonomy":"product_tag","embeddable":true,"href":"https:\/\/vetaustral.com.ar\/index.php?rest_route=%2Fwp%2Fv2%2Fproduct_tag&post=2022"}],"curies":[{"name":"wp","href":"https:\/\/api.w.org\/{rel}","templated":true}]}}