{"id":2020,"date":"2026-02-04T19:38:28","date_gmt":"2026-02-04T19:38:28","guid":{"rendered":"https:\/\/vetaustral.com.ar\/?post_type=product&#038;p=2020"},"modified":"2026-02-04T19:38:29","modified_gmt":"2026-02-04T19:38:29","slug":"vermectin-x-500-ml-over","status":"publish","type":"product","link":"https:\/\/vetaustral.com.ar\/?product=vermectin-x-500-ml-over","title":{"rendered":"Vermect\u00edn x 500 ml &#8211; Over"},"content":{"rendered":"<p>Contiene 1 frasco ampolla de 500 ml.<\/p>\n<ul>\n<li>Antiparasitario interno y externo.<\/li>\n<\/ul>\n<h5><strong>F\u00f3rmula:<\/strong><\/h5>\n<p>Cada 100 ml contiene:<br \/>\nIvermectina 1 g<br \/>\nAgentes de formulaci\u00f3n c.s.<\/p>\n<h5><strong>Indicaciones:<\/strong><\/h5>\n<p><strong>Bovinos:<\/strong>\u00a0Tratamiento y control de nematodos gastrointestinales, pulmonares, piojos chupadores, miasis cut\u00e1nea, y sarna com\u00fan del bovino.\u00a0<strong>Porcinos:<\/strong>\u00a0Tratamiento y control de lombrices gastrointestinales, pulmonares y del ri\u00f1\u00f3n, piojos y \u00e1caros.<\/p>\n<h5><strong>Especies a las que se destina:<\/strong><\/h5>\n<p>Bovinos y porcinos.<\/p>\n<h5><strong>Administraci\u00f3n:<\/strong><\/h5>\n<p>V\u00eda subcut\u00e1nea.<\/p>\n<p>&nbsp;<\/p>\n<p>Over<\/p>\n","protected":false},"excerpt":{"rendered":"<p>Contiene 1 frasco ampolla de 500 ml. Antiparasitario interno y externo. F\u00f3rmula: Cada 100 ml contiene: Ivermectina 1 g Agentes de formulaci\u00f3n c.s. Indicaciones: Bovinos:\u00a0Tratamiento y control de nematodos gastrointestinales, pulmonares, piojos chupadores, miasis cut\u00e1nea, y sarna com\u00fan del bovino.\u00a0Porcinos:\u00a0Tratamiento y control de lombrices gastrointestinales, pulmonares y del ri\u00f1\u00f3n, piojos y \u00e1caros. Especies a las &#8230; <a title=\"Vermect\u00edn x 500 ml &#8211; Over\" class=\"read-more\" href=\"https:\/\/vetaustral.com.ar\/?product=vermectin-x-500-ml-over\" aria-label=\"Leer m\u00e1s sobre Vermect\u00edn x 500 ml &#8211; Over\">Leer m\u00e1s<\/a><\/p>\n","protected":false},"featured_media":2021,"comment_status":"open","ping_status":"closed","template":"","meta":[],"product_brand":[286],"product_cat":[32,52],"product_tag":[65,71],"class_list":{"0":"post-2020","1":"product","2":"type-product","3":"status-publish","4":"has-post-thumbnail","6":"product_brand-over","7":"product_cat-farmacia","8":"product_cat-grandes-animales","9":"product_tag-antiparasitario-externo","10":"product_tag-antiparasitario-interno","11":"sales-flash-overlay","12":"woocommerce-text-align-center","13":"woocommerce-image-align-center","14":"do-quantity-buttons","16":"first","17":"instock","18":"taxable","19":"shipping-taxable","20":"purchasable","21":"product-type-simple"},"jetpack_sharing_enabled":true,"_links":{"self":[{"href":"https:\/\/vetaustral.com.ar\/index.php?rest_route=\/wp\/v2\/product\/2020","targetHints":{"allow":["GET"]}}],"collection":[{"href":"https:\/\/vetaustral.com.ar\/index.php?rest_route=\/wp\/v2\/product"}],"about":[{"href":"https:\/\/vetaustral.com.ar\/index.php?rest_route=\/wp\/v2\/types\/product"}],"replies":[{"embeddable":true,"href":"https:\/\/vetaustral.com.ar\/index.php?rest_route=%2Fwp%2Fv2%2Fcomments&post=2020"}],"wp:featuredmedia":[{"embeddable":true,"href":"https:\/\/vetaustral.com.ar\/index.php?rest_route=\/wp\/v2\/media\/2021"}],"wp:attachment":[{"href":"https:\/\/vetaustral.com.ar\/index.php?rest_route=%2Fwp%2Fv2%2Fmedia&parent=2020"}],"wp:term":[{"taxonomy":"product_brand","embeddable":true,"href":"https:\/\/vetaustral.com.ar\/index.php?rest_route=%2Fwp%2Fv2%2Fproduct_brand&post=2020"},{"taxonomy":"product_cat","embeddable":true,"href":"https:\/\/vetaustral.com.ar\/index.php?rest_route=%2Fwp%2Fv2%2Fproduct_cat&post=2020"},{"taxonomy":"product_tag","embeddable":true,"href":"https:\/\/vetaustral.com.ar\/index.php?rest_route=%2Fwp%2Fv2%2Fproduct_tag&post=2020"}],"curies":[{"name":"wp","href":"https:\/\/api.w.org\/{rel}","templated":true}]}}