{"id":2016,"date":"2026-02-04T19:22:31","date_gmt":"2026-02-04T19:22:31","guid":{"rendered":"https:\/\/vetaustral.com.ar\/?post_type=product&#038;p=2016"},"modified":"2026-02-04T19:22:31","modified_gmt":"2026-02-04T19:22:31","slug":"trifect-forte-over","status":"publish","type":"product","link":"https:\/\/vetaustral.com.ar\/?product=trifect-forte-over","title":{"rendered":"Trifect FORTE &#8211; Over"},"content":{"rendered":"<p>Caja con 1 frasco de 40 ml de solvente y 1 frasco de 18 g de polvo.<\/p>\n<ul>\n<li>Antibi\u00f3tico.<\/li>\n<li>Antiinflamatorio.<\/li>\n<li>Analg\u00e9sico.<\/li>\n<li>Antipir\u00e9tico.<\/li>\n<\/ul>\n<h5><strong>F\u00f3rmula:<\/strong><\/h5>\n<p>Cada frasco con 18 g de polvo contiene:<br \/>\nPenicilina G s\u00f3dica 4.000.000 U.I.<br \/>\nPenicilina G proca\u00ednica 3.000.000 U.I.<br \/>\nPenicilina G benzat\u00ednica 3.000.000 U.I.<br \/>\nSulfato de kanamicina 5 g<br \/>\nDipirona s\u00f3dica 5 g<br \/>\nCitrato de sodio anhidro 0,08 g<br \/>\nCada frasco con 40 ml de solvente contiene:<br \/>\nAlfaquimotripsina 0,2 g<br \/>\nTripsina 0,03 g<br \/>\nDimetilsulf\u00f3xido (D.M.S.O.) 0,4 g<br \/>\nDexametasona 21 fosfato 0,01 g<br \/>\nClorhidrato de lidoca\u00edna 0,1 g<br \/>\nAgentes de formulaci\u00f3n c.s.<\/p>\n<h5><strong>Indicaciones:<\/strong><\/h5>\n<p>Tratamiento de adenitis equina, leptospirosis, infecciones respiratorias, enteritis, nefritis, t\u00e9tanos, artritis, inflamaciones de pene, infecciones secundarias a virosis, infecciones en heridas, flemones, cistitis, pielonefritis, y osteomielitis.<\/p>\n<h5><strong>Especies animales a las que se destina:<\/strong><\/h5>\n<p>Equinos deportivos.<\/p>\n<h5><strong>Administraci\u00f3n:<\/strong><\/h5>\n<p>V\u00eda intramuscular.<\/p>\n","protected":false},"excerpt":{"rendered":"<p>Caja con 1 frasco de 40 ml de solvente y 1 frasco de 18 g de polvo. Antibi\u00f3tico. Antiinflamatorio. Analg\u00e9sico. Antipir\u00e9tico. F\u00f3rmula: Cada frasco con 18 g de polvo contiene: Penicilina G s\u00f3dica 4.000.000 U.I. Penicilina G proca\u00ednica 3.000.000 U.I. Penicilina G benzat\u00ednica 3.000.000 U.I. Sulfato de kanamicina 5 g Dipirona s\u00f3dica 5 g Citrato &#8230; <a title=\"Trifect FORTE &#8211; Over\" class=\"read-more\" href=\"https:\/\/vetaustral.com.ar\/?product=trifect-forte-over\" aria-label=\"Leer m\u00e1s sobre Trifect FORTE &#8211; Over\">Leer m\u00e1s<\/a><\/p>\n","protected":false},"featured_media":2017,"comment_status":"open","ping_status":"closed","template":"","meta":[],"product_brand":[286],"product_cat":[33,32],"product_tag":[49,53,44,50,54],"class_list":{"0":"post-2016","1":"product","2":"type-product","3":"status-publish","4":"has-post-thumbnail","6":"product_brand-over","7":"product_cat-equinos","8":"product_cat-farmacia","9":"product_tag-analgesico","10":"product_tag-antibiotico","11":"product_tag-antiinflamatorio","12":"product_tag-antipiretico","13":"product_tag-penicilina","14":"sales-flash-overlay","15":"woocommerce-text-align-center","16":"woocommerce-image-align-center","17":"do-quantity-buttons","19":"first","20":"instock","21":"taxable","22":"shipping-taxable","23":"purchasable","24":"product-type-simple"},"jetpack_sharing_enabled":true,"_links":{"self":[{"href":"https:\/\/vetaustral.com.ar\/index.php?rest_route=\/wp\/v2\/product\/2016","targetHints":{"allow":["GET"]}}],"collection":[{"href":"https:\/\/vetaustral.com.ar\/index.php?rest_route=\/wp\/v2\/product"}],"about":[{"href":"https:\/\/vetaustral.com.ar\/index.php?rest_route=\/wp\/v2\/types\/product"}],"replies":[{"embeddable":true,"href":"https:\/\/vetaustral.com.ar\/index.php?rest_route=%2Fwp%2Fv2%2Fcomments&post=2016"}],"wp:featuredmedia":[{"embeddable":true,"href":"https:\/\/vetaustral.com.ar\/index.php?rest_route=\/wp\/v2\/media\/2017"}],"wp:attachment":[{"href":"https:\/\/vetaustral.com.ar\/index.php?rest_route=%2Fwp%2Fv2%2Fmedia&parent=2016"}],"wp:term":[{"taxonomy":"product_brand","embeddable":true,"href":"https:\/\/vetaustral.com.ar\/index.php?rest_route=%2Fwp%2Fv2%2Fproduct_brand&post=2016"},{"taxonomy":"product_cat","embeddable":true,"href":"https:\/\/vetaustral.com.ar\/index.php?rest_route=%2Fwp%2Fv2%2Fproduct_cat&post=2016"},{"taxonomy":"product_tag","embeddable":true,"href":"https:\/\/vetaustral.com.ar\/index.php?rest_route=%2Fwp%2Fv2%2Fproduct_tag&post=2016"}],"curies":[{"name":"wp","href":"https:\/\/api.w.org\/{rel}","templated":true}]}}