{"id":2011,"date":"2026-02-04T15:22:28","date_gmt":"2026-02-04T15:22:28","guid":{"rendered":"https:\/\/vetaustral.com.ar\/?post_type=product&#038;p=2011"},"modified":"2026-02-04T15:22:28","modified_gmt":"2026-02-04T15:22:28","slug":"oxitocina-x-50-ml-over","status":"publish","type":"product","link":"https:\/\/vetaustral.com.ar\/?product=oxitocina-x-50-ml-over","title":{"rendered":"Oxitocina x 50 ml &#8211; Over"},"content":{"rendered":"<p>Contiene 1 frasco ampolla de 50 ml.<\/p>\n<ul>\n<li>Hormonal.<\/li>\n<\/ul>\n<h5><strong>F\u00f3rmula:<\/strong><\/h5>\n<p>Cada 100 ml contiene:<br \/>\nOxitocina sint\u00e9tica 1.000 U.I.<br \/>\nAgentes de formulaci\u00f3n c.s.<\/p>\n<h5><strong>Indicaciones:<\/strong><\/h5>\n<p>Tratamiento de retenci\u00f3n de secundinas, aton\u00eda uterina, debilidad primaria y secundaria de las contracciones uterinas durante el per\u00edodo expulsivo del parto, metritis, hemorragias post parto y agalactia post parto. Coadyuvante en el tratamiento de la mastitis.<\/p>\n<h5><strong>Especies a las que se destina:<\/strong><\/h5>\n<p>Yeguas, vacas, cerdas, ovejas, cabras, perras, gatas y zorras.<\/p>\n<h5><strong>Administraci\u00f3n:<\/strong><\/h5>\n<p>V\u00eda subcut\u00e1nea, intramuscular o endovenosa.<\/p>\n<p>&nbsp;<\/p>\n<p>Over<\/p>\n","protected":false},"excerpt":{"rendered":"<p>Contiene 1 frasco ampolla de 50 ml. Hormonal. F\u00f3rmula: Cada 100 ml contiene: Oxitocina sint\u00e9tica 1.000 U.I. Agentes de formulaci\u00f3n c.s. Indicaciones: Tratamiento de retenci\u00f3n de secundinas, aton\u00eda uterina, debilidad primaria y secundaria de las contracciones uterinas durante el per\u00edodo expulsivo del parto, metritis, hemorragias post parto y agalactia post parto. Coadyuvante en el tratamiento &#8230; <a title=\"Oxitocina x 50 ml &#8211; Over\" class=\"read-more\" href=\"https:\/\/vetaustral.com.ar\/?product=oxitocina-x-50-ml-over\" aria-label=\"Leer m\u00e1s sobre Oxitocina x 50 ml &#8211; Over\">Leer m\u00e1s<\/a><\/p>\n","protected":false},"featured_media":2012,"comment_status":"open","ping_status":"closed","template":"","meta":[],"product_brand":[286],"product_cat":[36,33,32,52],"product_tag":[241],"class_list":{"0":"post-2011","1":"product","2":"type-product","3":"status-publish","4":"has-post-thumbnail","6":"product_brand-over","7":"product_cat-animales-de-compania","8":"product_cat-equinos","9":"product_cat-farmacia","10":"product_cat-grandes-animales","11":"product_tag-hormonal","12":"sales-flash-overlay","13":"woocommerce-text-align-center","14":"woocommerce-image-align-center","15":"do-quantity-buttons","17":"first","18":"instock","19":"taxable","20":"shipping-taxable","21":"purchasable","22":"product-type-simple"},"jetpack_sharing_enabled":true,"_links":{"self":[{"href":"https:\/\/vetaustral.com.ar\/index.php?rest_route=\/wp\/v2\/product\/2011","targetHints":{"allow":["GET"]}}],"collection":[{"href":"https:\/\/vetaustral.com.ar\/index.php?rest_route=\/wp\/v2\/product"}],"about":[{"href":"https:\/\/vetaustral.com.ar\/index.php?rest_route=\/wp\/v2\/types\/product"}],"replies":[{"embeddable":true,"href":"https:\/\/vetaustral.com.ar\/index.php?rest_route=%2Fwp%2Fv2%2Fcomments&post=2011"}],"wp:featuredmedia":[{"embeddable":true,"href":"https:\/\/vetaustral.com.ar\/index.php?rest_route=\/wp\/v2\/media\/2012"}],"wp:attachment":[{"href":"https:\/\/vetaustral.com.ar\/index.php?rest_route=%2Fwp%2Fv2%2Fmedia&parent=2011"}],"wp:term":[{"taxonomy":"product_brand","embeddable":true,"href":"https:\/\/vetaustral.com.ar\/index.php?rest_route=%2Fwp%2Fv2%2Fproduct_brand&post=2011"},{"taxonomy":"product_cat","embeddable":true,"href":"https:\/\/vetaustral.com.ar\/index.php?rest_route=%2Fwp%2Fv2%2Fproduct_cat&post=2011"},{"taxonomy":"product_tag","embeddable":true,"href":"https:\/\/vetaustral.com.ar\/index.php?rest_route=%2Fwp%2Fv2%2Fproduct_tag&post=2011"}],"curies":[{"name":"wp","href":"https:\/\/api.w.org\/{rel}","templated":true}]}}