{"id":2009,"date":"2026-02-04T15:16:43","date_gmt":"2026-02-04T15:16:43","guid":{"rendered":"https:\/\/vetaustral.com.ar\/?post_type=product&#038;p=2009"},"modified":"2026-02-04T15:16:44","modified_gmt":"2026-02-04T15:16:44","slug":"overpen-compuesto-lpu-x-100-ml-over","status":"publish","type":"product","link":"https:\/\/vetaustral.com.ar\/?product=overpen-compuesto-lpu-x-100-ml-over","title":{"rendered":"Overpen compuesto LPU x 100 ml &#8211; Over"},"content":{"rendered":"<p>Contiene 1 frasco ampolla de 100 ml.<\/p>\n<ul>\n<li>Antibi\u00f3tico.<\/li>\n<li>Antiinflamatorio.<\/li>\n<\/ul>\n<h5><strong>F\u00f3rmula:<\/strong><\/h5>\n<p>Cada 100 ml contiene:<br \/>\nPenicilina G proca\u00ednica 10.000.000 U.I.<br \/>\nPenicilina G benzat\u00ednica 10.000.000 U.I.<br \/>\nDihidroestreptomicina sulfato 20 g<br \/>\nMeloxicam 0,6 g<br \/>\nAgentes de formulaci\u00f3n c.s.<\/p>\n<h5><strong>Indicaciones:<\/strong><\/h5>\n<p>Tratamiento de neumon\u00edas bacterianas, metritis, peritonitis, infecciones puerperales, t\u00e9tanos, septicemias, infecciones bacterianas secundarias asociadas a infecciones virales, heridas infectadas e infecciones post operatorias.<\/p>\n<h5><strong>Especies a las que se destina:<\/strong><\/h5>\n<p>Bovinos, equinos deportivos y porcinos.<\/p>\n<h5><strong>Administraci\u00f3n:<\/strong><\/h5>\n<p>V\u00eda intramuscular o subcut\u00e1nea.<\/p>\n<p>&nbsp;<\/p>\n<p>Over<\/p>\n","protected":false},"excerpt":{"rendered":"<p>Contiene 1 frasco ampolla de 100 ml. Antibi\u00f3tico. Antiinflamatorio. F\u00f3rmula: Cada 100 ml contiene: Penicilina G proca\u00ednica 10.000.000 U.I. Penicilina G benzat\u00ednica 10.000.000 U.I. Dihidroestreptomicina sulfato 20 g Meloxicam 0,6 g Agentes de formulaci\u00f3n c.s. Indicaciones: Tratamiento de neumon\u00edas bacterianas, metritis, peritonitis, infecciones puerperales, t\u00e9tanos, septicemias, infecciones bacterianas secundarias asociadas a infecciones virales, heridas infectadas &#8230; <a title=\"Overpen compuesto LPU x 100 ml &#8211; Over\" class=\"read-more\" href=\"https:\/\/vetaustral.com.ar\/?product=overpen-compuesto-lpu-x-100-ml-over\" aria-label=\"Leer m\u00e1s sobre Overpen compuesto LPU x 100 ml &#8211; Over\">Leer m\u00e1s<\/a><\/p>\n","protected":false},"featured_media":2010,"comment_status":"open","ping_status":"closed","template":"","meta":[],"product_brand":[286],"product_cat":[33,32,52],"product_tag":[53,44,54],"class_list":{"0":"post-2009","1":"product","2":"type-product","3":"status-publish","4":"has-post-thumbnail","6":"product_brand-over","7":"product_cat-equinos","8":"product_cat-farmacia","9":"product_cat-grandes-animales","10":"product_tag-antibiotico","11":"product_tag-antiinflamatorio","12":"product_tag-penicilina","13":"sales-flash-overlay","14":"woocommerce-text-align-center","15":"woocommerce-image-align-center","16":"do-quantity-buttons","18":"first","19":"instock","20":"taxable","21":"shipping-taxable","22":"purchasable","23":"product-type-simple"},"jetpack_sharing_enabled":true,"_links":{"self":[{"href":"https:\/\/vetaustral.com.ar\/index.php?rest_route=\/wp\/v2\/product\/2009","targetHints":{"allow":["GET"]}}],"collection":[{"href":"https:\/\/vetaustral.com.ar\/index.php?rest_route=\/wp\/v2\/product"}],"about":[{"href":"https:\/\/vetaustral.com.ar\/index.php?rest_route=\/wp\/v2\/types\/product"}],"replies":[{"embeddable":true,"href":"https:\/\/vetaustral.com.ar\/index.php?rest_route=%2Fwp%2Fv2%2Fcomments&post=2009"}],"wp:featuredmedia":[{"embeddable":true,"href":"https:\/\/vetaustral.com.ar\/index.php?rest_route=\/wp\/v2\/media\/2010"}],"wp:attachment":[{"href":"https:\/\/vetaustral.com.ar\/index.php?rest_route=%2Fwp%2Fv2%2Fmedia&parent=2009"}],"wp:term":[{"taxonomy":"product_brand","embeddable":true,"href":"https:\/\/vetaustral.com.ar\/index.php?rest_route=%2Fwp%2Fv2%2Fproduct_brand&post=2009"},{"taxonomy":"product_cat","embeddable":true,"href":"https:\/\/vetaustral.com.ar\/index.php?rest_route=%2Fwp%2Fv2%2Fproduct_cat&post=2009"},{"taxonomy":"product_tag","embeddable":true,"href":"https:\/\/vetaustral.com.ar\/index.php?rest_route=%2Fwp%2Fv2%2Fproduct_tag&post=2009"}],"curies":[{"name":"wp","href":"https:\/\/api.w.org\/{rel}","templated":true}]}}