{"id":1997,"date":"2026-02-04T13:31:26","date_gmt":"2026-02-04T13:31:26","guid":{"rendered":"https:\/\/vetaustral.com.ar\/?post_type=product&#038;p=1997"},"modified":"2026-02-04T19:39:40","modified_gmt":"2026-02-04T19:39:40","slug":"ceftiofur-lpu-x-100-ml-over","status":"publish","type":"product","link":"https:\/\/vetaustral.com.ar\/?product=ceftiofur-lpu-x-100-ml-over","title":{"rendered":"Ceftiofur LPU x 100 ml &#8211; Over"},"content":{"rendered":"<p>Contiene 1 frasco ampolla de 100 ml.<\/p>\n<ul>\n<li>Antibi\u00f3tico de amplio espectro.<\/li>\n<li>Sin restricci\u00f3n en carne y leche.<\/li>\n<\/ul>\n<h5><strong>F\u00f3rmula:<\/strong><\/h5>\n<p>Cada 100 ml contiene:<br \/>\nCeftiofur clorhidrato 5 g<br \/>\nAgentes de formulaci\u00f3n c.s.<\/p>\n<h5><strong>Indicaciones:<\/strong><\/h5>\n<p><strong>Bovinos:<\/strong>\u00a0Enfermedad respiratoria bovina, infecciones por g\u00e9rmenes susceptibles y piet\u00edn.\u00a0<strong>Porcinos:<\/strong>\u00a0Enfermedad respiratoria porcina.<\/p>\n<h5><strong>Especies a las que se destina:<\/strong><\/h5>\n<p>Bovinos y porcinos.<\/p>\n<h5><strong>Administraci\u00f3n:<\/strong><\/h5>\n<p>V\u00eda intramuscular profunda o subcut\u00e1nea.<\/p>\n<p>&nbsp;<\/p>\n<p>Over<\/p>\n","protected":false},"excerpt":{"rendered":"<p>Contiene 1 frasco ampolla de 100 ml. Antibi\u00f3tico de amplio espectro. Sin restricci\u00f3n en carne y leche. F\u00f3rmula: Cada 100 ml contiene: Ceftiofur clorhidrato 5 g Agentes de formulaci\u00f3n c.s. Indicaciones: Bovinos:\u00a0Enfermedad respiratoria bovina, infecciones por g\u00e9rmenes susceptibles y piet\u00edn.\u00a0Porcinos:\u00a0Enfermedad respiratoria porcina. Especies a las que se destina: Bovinos y porcinos. Administraci\u00f3n: V\u00eda intramuscular profunda &#8230; <a title=\"Ceftiofur LPU x 100 ml &#8211; Over\" class=\"read-more\" href=\"https:\/\/vetaustral.com.ar\/?product=ceftiofur-lpu-x-100-ml-over\" aria-label=\"Leer m\u00e1s sobre Ceftiofur LPU x 100 ml &#8211; Over\">Leer m\u00e1s<\/a><\/p>\n","protected":false},"featured_media":1998,"comment_status":"open","ping_status":"closed","template":"","meta":[],"product_brand":[286],"product_cat":[32,52],"product_tag":[53],"class_list":{"0":"post-1997","1":"product","2":"type-product","3":"status-publish","4":"has-post-thumbnail","6":"product_brand-over","7":"product_cat-farmacia","8":"product_cat-grandes-animales","9":"product_tag-antibiotico","10":"sales-flash-overlay","11":"woocommerce-text-align-center","12":"woocommerce-image-align-center","13":"do-quantity-buttons","15":"first","16":"outofstock","17":"taxable","18":"shipping-taxable","19":"purchasable","20":"product-type-simple"},"jetpack_sharing_enabled":true,"_links":{"self":[{"href":"https:\/\/vetaustral.com.ar\/index.php?rest_route=\/wp\/v2\/product\/1997","targetHints":{"allow":["GET"]}}],"collection":[{"href":"https:\/\/vetaustral.com.ar\/index.php?rest_route=\/wp\/v2\/product"}],"about":[{"href":"https:\/\/vetaustral.com.ar\/index.php?rest_route=\/wp\/v2\/types\/product"}],"replies":[{"embeddable":true,"href":"https:\/\/vetaustral.com.ar\/index.php?rest_route=%2Fwp%2Fv2%2Fcomments&post=1997"}],"wp:featuredmedia":[{"embeddable":true,"href":"https:\/\/vetaustral.com.ar\/index.php?rest_route=\/wp\/v2\/media\/1998"}],"wp:attachment":[{"href":"https:\/\/vetaustral.com.ar\/index.php?rest_route=%2Fwp%2Fv2%2Fmedia&parent=1997"}],"wp:term":[{"taxonomy":"product_brand","embeddable":true,"href":"https:\/\/vetaustral.com.ar\/index.php?rest_route=%2Fwp%2Fv2%2Fproduct_brand&post=1997"},{"taxonomy":"product_cat","embeddable":true,"href":"https:\/\/vetaustral.com.ar\/index.php?rest_route=%2Fwp%2Fv2%2Fproduct_cat&post=1997"},{"taxonomy":"product_tag","embeddable":true,"href":"https:\/\/vetaustral.com.ar\/index.php?rest_route=%2Fwp%2Fv2%2Fproduct_tag&post=1997"}],"curies":[{"name":"wp","href":"https:\/\/api.w.org\/{rel}","templated":true}]}}