{"id":1991,"date":"2026-02-03T23:24:02","date_gmt":"2026-02-03T23:24:02","guid":{"rendered":"https:\/\/vetaustral.com.ar\/?post_type=product&#038;p=1991"},"modified":"2026-02-03T23:24:02","modified_gmt":"2026-02-03T23:24:02","slug":"terramicina-sol-x-50-ml-zoetis","status":"publish","type":"product","link":"https:\/\/vetaustral.com.ar\/?product=terramicina-sol-x-50-ml-zoetis","title":{"rendered":"Terramicina sol. x 50 ml &#8211; Zoetis"},"content":{"rendered":"<p>Contiene 1 frasco ampolla de 50 ml.<\/p>\n<ul>\n<li>Soluci\u00f3n de Clorhidrato de Oxitetraciclina en Propilenglicol, perfectamente est\u00e9ril y estable, lista para usar.<\/li>\n<li>Terramicina es la marca de f\u00e1brica para la Oxitetraciclina, un antibi\u00f3tico de amplio espectro, eficaz contra bacterias, Mycoplasmas y protozoos de importancia en Medicina veterinaria.<\/li>\n<li>La Oxitetraciclina se absorbe perfectamente por v\u00eda parenteral y oral,alcanzando altos niveles de antibi\u00f3tico en los tejidos.<\/li>\n<\/ul>\n<h5><strong>Composici\u00f3n:<\/strong><\/h5>\n<p>Oxitetraciclina: 5 g.<br \/>\nExcipientes c.s.p.: 100 ml.<\/p>\n<h5><strong>Indicaciones:<\/strong><\/h5>\n<p><strong>Vacunos:<\/strong>\u00a0Carbunclo Bacteridiano, Carbunclo Sintom\u00e1tico (Mancha de los terneros), Septicemia Hemorr\u00e1gica, Fiebre de Transporte, Neumonoenteritis, mastitis (Septic\u00e9mica aguda), Leptospirosis, Actinomicosis, Actinobacilosis, Piet\u00edn, Anaplasmosis, metritis y en general infecciones no espec\u00edficas como neumon\u00edas, bronquitis, pleures\u00eda, pericarditis traum\u00e1tica, peritonitis, infecciones g\u00e9nito urinarias y como tratamiento pre y post operatorio. Lanares: Carbunclo bacteridiano, fases iniciales del Carbunclo Sintom\u00e1tico (Mancha), Neumon\u00eda Infecciosa, Enterotoxemia y en general, en todas las infecciones no espec\u00edficas causadas por g\u00e9rmenes sensibles a la Terramicina.<br \/>\n<strong>Equinos:<\/strong>\u00a0Carbunclo Bacteridiano, Adenitis Equina, neumon\u00eda, bronquitis, pleures\u00eda y, en general, en todas las infecciones no espec\u00edficas causadas por g\u00e9rmenes sensibles a la Terramicina.<br \/>\n<strong>Porcinos:<\/strong>\u00a0Neumon\u00eda, Paratifosis, metritis, septicemias, complicaciones bacterianas de enfermedades producidas por virus.<br \/>\n<strong>Perros y Gatos:<\/strong>\u00a0Neumon\u00eda, bronquitis, pleures\u00eda, peritonitis, complicaciones bacterianas del Distemper (Moquillo) y, en general, en todas las infecciones no espec\u00edficas causadas por g\u00e9rmenes sensibles a la Terramicina.<br \/>\n<strong>Conejos:<\/strong>\u00a0Coriza, Pasteurelosis, mamitis, neumon\u00eda y, en general, en todas las enfermedades infecciosas no espec\u00edficas, causadas por g\u00e9rmenes sensibles a la Terramicina.<br \/>\n<strong>Aves:<\/strong>\u00a0Enfermedad Cr\u00f3nica Respiratoria, Coriza infecciosa (Moquillo), C\u00f3lera, Tifus, Espiroquetosis, Sinusitis Infecciosa y complicaciones bacterianas de enfermedades v\u00edricas.<\/p>\n<p>Zoetis<\/p>\n<p>&nbsp;<\/p>\n","protected":false},"excerpt":{"rendered":"<p>Contiene 1 frasco ampolla de 50 ml. Soluci\u00f3n de Clorhidrato de Oxitetraciclina en Propilenglicol, perfectamente est\u00e9ril y estable, lista para usar. Terramicina es la marca de f\u00e1brica para la Oxitetraciclina, un antibi\u00f3tico de amplio espectro, eficaz contra bacterias, Mycoplasmas y protozoos de importancia en Medicina veterinaria. La Oxitetraciclina se absorbe perfectamente por v\u00eda parenteral y &#8230; <a title=\"Terramicina sol. x 50 ml &#8211; Zoetis\" class=\"read-more\" href=\"https:\/\/vetaustral.com.ar\/?product=terramicina-sol-x-50-ml-zoetis\" aria-label=\"Leer m\u00e1s sobre Terramicina sol. x 50 ml &#8211; Zoetis\">Leer m\u00e1s<\/a><\/p>\n","protected":false},"featured_media":1992,"comment_status":"open","ping_status":"closed","template":"","meta":[],"product_brand":[284],"product_cat":[36,33,32,52],"product_tag":[53],"class_list":{"0":"post-1991","1":"product","2":"type-product","3":"status-publish","4":"has-post-thumbnail","6":"product_brand-zoetis","7":"product_cat-animales-de-compania","8":"product_cat-equinos","9":"product_cat-farmacia","10":"product_cat-grandes-animales","11":"product_tag-antibiotico","12":"sales-flash-overlay","13":"woocommerce-text-align-center","14":"woocommerce-image-align-center","15":"do-quantity-buttons","17":"first","18":"instock","19":"taxable","20":"shipping-taxable","21":"purchasable","22":"product-type-simple"},"jetpack_sharing_enabled":true,"_links":{"self":[{"href":"https:\/\/vetaustral.com.ar\/index.php?rest_route=\/wp\/v2\/product\/1991","targetHints":{"allow":["GET"]}}],"collection":[{"href":"https:\/\/vetaustral.com.ar\/index.php?rest_route=\/wp\/v2\/product"}],"about":[{"href":"https:\/\/vetaustral.com.ar\/index.php?rest_route=\/wp\/v2\/types\/product"}],"replies":[{"embeddable":true,"href":"https:\/\/vetaustral.com.ar\/index.php?rest_route=%2Fwp%2Fv2%2Fcomments&post=1991"}],"wp:featuredmedia":[{"embeddable":true,"href":"https:\/\/vetaustral.com.ar\/index.php?rest_route=\/wp\/v2\/media\/1992"}],"wp:attachment":[{"href":"https:\/\/vetaustral.com.ar\/index.php?rest_route=%2Fwp%2Fv2%2Fmedia&parent=1991"}],"wp:term":[{"taxonomy":"product_brand","embeddable":true,"href":"https:\/\/vetaustral.com.ar\/index.php?rest_route=%2Fwp%2Fv2%2Fproduct_brand&post=1991"},{"taxonomy":"product_cat","embeddable":true,"href":"https:\/\/vetaustral.com.ar\/index.php?rest_route=%2Fwp%2Fv2%2Fproduct_cat&post=1991"},{"taxonomy":"product_tag","embeddable":true,"href":"https:\/\/vetaustral.com.ar\/index.php?rest_route=%2Fwp%2Fv2%2Fproduct_tag&post=1991"}],"curies":[{"name":"wp","href":"https:\/\/api.w.org\/{rel}","templated":true}]}}