{"id":1989,"date":"2026-02-03T23:18:41","date_gmt":"2026-02-03T23:18:41","guid":{"rendered":"https:\/\/vetaustral.com.ar\/?post_type=product&#038;p=1989"},"modified":"2026-03-06T20:22:30","modified_gmt":"2026-03-06T20:22:30","slug":"simparica-de-40-a-60-kg-zoetis","status":"publish","type":"product","link":"https:\/\/vetaustral.com.ar\/?product=simparica-de-40-a-60-kg-zoetis","title":{"rendered":"Simparica de 40 a 60 kg \u2013 Zoetis"},"content":{"rendered":"<p>Contiene 1 comprimido masticable de 120 mg de <strong>Sarolaner<\/strong>.<\/p>\n<p><strong>SIMPARICA\u00ae<\/strong>\u00a0ofrece una nueva e innovadora forma de controlar las pulgas y las garrapatas al proporcionar actividad inmediata y persistente durante al menos\u00a0<strong>35 d\u00edas<\/strong>, actuando m\u00e1s all\u00e1 del per\u00edodo de tratamiento mensual.<\/p>\n<p>Indicado para el tratamiento y prevenci\u00f3n de infestaciones por pulgas y garrapatas.<\/p>\n<p>Indicado para el tratamiento y prevenci\u00f3n de la Sarna Sarc\u00f3ptica, Sarna Demod\u00e9ctica Sarna Otod\u00e9rmica.<\/p>\n<p>Se puede dar en cachorros de 8 semanas de edad que pesen mas de 1,3 kg.<\/p>\n<p>Zoetis<\/p>\n","protected":false},"excerpt":{"rendered":"<p>Contiene 1 comprimido masticable de 120 mg de Sarolaner. SIMPARICA\u00ae\u00a0ofrece una nueva e innovadora forma de controlar las pulgas y las garrapatas al proporcionar actividad inmediata y persistente durante al menos\u00a035 d\u00edas, actuando m\u00e1s all\u00e1 del per\u00edodo de tratamiento mensual. Indicado para el tratamiento y prevenci\u00f3n de infestaciones por pulgas y garrapatas. Indicado para el &#8230; <a title=\"Simparica de 40 a 60 kg \u2013 Zoetis\" class=\"read-more\" href=\"https:\/\/vetaustral.com.ar\/?product=simparica-de-40-a-60-kg-zoetis\" aria-label=\"Leer m\u00e1s sobre Simparica de 40 a 60 kg \u2013 Zoetis\">Leer m\u00e1s<\/a><\/p>\n","protected":false},"featured_media":1990,"comment_status":"open","ping_status":"closed","template":"","meta":[],"product_brand":[284],"product_cat":[36,32],"product_tag":[65,66,70,68,307,69],"class_list":{"0":"post-1989","1":"product","2":"type-product","3":"status-publish","4":"has-post-thumbnail","6":"product_brand-zoetis","7":"product_cat-animales-de-compania","8":"product_cat-farmacia","9":"product_tag-antiparasitario-externo","10":"product_tag-antisarnico","11":"product_tag-garrapaticida","12":"product_tag-masticable","13":"product_tag-pastillas-para-pulgas-y-garrapatas","14":"product_tag-pulguicida","15":"sales-flash-overlay","16":"woocommerce-text-align-center","17":"woocommerce-image-align-center","18":"do-quantity-buttons","20":"first","21":"instock","22":"taxable","23":"shipping-taxable","24":"purchasable","25":"product-type-simple"},"jetpack_sharing_enabled":true,"_links":{"self":[{"href":"https:\/\/vetaustral.com.ar\/index.php?rest_route=\/wp\/v2\/product\/1989","targetHints":{"allow":["GET"]}}],"collection":[{"href":"https:\/\/vetaustral.com.ar\/index.php?rest_route=\/wp\/v2\/product"}],"about":[{"href":"https:\/\/vetaustral.com.ar\/index.php?rest_route=\/wp\/v2\/types\/product"}],"replies":[{"embeddable":true,"href":"https:\/\/vetaustral.com.ar\/index.php?rest_route=%2Fwp%2Fv2%2Fcomments&post=1989"}],"wp:featuredmedia":[{"embeddable":true,"href":"https:\/\/vetaustral.com.ar\/index.php?rest_route=\/wp\/v2\/media\/1990"}],"wp:attachment":[{"href":"https:\/\/vetaustral.com.ar\/index.php?rest_route=%2Fwp%2Fv2%2Fmedia&parent=1989"}],"wp:term":[{"taxonomy":"product_brand","embeddable":true,"href":"https:\/\/vetaustral.com.ar\/index.php?rest_route=%2Fwp%2Fv2%2Fproduct_brand&post=1989"},{"taxonomy":"product_cat","embeddable":true,"href":"https:\/\/vetaustral.com.ar\/index.php?rest_route=%2Fwp%2Fv2%2Fproduct_cat&post=1989"},{"taxonomy":"product_tag","embeddable":true,"href":"https:\/\/vetaustral.com.ar\/index.php?rest_route=%2Fwp%2Fv2%2Fproduct_tag&post=1989"}],"curies":[{"name":"wp","href":"https:\/\/api.w.org\/{rel}","templated":true}]}}