{"id":1975,"date":"2026-02-03T22:26:43","date_gmt":"2026-02-03T22:26:43","guid":{"rendered":"https:\/\/vetaustral.com.ar\/?post_type=product&#038;p=1975"},"modified":"2026-03-09T14:50:10","modified_gmt":"2026-03-09T14:50:10","slug":"apoquel-54-mg-x-20-comp-zoetis","status":"publish","type":"product","link":"https:\/\/vetaustral.com.ar\/?product=apoquel-54-mg-x-20-comp-zoetis","title":{"rendered":"Apoquel 5,4 mg x 20 comp. \u2013 Zoetis"},"content":{"rendered":"<p>Contiene 2 blisters de 10 comprimidos.<\/p>\n<ul>\n<li>Un tratamiento de acci\u00f3n r\u00e1pida, segura e innovadora.<\/li>\n<li>Tratamiento del prurito relacionado con dermatitis al\u00e9rgica en perros.<\/li>\n<li>Tratamiento de las manifestaciones cl\u00ednicas de la dermatitis at\u00f3pica en perros de al menos 12 meses.<\/li>\n<\/ul>\n<h5><strong>COMPOSICI\u00d3N:<\/strong><\/h5>\n<p>CADA COMPRIMIDO CONTIENE:<br \/>\nApoquel 5,4 mg: 5,4 mg oclacitinib\/comprimido.<\/p>\n<p>Oclacitinib es un inhibidor selectivo de las enzimas Janus quinasa (JAK).<br \/>\nPuede inhibir la funci\u00f3n de varias citoquinas dependientes de la actividad enzim\u00e1tica JAK. Para Oclacitinib, las citoquinas diana son aquellas citoquinas pro-inflamatorias o que tienen una funci\u00f3n en la respuesta al\u00e9rgica\/prurito.<\/p>\n<h5><strong>ACERCA DE APOQUEL<\/strong><\/h5>\n<div>\u2022 Brinda un inicio del alivio en 4 horas sin muchos de los efectos secundarios com\u00fanmente asociados con corticoesteroides.<\/div>\n<div><\/div>\n<div>\u2022 Dirigido de manera \u00fanica para\u00a0reducir el prurito con un m\u00ednimo impacto negativo en la funci\u00f3n inmune.<\/div>\n<div><\/div>\n<div>\u2022 Seguro a corto y largo plazo y puede ser usado con muchos medicamentos comunes.<\/div>\n<div><\/div>\n<div>\u2022 Permite diagnosticar la causa subyacente y mejorar la calidad de vida del perro y su propietario.<\/div>\n<div><\/div>\n<div>Zoetis<\/div>\n","protected":false},"excerpt":{"rendered":"<p>Contiene 2 blisters de 10 comprimidos. Un tratamiento de acci\u00f3n r\u00e1pida, segura e innovadora. Tratamiento del prurito relacionado con dermatitis al\u00e9rgica en perros. Tratamiento de las manifestaciones cl\u00ednicas de la dermatitis at\u00f3pica en perros de al menos 12 meses. COMPOSICI\u00d3N: CADA COMPRIMIDO CONTIENE: Apoquel 5,4 mg: 5,4 mg oclacitinib\/comprimido. Oclacitinib es un inhibidor selectivo de &#8230; <a title=\"Apoquel 5,4 mg x 20 comp. \u2013 Zoetis\" class=\"read-more\" href=\"https:\/\/vetaustral.com.ar\/?product=apoquel-54-mg-x-20-comp-zoetis\" aria-label=\"Leer m\u00e1s sobre Apoquel 5,4 mg x 20 comp. \u2013 Zoetis\">Leer m\u00e1s<\/a><\/p>\n","protected":false},"featured_media":1976,"comment_status":"open","ping_status":"closed","template":"","meta":[],"product_brand":[284],"product_cat":[36,32],"product_tag":[75,51,285],"class_list":{"0":"post-1975","1":"product","2":"type-product","3":"status-publish","4":"has-post-thumbnail","6":"product_brand-zoetis","7":"product_cat-animales-de-compania","8":"product_cat-farmacia","9":"product_tag-antialergico","10":"product_tag-no-esteroide","11":"product_tag-tratamiento-alternativo-al-corticoide","12":"sales-flash-overlay","13":"woocommerce-text-align-center","14":"woocommerce-image-align-center","15":"do-quantity-buttons","17":"first","18":"instock","19":"taxable","20":"shipping-taxable","21":"purchasable","22":"product-type-simple"},"jetpack_sharing_enabled":true,"_links":{"self":[{"href":"https:\/\/vetaustral.com.ar\/index.php?rest_route=\/wp\/v2\/product\/1975","targetHints":{"allow":["GET"]}}],"collection":[{"href":"https:\/\/vetaustral.com.ar\/index.php?rest_route=\/wp\/v2\/product"}],"about":[{"href":"https:\/\/vetaustral.com.ar\/index.php?rest_route=\/wp\/v2\/types\/product"}],"replies":[{"embeddable":true,"href":"https:\/\/vetaustral.com.ar\/index.php?rest_route=%2Fwp%2Fv2%2Fcomments&post=1975"}],"wp:featuredmedia":[{"embeddable":true,"href":"https:\/\/vetaustral.com.ar\/index.php?rest_route=\/wp\/v2\/media\/1976"}],"wp:attachment":[{"href":"https:\/\/vetaustral.com.ar\/index.php?rest_route=%2Fwp%2Fv2%2Fmedia&parent=1975"}],"wp:term":[{"taxonomy":"product_brand","embeddable":true,"href":"https:\/\/vetaustral.com.ar\/index.php?rest_route=%2Fwp%2Fv2%2Fproduct_brand&post=1975"},{"taxonomy":"product_cat","embeddable":true,"href":"https:\/\/vetaustral.com.ar\/index.php?rest_route=%2Fwp%2Fv2%2Fproduct_cat&post=1975"},{"taxonomy":"product_tag","embeddable":true,"href":"https:\/\/vetaustral.com.ar\/index.php?rest_route=%2Fwp%2Fv2%2Fproduct_tag&post=1975"}],"curies":[{"name":"wp","href":"https:\/\/api.w.org\/{rel}","templated":true}]}}