{"id":1940,"date":"2026-01-16T20:44:36","date_gmt":"2026-01-16T20:44:36","guid":{"rendered":"https:\/\/vetaustral.com.ar\/?post_type=product&#038;p=1940"},"modified":"2026-01-16T20:44:36","modified_gmt":"2026-01-16T20:44:36","slug":"shampoo-potenciado-plus-x-250-ml-osspret","status":"publish","type":"product","link":"https:\/\/vetaustral.com.ar\/?product=shampoo-potenciado-plus-x-250-ml-osspret","title":{"rendered":"Shampoo potenciado plus x 250 ml &#8211; Osspret"},"content":{"rendered":"<p>Contiene 1 envase de 250 ml.<\/p>\n<ul>\n<li>Antiseborreico azufrado.<\/li>\n<li>Dermatitis y dermatosis h\u00famedas.<\/li>\n<\/ul>\n<p><strong>Componentes: <\/strong><\/p>\n<p>Base de lavado fuerte.<\/p>\n<p>Alquitr\u00e1n vegetal 0,15%, \u00c1cido Salic\u00edlico 0,20% y Azufre 1.5%<\/p>\n<div class=\"layout-element layout-element--layout layout-element transition transition--slide\" data-v-862b8f16=\"\" data-qa=\"layout-element-wrapper:zqtteh\" data-animation-state=\"active\">\n<div id=\"zqtteh\" class=\"text-box layout-element__component layout-element__component--GridTextBox\" data-v-862b8f16=\"\" data-qa=\"gridtextbox:zqtteh\">\n<h6 dir=\"auto\"><strong>Descripci\u00f3n<\/strong><\/h6>\n<\/div>\n<\/div>\n<div class=\"layout-element layout-element--layout layout-element transition transition--slide\" data-v-862b8f16=\"\" data-qa=\"layout-element-wrapper:zdq8ia\" data-animation-state=\"active\">\n<div id=\"zdq8Ia\" class=\"text-box layout-element__component layout-element__component--GridTextBox\" data-v-862b8f16=\"\" data-qa=\"gridtextbox:zdq8ia\">\n<p class=\"body\" dir=\"auto\">Higiene general, antis\u00e9ptico, astringente, antieczem\u00e1tico, queratol\u00edtico.<\/p>\n<\/div>\n<\/div>\n<div class=\"layout-element layout-element--layout layout-element transition transition--slide\" data-v-862b8f16=\"\" data-qa=\"layout-element-wrapper:ztnzor\" data-animation-state=\"active\">\n<div id=\"ztNzOr\" class=\"text-box layout-element__component layout-element__component--GridTextBox\" data-v-862b8f16=\"\" data-qa=\"gridtextbox:ztnzor\">\n<h6 dir=\"auto\"><strong>Indicado para:<\/strong> caninos y felinos.<\/h6>\n<\/div>\n<\/div>\n<p>&nbsp;<\/p>\n<p>Osspret<\/p>\n","protected":false},"excerpt":{"rendered":"<p>Contiene 1 envase de 250 ml. Antiseborreico azufrado. Dermatitis y dermatosis h\u00famedas. Componentes: Base de lavado fuerte. Alquitr\u00e1n vegetal 0,15%, \u00c1cido Salic\u00edlico 0,20% y Azufre 1.5% Descripci\u00f3n Higiene general, antis\u00e9ptico, astringente, antieczem\u00e1tico, queratol\u00edtico. Indicado para: caninos y felinos. &nbsp; Osspret<\/p>\n","protected":false},"featured_media":1941,"comment_status":"open","ping_status":"closed","template":"","meta":[],"product_brand":[272],"product_cat":[36,32],"product_tag":[155,151],"class_list":{"0":"post-1940","1":"product","2":"type-product","3":"status-publish","4":"has-post-thumbnail","6":"product_brand-osspret","7":"product_cat-animales-de-compania","8":"product_cat-farmacia","9":"product_tag-antiseborreico","10":"product_tag-shampoo","11":"sales-flash-overlay","12":"woocommerce-text-align-center","13":"woocommerce-image-align-center","14":"do-quantity-buttons","16":"first","17":"instock","18":"taxable","19":"shipping-taxable","20":"purchasable","21":"product-type-simple"},"jetpack_sharing_enabled":true,"_links":{"self":[{"href":"https:\/\/vetaustral.com.ar\/index.php?rest_route=\/wp\/v2\/product\/1940","targetHints":{"allow":["GET"]}}],"collection":[{"href":"https:\/\/vetaustral.com.ar\/index.php?rest_route=\/wp\/v2\/product"}],"about":[{"href":"https:\/\/vetaustral.com.ar\/index.php?rest_route=\/wp\/v2\/types\/product"}],"replies":[{"embeddable":true,"href":"https:\/\/vetaustral.com.ar\/index.php?rest_route=%2Fwp%2Fv2%2Fcomments&post=1940"}],"wp:featuredmedia":[{"embeddable":true,"href":"https:\/\/vetaustral.com.ar\/index.php?rest_route=\/wp\/v2\/media\/1941"}],"wp:attachment":[{"href":"https:\/\/vetaustral.com.ar\/index.php?rest_route=%2Fwp%2Fv2%2Fmedia&parent=1940"}],"wp:term":[{"taxonomy":"product_brand","embeddable":true,"href":"https:\/\/vetaustral.com.ar\/index.php?rest_route=%2Fwp%2Fv2%2Fproduct_brand&post=1940"},{"taxonomy":"product_cat","embeddable":true,"href":"https:\/\/vetaustral.com.ar\/index.php?rest_route=%2Fwp%2Fv2%2Fproduct_cat&post=1940"},{"taxonomy":"product_tag","embeddable":true,"href":"https:\/\/vetaustral.com.ar\/index.php?rest_route=%2Fwp%2Fv2%2Fproduct_tag&post=1940"}],"curies":[{"name":"wp","href":"https:\/\/api.w.org\/{rel}","templated":true}]}}